{"id":2,"date":"2012-12-28T11:32:07","date_gmt":"2012-12-28T11:32:07","guid":{"rendered":"https:\/\/blog.edu.turku.fi\/turunklassillinenlukio\/?page_id=2"},"modified":"2017-06-06T13:01:38","modified_gmt":"2017-06-06T10:01:38","slug":"esittely","status":"publish","type":"page","link":"https:\/\/blog.edu.turku.fi\/turunklassillinenlukio\/ilmaisua\/esittely\/","title":{"rendered":"Ilmaisu"},"content":{"rendered":"<p><img loading=\"lazy\" decoding=\"async\" class=\"alignleft size-thumbnail wp-image-5\" src=\"https:\/\/blog.edu.turku.fi\/turunklassillinenlukio\/files\/2012\/12\/DSC_0281-150x150.jpg\" alt=\"DSC_0281\" width=\"150\" height=\"150\" \/><\/p>\n<p>Turun klassillinen\u00a0lukio on yksi Suomen kolmesta ilmaisutaidonlukiosta.\u00a0Alunperin Juhana Herttuan lukio sai\u00a0taideviestinn\u00e4n (nyk. ilmaisun)\u00a0erityisteht\u00e4v\u00e4n vuonna 1995, mutta erikoistuminen teatteriin ja mediaan alkoi jo 1990-luvun alussa. Erityislukiostatus siirtyi Juhana Herttuan lukion ja Turun Klassikon lukion yhdistyess\u00e4 elokuussa 2013 uuteen Turun klassilliseen lukioon.<\/p>\n<p><strong>Ilmaisun opiskelu<\/strong><\/p>\n<p>Erityiskurssien opiskelijat saavat opiskella teatterin ja median perus- ja jatkokursseja. Kursseja tarjotaan vuodesta riippuen 35-40. Erityislinjan oppim\u00e4\u00e4r\u00e4 on 12 kurssia, joista viimeisell\u00e4 n\u00e4ytet\u00e4\u00e4n osaaminen teatteritaiteen, median tai kuvataiteen alueella suorittamalla valtakunnallinen lukiodiplomi. Koko oppim\u00e4\u00e4r\u00e4n suorittaneet opiskelijat voivat j\u00e4tt\u00e4\u00e4 opiskeluohjelmastaan pois kahdeksan pakollista kurssia. Kirjoitettavissa aineissa on kuitenkin kaikkien pakollisten kurssien oltava suoritettuina.<\/p>\n<p>Opintojen tavoitteena on, ett\u00e4 opiskelijan ilmaisu ja viestint\u00e4valmiudet kehittyv\u00e4t. Taiteen avulla kasvaminen on my\u00f6s t\u00e4rke\u00e4\u00e4. Opintojen lopuksi opiskelijamme haluavat yleens\u00e4 n\u00e4ytt\u00e4\u00e4 osaamisensa taideaineissa lukiodiplomity\u00f6ll\u00e4.<\/p>\n<p>Erityislinjan oppim\u00e4\u00e4r\u00e4 on 12 soveltavaa kurssia, jotka jakautuvat teatterin ja median peruskursseihin ja n\u00e4iden yhteisiin jatkokursseihin. Koko oppim\u00e4\u00e4r\u00e4n suorittaneet opiskelijat voivat valtioneuvoston p\u00e4\u00e4t\u00f6ksell\u00e4 j\u00e4tt\u00e4\u00e4 opiskeluohjelmastaan pois kahdeksan (8) pakollista kurssia, mit\u00e4 ei kuitenkaan suositella laajan yleissivistyksen ja yo-tutkinnossa onnistumisen saavuttamiseksi. Ylioppilaskirjoituksissa kirjoitettavissa aineissa on kaikki pakolliset kurssit oltava suoritettuna.<\/p>\n","protected":false},"excerpt":{"rendered":"<p>Turun klassillinen\u00a0lukio on yksi Suomen kolmesta ilmaisutaidonlukiosta.\u00a0Alunperin Juhana Herttuan lukio sai\u00a0taideviestinn\u00e4n (nyk. ilmaisun)\u00a0erityisteht\u00e4v\u00e4n vuonna 1995, mutta erikoistuminen teatteriin ja mediaan alkoi jo 1990-luvun alussa. Erityislukiostatus siirtyi Juhana Herttuan lukion ja Turun Klassikon lukion yhdistyess\u00e4 elokuussa 2013 uuteen Turun klassilliseen lukioon. &hellip; <a href=\"https:\/\/blog.edu.turku.fi\/turunklassillinenlukio\/ilmaisua\/esittely\/\">Lue loppuun <span class=\"meta-nav\">&rarr;<\/span><\/a><\/p>\n","protected":false},"author":98,"featured_media":0,"parent":254,"menu_order":1,"comment_status":"closed","ping_status":"closed","template":"","meta":{"footnotes":""},"class_list":["post-2","page","type-page","status-publish","hentry"],"_links":{"self":[{"href":"https:\/\/blog.edu.turku.fi\/turunklassillinenlukio\/wp-json\/wp\/v2\/pages\/2","targetHints":{"allow":["GET"]}}],"collection":[{"href":"https:\/\/blog.edu.turku.fi\/turunklassillinenlukio\/wp-json\/wp\/v2\/pages"}],"about":[{"href":"https:\/\/blog.edu.turku.fi\/turunklassillinenlukio\/wp-json\/wp\/v2\/types\/page"}],"author":[{"embeddable":true,"href":"https:\/\/blog.edu.turku.fi\/turunklassillinenlukio\/wp-json\/wp\/v2\/users\/98"}],"replies":[{"embeddable":true,"href":"https:\/\/blog.edu.turku.fi\/turunklassillinenlukio\/wp-json\/wp\/v2\/comments?post=2"}],"version-history":[{"count":13,"href":"https:\/\/blog.edu.turku.fi\/turunklassillinenlukio\/wp-json\/wp\/v2\/pages\/2\/revisions"}],"predecessor-version":[{"id":3160,"href":"https:\/\/blog.edu.turku.fi\/turunklassillinenlukio\/wp-json\/wp\/v2\/pages\/2\/revisions\/3160"}],"up":[{"embeddable":true,"href":"https:\/\/blog.edu.turku.fi\/turunklassillinenlukio\/wp-json\/wp\/v2\/pages\/254"}],"wp:attachment":[{"href":"https:\/\/blog.edu.turku.fi\/turunklassillinenlukio\/wp-json\/wp\/v2\/media?parent=2"}],"curies":[{"name":"wp","href":"https:\/\/api.w.org\/{rel}","templated":true}]}}