{"id":19,"date":"2013-01-07T13:39:43","date_gmt":"2013-01-07T11:39:43","guid":{"rendered":"https:\/\/blog.edu.turku.fi\/turunklassillinenlukio\/?page_id=19"},"modified":"2017-11-22T12:33:35","modified_gmt":"2017-11-22T10:33:35","slug":"opiskelu","status":"publish","type":"page","link":"https:\/\/blog.edu.turku.fi\/turunklassillinenlukio\/opiskelu\/","title":{"rendered":"OPS, s\u00e4\u00e4nt\u00f6j\u00e4 ja ohjeita"},"content":{"rendered":"<ul>\n<li><a href=\"https:\/\/blog.edu.turku.fi\/turunklassillinenlukio\/opiskelu\/opetussuunnitelma\/\">Opetussuunnitelmat<\/a><\/li>\n<li><a href=\"https:\/\/blog.edu.turku.fi\/turunklassillinenlukio\/opiskelu\/jarjestyssaannot\/\">S\u00e4\u00e4nn\u00f6t ja toimintakulttuuri<\/a><\/li>\n<li><a href=\"https:\/\/blog.edu.turku.fi\/turunklassillinenlukio\/opiskelu\/opiskelijoiden-lokerikot\/\"> Opiskelijoiden lokerikot<\/a><\/li>\n<li><a href=\"https:\/\/blog.edu.turku.fi\/turunklassillinenlukio\/opiskelu\/valipala\/\">V\u00e4lipala<\/a><\/li>\n<\/ul>\n","protected":false},"excerpt":{"rendered":"<p>Opetussuunnitelmat S\u00e4\u00e4nn\u00f6t ja toimintakulttuuri Opiskelijoiden lokerikot V\u00e4lipala<\/p>\n","protected":false},"author":98,"featured_media":0,"parent":0,"menu_order":8,"comment_status":"closed","ping_status":"closed","template":"","meta":{"footnotes":""},"class_list":["post-19","page","type-page","status-publish","hentry"],"_links":{"self":[{"href":"https:\/\/blog.edu.turku.fi\/turunklassillinenlukio\/wp-json\/wp\/v2\/pages\/19","targetHints":{"allow":["GET"]}}],"collection":[{"href":"https:\/\/blog.edu.turku.fi\/turunklassillinenlukio\/wp-json\/wp\/v2\/pages"}],"about":[{"href":"https:\/\/blog.edu.turku.fi\/turunklassillinenlukio\/wp-json\/wp\/v2\/types\/page"}],"author":[{"embeddable":true,"href":"https:\/\/blog.edu.turku.fi\/turunklassillinenlukio\/wp-json\/wp\/v2\/users\/98"}],"replies":[{"embeddable":true,"href":"https:\/\/blog.edu.turku.fi\/turunklassillinenlukio\/wp-json\/wp\/v2\/comments?post=19"}],"version-history":[{"count":11,"href":"https:\/\/blog.edu.turku.fi\/turunklassillinenlukio\/wp-json\/wp\/v2\/pages\/19\/revisions"}],"predecessor-version":[{"id":3356,"href":"https:\/\/blog.edu.turku.fi\/turunklassillinenlukio\/wp-json\/wp\/v2\/pages\/19\/revisions\/3356"}],"wp:attachment":[{"href":"https:\/\/blog.edu.turku.fi\/turunklassillinenlukio\/wp-json\/wp\/v2\/media?parent=19"}],"curies":[{"name":"wp","href":"https:\/\/api.w.org\/{rel}","templated":true}]}}