{"id":1852,"date":"2014-12-17T16:24:47","date_gmt":"2014-12-17T14:24:47","guid":{"rendered":"https:\/\/blog.edu.turku.fi\/turunklassillinenlukio\/?page_id=1852"},"modified":"2019-06-10T14:14:29","modified_gmt":"2019-06-10T11:14:29","slug":"kiss-my-turku","status":"publish","type":"page","link":"https:\/\/blog.edu.turku.fi\/turunklassillinenlukio\/tapahtumat\/tapahtumia-lukuvuodelta-2014-2015\/kiss-my-turku\/","title":{"rendered":"Kiss My Turku -mainosvideo 16.12.2014"},"content":{"rendered":"<p>Turku Touringin virallinen <a href=\"https:\/\/www.youtube.com\/watch?v=Kn92vOeKz2o\">Kiss my Turku -mainosvideo<\/a>, jonka teki Turun klassillisen lukion mediaryhm\u00e4, julkistettiin 16.12.2014 Forum Marinumissa! Videoprojektin veti Mattus Alsi. Suurkitos kaikille projektissa ty\u00f6skennelleille: ohjaajalle, kuvaaja-leikkaajille, apulaisohjaajille, n\u00e4yttelij\u00f6ille ja kaikille mukana olleille. Puolalanm\u00e4en lukion opiskelijat vastasivat s\u00e4vellyksest\u00e4 ja musiikkiesityksest\u00e4. Laulun sanat ovat per\u00e4isin palvelujohtaja Mika Helvan kyn\u00e4st\u00e4.<\/p>\n<p>Turussa 2016 pidett\u00e4vien <a href=\"https:\/\/www.youtube.com\/watch?v=J5LnSLnAvI8\">Kuninkuusravien mainosvideo<\/a>, jonka Turun klassillisen lukion videokurssi on tilausty\u00f6n\u00e4 tehnyt Turku Touring Oy:lle. Projektin veti Mattus Alsi.<\/p>\n","protected":false},"excerpt":{"rendered":"<p>Turku Touringin virallinen Kiss my Turku -mainosvideo, jonka teki Turun klassillisen lukion mediaryhm\u00e4, julkistettiin 16.12.2014 Forum Marinumissa! Videoprojektin veti Mattus Alsi. Suurkitos kaikille projektissa ty\u00f6skennelleille: ohjaajalle, kuvaaja-leikkaajille, apulaisohjaajille, n\u00e4yttelij\u00f6ille ja kaikille mukana olleille. Puolalanm\u00e4en lukion opiskelijat vastasivat s\u00e4vellyksest\u00e4 ja musiikkiesityksest\u00e4. &hellip; <a href=\"https:\/\/blog.edu.turku.fi\/turunklassillinenlukio\/tapahtumat\/tapahtumia-lukuvuodelta-2014-2015\/kiss-my-turku\/\">Lue loppuun <span class=\"meta-nav\">&rarr;<\/span><\/a><\/p>\n","protected":false},"author":723,"featured_media":0,"parent":2497,"menu_order":13,"comment_status":"closed","ping_status":"closed","template":"","meta":{"footnotes":""},"class_list":["post-1852","page","type-page","status-publish","hentry"],"_links":{"self":[{"href":"https:\/\/blog.edu.turku.fi\/turunklassillinenlukio\/wp-json\/wp\/v2\/pages\/1852","targetHints":{"allow":["GET"]}}],"collection":[{"href":"https:\/\/blog.edu.turku.fi\/turunklassillinenlukio\/wp-json\/wp\/v2\/pages"}],"about":[{"href":"https:\/\/blog.edu.turku.fi\/turunklassillinenlukio\/wp-json\/wp\/v2\/types\/page"}],"author":[{"embeddable":true,"href":"https:\/\/blog.edu.turku.fi\/turunklassillinenlukio\/wp-json\/wp\/v2\/users\/723"}],"replies":[{"embeddable":true,"href":"https:\/\/blog.edu.turku.fi\/turunklassillinenlukio\/wp-json\/wp\/v2\/comments?post=1852"}],"version-history":[{"count":6,"href":"https:\/\/blog.edu.turku.fi\/turunklassillinenlukio\/wp-json\/wp\/v2\/pages\/1852\/revisions"}],"predecessor-version":[{"id":4713,"href":"https:\/\/blog.edu.turku.fi\/turunklassillinenlukio\/wp-json\/wp\/v2\/pages\/1852\/revisions\/4713"}],"up":[{"embeddable":true,"href":"https:\/\/blog.edu.turku.fi\/turunklassillinenlukio\/wp-json\/wp\/v2\/pages\/2497"}],"wp:attachment":[{"href":"https:\/\/blog.edu.turku.fi\/turunklassillinenlukio\/wp-json\/wp\/v2\/media?parent=1852"}],"curies":[{"name":"wp","href":"https:\/\/api.w.org\/{rel}","templated":true}]}}