{"id":1777,"date":"2016-06-14T11:03:46","date_gmt":"2016-06-14T08:03:46","guid":{"rendered":"https:\/\/blog.edu.turku.fi\/turunklassillinenlukio\/?page_id=1777"},"modified":"2019-06-10T14:38:48","modified_gmt":"2019-06-10T11:38:48","slug":"lukiodiplomikatselmus-30-11-2014","status":"publish","type":"page","link":"https:\/\/blog.edu.turku.fi\/turunklassillinenlukio\/tapahtumat\/tapahtumia-lukuvuodelta-2014-2015\/lukiodiplomikatselmus-30-11-2014\/","title":{"rendered":"Lukiodiplomikatselmus 30.11.2014"},"content":{"rendered":"<p id=\"n-description\" style=\"color: #000000\">T\u00e4n\u00e4 vuonna 15 Turun klassILLIsen lukion abiturienttia tekee teatteritaiteesta lukiodiplomin. Luvassa on yhteens\u00e4 viisi esityst\u00e4, joissa opiskelijat &#8221;antavat erityisen n\u00e4yt\u00f6n osaamisestaan ja harrastuneisuudestaan taito- ja taideaineissa&#8221;.<\/p>\n<p style=\"color: #000000\"><span style=\"font-family: Verdana\"><span style=\"color: #141823\"><span style=\"color: #141823\">Diplomeja tehd\u00e4\u00e4n ohjaamisesta, n\u00e4yttelemisest\u00e4, \u00e4\u00e4nisuunnittelusta sek\u00e4 esityksen tekemisest\u00e4. Luvassa on yhteens\u00e4 viisi esityst\u00e4, joissa opiskelijat &#8221;antavat erityisen n\u00e4yt\u00f6n osaamisestaan ja harrastuneisuudestaan taito- ja taideaineissa&#8221;. Teatteridiplomi on siis ik\u00e4\u00e4n kuin teatteritaiteen ylioppilaskirjoitus!\u00a0<\/span><\/span><span style=\"color: #141823\"><span style=\"color: #141823\"><span style=\"color: #141823\">Luvassa on tuttuun tapaan villi ja vallaton, hauska mutta syv\u00e4llinen kattaus nuorta teatteria.\u00a0<\/span><\/span><\/span><\/span><\/p>\n<p style=\"color: #000000\"><span style=\"font-family: Verdana\"><span style=\"color: #141823\"><b><span style=\"text-decoration: underline\">VIRALLINEN ESITYSKATSELMUS SUNNUNTAINA 30.11.<\/span><\/b><\/span><\/span><br \/>\n<b><span style=\"color: #141823\">klo 12.00 avajaissanat<\/span><\/b><\/p>\n<p style=\"color: #000000\"><b><span style=\"color: #141823\">klo 12.15-12.45 Tie Bangkokiin (illi-luokka)<\/span><\/b><br \/>\n<span style=\"color: #141823\">Tie Bangkokiin on tarina miehest\u00e4, joka er\u00e4\u00e4n\u00e4 sateisena p\u00e4iv\u00e4n\u00e4 vied\u00e4\u00e4n vanhainkotiin. Vai vied\u00e4\u00e4nk\u00f6? H\u00e4n ei tied\u00e4. Kun samassa huoneessa kohtaa kaksi todellisuutta, mit\u00e4 t\u00e4st\u00e4 seuraa?<\/span><br \/>\n<span style=\"color: #141823\">Diplomit: ohjaus Olavi Ermala, n\u00e4yttelij\u00e4nty\u00f6 Markus Alander &amp; Janita Kari, \u00e4\u00e4nisuunnittelu Oula Rytk\u00f6nen. Lis\u00e4ksi ty\u00f6ryhm\u00e4ss\u00e4: n\u00e4yttelij\u00e4 Satu Herrala sek\u00e4 musikaaliset taustah\u00e4rv\u00e4\u00e4j\u00e4t Konsta Airisto ja Roni Ruotsalainen. Alkuper\u00e4isk\u00e4sikirjoitus Pirkko Jaakola: Pirunpuntari.<\/span><\/p>\n<p style=\"color: #000000\"><b><span style=\"color: #141823\">klo 12.55-13.05 Ympyr\u00f6it\u00e4 (sali)<\/span><\/b><br \/>\n<span style=\"color: #141823\">Onko toisia ihmisi\u00e4 mahdollista ymm\u00e4rt\u00e4\u00e4, kun ne tuntuvat niin helvetin kummallisilta? Eik\u00f6 j\u00e4rkev\u00e4mp\u00e4\u00e4 olisi vain piirt\u00e4\u00e4 oma pikku ympyr\u00e4 ja sulkeutua siihen v\u00e4h\u00e4t v\u00e4litt\u00e4m\u00e4tt\u00e4 muista? K\u00e4sittelemme kommunikaatiokatkoksia ja ihmisten v\u00e4lisi\u00e4 et\u00e4isyyksi\u00e4, todellisia tai kuviteltuja.<\/span><br \/>\n<span style=\"color: #141823\">Diplomit: ohjaus Kaisa Saarinen, n\u00e4yttelij\u00e4nty\u00f6 Jasmin Aalto (Em). Lis\u00e4kti ty\u00f6ryhm\u00e4ss\u00e4 mukana: Taika Laaksonen (ohjaajan assistentti); n\u00e4yttelij\u00e4t Juuso Hirvonen (Lu), Katariina Vellamo (Rosa) ja Kasperi Arvola (Joa); musiikki\/\u00e4\u00e4net: Konsta Airisto, valot ja valokuvaamiset\/<\/span><span style=\"color: #141823\">visuaalinen suunnittelu: Riikka Lamminp\u00e4\u00e4. K\u00e4sikirjoitus: Kaisa Saarinen.<\/span><\/p>\n<p style=\"color: #000000\"><b><span style=\"color: #141823\">klo 13.15-14.15 Siiveniskuja (lli-luokka)<\/span><\/b><br \/>\n<span style=\"color: #141823\">&#8221;Kun lohik\u00e4\u00e4rme tulee, m\u00e4 hypp\u00e4\u00e4n sen selk\u00e4\u00e4n ja annan sen vied\u00e4 mut pois.&#8221;<\/span><br \/>\n<span style=\"color: #141823\">&#8221;Siiveniskuja&#8221; on samaistuttava, vahva ja siloittelematon kertomus, joka k\u00e4sittelee nuoruuden ja kasvamisen ongelmia sek\u00e4 ennakkoluuloja t\u00e4ysin uudesta n\u00e4k\u00f6kulmasta. Mit\u00e4 tapahtuu, kun kolme nuorta p\u00e4\u00e4tt\u00e4v\u00e4t yhdess\u00e4 ostaa lohik\u00e4\u00e4rmeen?<\/span><br \/>\n<span style=\"color: #141823\">Diplomit: ohjaus Samu Warinowski, n\u00e4yttelij\u00e4nty\u00f6 Fiona Musangamfura (Voima), Karkki Illi (Lento), Eve M\u00e4kitalo (Kauneus), Jessica Thomson (Lohik\u00e4\u00e4rme).<\/span><br \/>\n<span style=\"color: #141823\">Lis\u00e4ksi ty\u00f6ryhm\u00e4ss\u00e4 mukana: Isla Parkkola, Katri Aholainen (k\u00e4sikirjoitus), Samuli Aalto (valotekniikka).<\/span><\/p>\n<p style=\"color: #000000\"><span style=\"color: #141823\"><b>klo 13.45-14.15 KAFFEPAUSSI<\/b><\/span><\/p>\n<p style=\"color: #000000\"><b><span style=\"color: #141823\">klo 14.15-14.45 Kirjailija ja kirjailijan veli (Kellari)\u00a0<\/span><\/b><br \/>\n<span style=\"color: #141823\">Mit\u00e4 jos l\u00f6yt\u00e4isit itsesi kuulusteluhuoneesta, mutta kadottaisitkin itsesi vain pahemmin? Eik\u00f6 mihink\u00e4\u00e4n voi luottaa? &#8221;En siis saa kirjoittaa tarinoita, joissa tapetaan lapsia, koska todellisuudessakin tapetaan lapsia?&#8221; &#8211; Onnellisia loppuja ei ole.<\/span><br \/>\n<span style=\"color: #141823\">Diplomit: ohjaus ja n\u00e4yttelij\u00e4nty\u00f6 Veera Alanen (Michal, Katurianin veli, Etsiv\u00e4 Tupolski) ja Emilia S\u00f6derholm (Katurian). Lis\u00e4ksi ty\u00f6ryhm\u00e4ss\u00e4 mukana n\u00e4yttelij\u00e4 Hilma Koskimies (Etsiv\u00e4 Ariel). Alkuper\u00e4isk\u00e4sikirjoitus Martin McDonagh: Tyynymies, tekstin sovitus: Veera Alanen ja Emilia S\u00f6derholm.<\/span><\/p>\n<p style=\"color: #000000\"><b><span style=\"color: #141823\">klo 14.55-15.05 EMOOTIO\u00a0<\/span><\/b><br \/>\n<span style=\"color: #141823\">Emootio on tulkinta ihmismielen pirstoutumisesta. Hetkest\u00e4, jolloin ihminen alkaa kyseenalaistamaan oman olemassaolonsa merkityst\u00e4. Peloista alkaa muotoutua haluja ja tunteita. Kuka min\u00e4 olen? Mit\u00e4 olen silloin, kun olen yksin? Milt\u00e4 n\u00e4ytt\u00e4\u00e4 ihmismieli pintaa syvemm\u00e4lt\u00e4?<\/span><br \/>\n<span style=\"font-family: Verdana\"><span style=\"color: #141823\"><span style=\"color: #141823\">Diplomit: ohjaus Laura Valkeap\u00e4\u00e4, n\u00e4yttelij\u00e4nty\u00f6 Lilli Saario (Emootio). Lis\u00e4ksi ty\u00f6ryhm\u00e4ss\u00e4 mukana n\u00e4yttelij\u00e4t Eevi Turunen (Reaktio), Julia Pihlaja (Reaktio), Linnea T\u00e4htinen (Reaktio) ja Petro Hypp\u00f6nen (Reaktio). Valot: Laura Valkeap\u00e4\u00e4 &amp; Julia Englund; Puvustus: Laura Valkeap\u00e4\u00e4. K\u00e4sikirjoitus: Laura Valkeap\u00e4\u00e4 &amp; Lilli Saario<\/span><\/span><\/span><br \/>\n<span style=\"font-family: Verdana\"><span style=\"color: #141823\"><br \/>\n<b>klo 15.15-15.45 Kirjailija ja kirjailijan veli (Kellari)<\/b><\/span><\/span><br \/>\n<span style=\"font-family: Verdana\"><span style=\"color: #141823\">Diplomi esitet\u00e4\u00e4n kaksi kertaa, koska katsomo on pieni.\u00a0<\/span><\/span><br \/>\n<span style=\"font-family: Verdana\"><span style=\"color: #141823\"><br \/>\n<b><span style=\"text-decoration: underline\">LIS\u00c4ESITYKSET:<\/span><br \/>\nTORSTAINA 4.12.<\/b><br \/>\nklo 16.30 EMOOTIO (diplomit: ohjaus Laura Valkeap\u00e4\u00e4, n\u00e4yttelij\u00e4nty\u00f6 Lilli Saario) Illi-luokka<br \/>\nklo 17.15 Tie Bangkokiin (diplomit: ohjaus Olavi Ermala, n\u00e4yttelij\u00e4nty\u00f6 Markus Alander &amp; Janita Kari, \u00e4\u00e4nisuunnittelu Oula Rytk\u00f6nen) Illi-luokka<br \/>\n<b>TIISTAINA 9.12.<\/b><br \/>\nklo 16.30 Siiveniskuja (diplomit: ohjaus Samu Warinowski, n\u00e4yttelij\u00e4nty\u00f6: Karoliina Illi, Fiona Musangamfura, Eveliina M\u00e4kitalo, Jessica Thomson) Illi-luokka<br \/>\nklo 17.15 Kirjailija ja kirjailijan veli (diplomit: Veera Alanen ja Emilia S\u00f6derholm) Kellari<\/span><\/span><\/p>\n","protected":false},"excerpt":{"rendered":"<p>T\u00e4n\u00e4 vuonna 15 Turun klassILLIsen lukion abiturienttia tekee teatteritaiteesta lukiodiplomin. Luvassa on yhteens\u00e4 viisi esityst\u00e4, joissa opiskelijat &#8221;antavat erityisen n\u00e4yt\u00f6n osaamisestaan ja harrastuneisuudestaan taito- ja taideaineissa&#8221;. Diplomeja tehd\u00e4\u00e4n ohjaamisesta, n\u00e4yttelemisest\u00e4, \u00e4\u00e4nisuunnittelusta sek\u00e4 esityksen tekemisest\u00e4. Luvassa on yhteens\u00e4 viisi esityst\u00e4, joissa &hellip; <a href=\"https:\/\/blog.edu.turku.fi\/turunklassillinenlukio\/tapahtumat\/tapahtumia-lukuvuodelta-2014-2015\/lukiodiplomikatselmus-30-11-2014\/\">Lue loppuun <span class=\"meta-nav\">&rarr;<\/span><\/a><\/p>\n","protected":false},"author":723,"featured_media":0,"parent":2497,"menu_order":0,"comment_status":"closed","ping_status":"closed","template":"","meta":{"footnotes":""},"class_list":["post-1777","page","type-page","status-publish","hentry"],"_links":{"self":[{"href":"https:\/\/blog.edu.turku.fi\/turunklassillinenlukio\/wp-json\/wp\/v2\/pages\/1777","targetHints":{"allow":["GET"]}}],"collection":[{"href":"https:\/\/blog.edu.turku.fi\/turunklassillinenlukio\/wp-json\/wp\/v2\/pages"}],"about":[{"href":"https:\/\/blog.edu.turku.fi\/turunklassillinenlukio\/wp-json\/wp\/v2\/types\/page"}],"author":[{"embeddable":true,"href":"https:\/\/blog.edu.turku.fi\/turunklassillinenlukio\/wp-json\/wp\/v2\/users\/723"}],"replies":[{"embeddable":true,"href":"https:\/\/blog.edu.turku.fi\/turunklassillinenlukio\/wp-json\/wp\/v2\/comments?post=1777"}],"version-history":[{"count":2,"href":"https:\/\/blog.edu.turku.fi\/turunklassillinenlukio\/wp-json\/wp\/v2\/pages\/1777\/revisions"}],"predecessor-version":[{"id":4714,"href":"https:\/\/blog.edu.turku.fi\/turunklassillinenlukio\/wp-json\/wp\/v2\/pages\/1777\/revisions\/4714"}],"up":[{"embeddable":true,"href":"https:\/\/blog.edu.turku.fi\/turunklassillinenlukio\/wp-json\/wp\/v2\/pages\/2497"}],"wp:attachment":[{"href":"https:\/\/blog.edu.turku.fi\/turunklassillinenlukio\/wp-json\/wp\/v2\/media?parent=1777"}],"curies":[{"name":"wp","href":"https:\/\/api.w.org\/{rel}","templated":true}]}}