{"id":16,"date":"2013-01-07T13:38:53","date_gmt":"2013-01-07T11:38:53","guid":{"rendered":"https:\/\/blog.edu.turku.fi\/turunklassillinenlukio\/?page_id=16"},"modified":"2019-05-21T15:44:15","modified_gmt":"2019-05-21T12:44:15","slug":"ilmaisun-kurssit","status":"publish","type":"page","link":"https:\/\/blog.edu.turku.fi\/turunklassillinenlukio\/ilmaisua\/ilmaisun-kurssit\/","title":{"rendered":"Ilmaisun kurssit"},"content":{"rendered":"<p><strong>Ilmaisun kokonaisuudet ja niihin liittyv\u00e4t kurssit lukuvuonna 2019-2020:<\/strong><\/p>\n<p><strong>TEATTERI-ILMAISU<\/strong><\/p>\n<ul>\n<li>TI01 Ilmaisun starttikurssi (ent. N\u00e4yttelij\u00e4nty\u00f6 1)<\/li>\n<li>TI02 N\u00e4yttelij\u00e4nty\u00f6 1 (ent. N\u00e4ty 2)<\/li>\n<li>TI03 N\u00e4yttelij\u00e4nty\u00f6 2 (ent. N\u00e4ty 3)<\/li>\n<li>TI04 N\u00e4yttelij\u00e4nty\u00f6 3: Monologi<\/li>\n<li>TI05 Liike ja \u00e4\u00e4ni n\u00e4ytt\u00e4m\u00f6ll\u00e4<\/li>\n<li>TI06 Improvisaatio 1<\/li>\n<li>TI07 Improvisaatio 2<\/li>\n<li>TI08 Improvisaatio 3<\/li>\n<li>TI09 Havainto ja liike<\/li>\n<li>TI10 Teatterihistoria<\/li>\n<li>TI11 Suuret teatterigurut<\/li>\n<li>TI12 Teatterin tyylilajit<\/li>\n<li>TI13 Nykyteatteri<\/li>\n<li>TI14 Tutkiva teatteri<\/li>\n<li>TI15 Nopean toiminnan teatteri<\/li>\n<li>TI16 Performanssi<\/li>\n<li>TI17 N\u00e4ytelm\u00e4analyysi<\/li>\n<li>TI18 Dramaturgia 1<\/li>\n<li>TI19 Dramaturgia 2<\/li>\n<li>TI20 Ohjaajanty\u00f6 1<\/li>\n<li>TI21 Ohjaajanty\u00f6 2<\/li>\n<li>TI22 Skenografia<\/li>\n<li>TI23 \u00c4\u00e4ni ja valo<\/li>\n<li>TI24 Etydi-kurssi<\/li>\n<li>TI25 Teatteriproduktio<\/li>\n<li>TI26 Taidepassi<em><br \/>\n<\/em><\/li>\n<li>TI27 Tanssi 1: Peruskurssi<\/li>\n<li>TI28 Tanssi 2: Jatkokurssi<\/li>\n<li>TI29 Tanssi 3: Koreografiakurssi<\/li>\n<li>TI30 Tanssi-impro<\/li>\n<li>TI31 Teemakurssi 1: Devising<\/li>\n<li>TI32 Teemakurssi 2: Maskeeraus<\/li>\n<li>TI33 Projekti- ja ty\u00f6el\u00e4m\u00e4kurssi<\/li>\n<li>\u00c4I14 Pintaa syvemm\u00e4lt\u00e4 \u2013 teatteritiedon kurssi <em>(et\u00e4kurssi)<\/em><\/li>\n<li>TALD7 Tanssin lukiodiplomi<\/li>\n<li>TELD8 Teatterin lukiodiplomi<\/li>\n<\/ul>\n<p><strong>MEDIAILMAISU<\/strong><\/p>\n<ul>\n<li>MI01 Mediakritiikki (ent. Median maailma 1)<\/li>\n<li>MI02 Mainoskurssi (ent. Median maailma 2)<\/li>\n<li>MI03 Valokuvaus 1<\/li>\n<li>MI04 Valokuvaus 2<\/li>\n<li>MI05 Valokuvaus 3<\/li>\n<li>MI06 Multitaide 1<\/li>\n<li>M07 Lyhytelokuva 1<\/li>\n<li>MI08 Lyhytelokuva 2<\/li>\n<li>MI09 Animaatio (ent. Lyhytelokuva 3)<\/li>\n<li>MI10 Uusmedia<\/li>\n<li>MI11 \u00c4\u00e4nin\u00e4ytteleminen (ent. Radioteatteri)<\/li>\n<li>MI12 Journalistiikka<\/li>\n<li>MI13 Luova kirjoittaminen 1<\/li>\n<li>MI14 Luova kirjoittaminen 2<\/li>\n<li>MI15 Projekti- ja ty\u00f6el\u00e4m\u00e4kurssi<\/li>\n<li>MELD5 Median lukiodiplomi<\/li>\n<\/ul>\n<p>Lis\u00e4ksi syksyll\u00e4 2016 ja 2017 lukionsa aloittaneet voivat lukea ilmaisukursseiksi my\u00f6s seuraavat valtakunnalliset syvent\u00e4v\u00e4t ja lukiokohtaiset kurssit:<\/p>\n<ul>\n<li>\u00c4I07 Puhe- ja vuorovaikutustaitojen syvent\u00e4minen<\/li>\n<li>KU03 Osallisena mediassa<\/li>\n<li>HI09 Mediahistoria<\/li>\n<li>MU04 Musiikki viestii ja vaikuttaa<\/li>\n<li>KULD2 Kuvataiteen lukiodiplomi<\/li>\n<li>MULD6 Musiikin lukiodiplomi<\/li>\n<\/ul>\n<p>Syksyll\u00e4 2018 ja 2019 aloittaneet voivat lukea ilmaisukursseiksi seuraavat lukiokohtaiset kurssit:<\/p>\n<ul>\n<li>HI09 Mediahistoria<\/li>\n<li>Ku05 Nykytaiteen ty\u00f6paja<\/li>\n<li>KU06 PiMa-kurssi<\/li>\n<li>KU07 Mun taide<\/li>\n<li>KULD2 Kuvataiteen lukiodiplomi<\/li>\n<li>MULD6 Musiikin lukiodiplomi<\/li>\n<\/ul>\n","protected":false},"excerpt":{"rendered":"<p>Ilmaisun kokonaisuudet ja niihin liittyv\u00e4t kurssit lukuvuonna 2019-2020: TEATTERI-ILMAISU TI01 Ilmaisun starttikurssi (ent. N\u00e4yttelij\u00e4nty\u00f6 1) TI02 N\u00e4yttelij\u00e4nty\u00f6 1 (ent. N\u00e4ty 2) TI03 N\u00e4yttelij\u00e4nty\u00f6 2 (ent. N\u00e4ty 3) TI04 N\u00e4yttelij\u00e4nty\u00f6 3: Monologi TI05 Liike ja \u00e4\u00e4ni n\u00e4ytt\u00e4m\u00f6ll\u00e4 TI06 Improvisaatio 1 TI07 &hellip; <a href=\"https:\/\/blog.edu.turku.fi\/turunklassillinenlukio\/ilmaisua\/ilmaisun-kurssit\/\">Lue loppuun <span class=\"meta-nav\">&rarr;<\/span><\/a><\/p>\n","protected":false},"author":98,"featured_media":0,"parent":254,"menu_order":2,"comment_status":"closed","ping_status":"closed","template":"","meta":{"footnotes":""},"class_list":["post-16","page","type-page","status-publish","hentry"],"_links":{"self":[{"href":"https:\/\/blog.edu.turku.fi\/turunklassillinenlukio\/wp-json\/wp\/v2\/pages\/16","targetHints":{"allow":["GET"]}}],"collection":[{"href":"https:\/\/blog.edu.turku.fi\/turunklassillinenlukio\/wp-json\/wp\/v2\/pages"}],"about":[{"href":"https:\/\/blog.edu.turku.fi\/turunklassillinenlukio\/wp-json\/wp\/v2\/types\/page"}],"author":[{"embeddable":true,"href":"https:\/\/blog.edu.turku.fi\/turunklassillinenlukio\/wp-json\/wp\/v2\/users\/98"}],"replies":[{"embeddable":true,"href":"https:\/\/blog.edu.turku.fi\/turunklassillinenlukio\/wp-json\/wp\/v2\/comments?post=16"}],"version-history":[{"count":9,"href":"https:\/\/blog.edu.turku.fi\/turunklassillinenlukio\/wp-json\/wp\/v2\/pages\/16\/revisions"}],"predecessor-version":[{"id":4596,"href":"https:\/\/blog.edu.turku.fi\/turunklassillinenlukio\/wp-json\/wp\/v2\/pages\/16\/revisions\/4596"}],"up":[{"embeddable":true,"href":"https:\/\/blog.edu.turku.fi\/turunklassillinenlukio\/wp-json\/wp\/v2\/pages\/254"}],"wp:attachment":[{"href":"https:\/\/blog.edu.turku.fi\/turunklassillinenlukio\/wp-json\/wp\/v2\/media?parent=16"}],"curies":[{"name":"wp","href":"https:\/\/api.w.org\/{rel}","templated":true}]}}