{"id":158,"date":"2013-10-23T16:24:14","date_gmt":"2013-10-23T13:24:14","guid":{"rendered":"https:\/\/blog.edu.turku.fi\/turunklassillinenlukio\/?page_id=158"},"modified":"2019-11-25T09:14:07","modified_gmt":"2019-11-25T07:14:07","slug":"ylioppilaskirjoituksiin-ilmoittautuminen","status":"publish","type":"page","link":"https:\/\/blog.edu.turku.fi\/turunklassillinenlukio\/ylioppilaskirjoitukset\/ylioppilaskirjoituksiin-ilmoittautuminen\/","title":{"rendered":"Ylioppilaskirjoituksiin ilmoittautuminen"},"content":{"rendered":"<p>Ylioppilaskirjoituksiin lukion opiskelijat ilmoittautuvat Wilmassa.<\/p>\n<ul>\n<li><a href=\"https:\/\/blog.edu.turku.fi\/klassillinentiedotus\/files\/2019\/11\/YO-kalvot-_Klassillinen_-S2019-opiskelijat.pdf\">Yleisohje YO-ilmoittautumiseen<\/a>, (PDF, 1090 kt)<\/li>\n<li><a href=\"https:\/\/blog.edu.turku.fi\/klassillinentiedotus\/files\/2019\/11\/Wilmaohje_YO_kokeisiin_K2020.pdf\">Wilmaohje YO kokeisiin 2020K<\/a>, (PDF, 68 kt)<\/li>\n<li><a href=\"https:\/\/www.ylioppilastutkinto.fi\/maaraykset\/tiedote-kokelaille\">Ylioppilastutkintolautakunnan tiedote<\/a><\/li>\n<\/ul>\n<p>Jos olet jo saanut p\u00e4\u00e4tt\u00f6todistuksen, ilmoittaudu t\u00e4ll\u00e4 <a href=\"https:\/\/edumailturku-my.sharepoint.com\/:b:\/g\/personal\/spukonen_edu_turku_fi\/EUMyiZXegINLlNruODZn_goBBVqY1kBz6sfXPP6w0VQ6dw?e=zxe9VB\">PDF-lomakkeella<\/a> (36 kt) ja toimita lomake lukioon. Toimita lomake t\u00e4ytettyn\u00e4 ja allekirjoitettuna lukion kansliaan.<\/p>\n","protected":false},"excerpt":{"rendered":"<p>Ylioppilaskirjoituksiin lukion opiskelijat ilmoittautuvat Wilmassa. Yleisohje YO-ilmoittautumiseen, (PDF, 1090 kt) Wilmaohje YO kokeisiin 2020K, (PDF, 68 kt) Ylioppilastutkintolautakunnan tiedote Jos olet jo saanut p\u00e4\u00e4tt\u00f6todistuksen, ilmoittaudu t\u00e4ll\u00e4 PDF-lomakkeella (36 kt) ja toimita lomake lukioon. Toimita lomake t\u00e4ytettyn\u00e4 ja allekirjoitettuna lukion kansliaan.<\/p>\n","protected":false},"author":723,"featured_media":0,"parent":53,"menu_order":3,"comment_status":"closed","ping_status":"closed","template":"","meta":{"footnotes":""},"class_list":["post-158","page","type-page","status-publish","hentry"],"_links":{"self":[{"href":"https:\/\/blog.edu.turku.fi\/turunklassillinenlukio\/wp-json\/wp\/v2\/pages\/158","targetHints":{"allow":["GET"]}}],"collection":[{"href":"https:\/\/blog.edu.turku.fi\/turunklassillinenlukio\/wp-json\/wp\/v2\/pages"}],"about":[{"href":"https:\/\/blog.edu.turku.fi\/turunklassillinenlukio\/wp-json\/wp\/v2\/types\/page"}],"author":[{"embeddable":true,"href":"https:\/\/blog.edu.turku.fi\/turunklassillinenlukio\/wp-json\/wp\/v2\/users\/723"}],"replies":[{"embeddable":true,"href":"https:\/\/blog.edu.turku.fi\/turunklassillinenlukio\/wp-json\/wp\/v2\/comments?post=158"}],"version-history":[{"count":50,"href":"https:\/\/blog.edu.turku.fi\/turunklassillinenlukio\/wp-json\/wp\/v2\/pages\/158\/revisions"}],"predecessor-version":[{"id":4876,"href":"https:\/\/blog.edu.turku.fi\/turunklassillinenlukio\/wp-json\/wp\/v2\/pages\/158\/revisions\/4876"}],"up":[{"embeddable":true,"href":"https:\/\/blog.edu.turku.fi\/turunklassillinenlukio\/wp-json\/wp\/v2\/pages\/53"}],"wp:attachment":[{"href":"https:\/\/blog.edu.turku.fi\/turunklassillinenlukio\/wp-json\/wp\/v2\/media?parent=158"}],"curies":[{"name":"wp","href":"https:\/\/api.w.org\/{rel}","templated":true}]}}