{"id":1325,"date":"2014-04-09T09:54:53","date_gmt":"2014-04-09T06:54:53","guid":{"rendered":"https:\/\/blog.edu.turku.fi\/turunklassillinenlukio\/?page_id=1325"},"modified":"2016-06-13T15:04:40","modified_gmt":"2016-06-13T12:04:40","slug":"pain-nakoa2014","status":"publish","type":"page","link":"https:\/\/blog.edu.turku.fi\/turunklassillinenlukio\/tapahtumat\/tapahtumia-menneilta-vuosilta\/pain-nakoa2014\/","title":{"rendered":"P\u00e4in n\u00e4k\u00f6\u00e4! Taideiltap\u00e4iv\u00e4 pe 11.4.2014"},"content":{"rendered":"<p>P\u00e4in n\u00e4k\u00f6\u00e4! eli tuttavallisemmin vain Pl\u00e4si on kaikille opiskelijoille (ja osittain my\u00f6s kotijoukoille ja muille l\u00e4hiyst\u00e4ville)\u00a0<span style=\"font-family: Arial\">tarkoitettu taidep\u00e4iv\u00e4 klo 13.15-19. Alkupalat nautitaan jo aamulla p\u00e4iv\u00e4navauksen aikana sek\u00e4 ruokatauolla, kun<b>\u00a0Improvisaatio 2-kurssin J\u00e4lkiruokaryhm\u00e4 tarjoilee lyhyit\u00e4 improja Mediateekiss\u00e4 klo 11.30-11.50.<\/b><\/span><\/p>\n<p><b><span style=\"font-family: Arial\">TY\u00d6PAJAT klo 13.15 &#8211;\u00a0<\/span><\/b><b><span style=\"font-family: Arial\">14.15\u00a0<\/span><\/b><br \/>\n<span style=\"font-family: Arial\">Joihinkin ty\u00f6pajoihin on viel\u00e4 tilaa, joten ilmoittaudu 2. kerroksen listoihin. Ty\u00f6pajat ovat avoimia my\u00f6s yleislinjan opiskelijoille, joten rohkeasti kokeilemaan! Kotiv\u00e4ki on tervetullut seuraamaan ty\u00f6pajoja &#8211; niiss\u00e4 on avoimet ovet!<\/span><\/p>\n<p><b><span style=\"font-family: Arial\">Akrobatia\u00a0<\/span><\/b><span style=\"font-family: Arial\">(vet\u00e4j\u00e4 Erika Malkki)<\/span><br \/>\n<b><span style=\"font-family: Arial\">Sali, 2. krs<\/span><\/b><br \/>\n<span style=\"font-family: Arial\">Pukeudu liikuntavaatteisiin!<\/span><\/p>\n<p><b><span style=\"font-family: Arial\">Hullu kirjoittaminen\u00a0<\/span><\/b><span style=\"font-family: Arial\">(vet\u00e4j\u00e4 Emilia Karjula)<\/span><br \/>\n<b><span style=\"font-family: Arial\">Luokka 214, 2. krs<\/span><\/b><br \/>\n<span style=\"font-family: Arial\">Varustaudu vanhanaikaisilla kirjoitusv\u00e4lineill\u00e4 (kyn\u00e4 ja paperi) sek\u00e4 avoimella mielell\u00e4.<\/span><\/p>\n<p><b><span style=\"font-family: Arial\">Improa taviksille\u00a0<\/span><\/b><span style=\"font-family: Arial\">(vet\u00e4j\u00e4n\u00e4 Gabel Juhana)<\/span><br \/>\n<b><span style=\"font-family: Arial\">Luokka 218<\/span><\/b><\/p>\n<p><b><span style=\"font-family: Arial\">Laban-<\/span><\/b><b><span style=\"font-family: Arial\">liikeanalyysin k\u00e4ytt\u00f6 n\u00e4yttelij\u00e4nty\u00f6ss\u00e4<\/span><\/b><span style=\"font-family: Arial\">\u00a0(vet\u00e4j\u00e4 Yasmin Ahsanullah)<\/span><br \/>\n<b><span style=\"font-family: Arial\">Sali, 2. krs<\/span><\/b><br \/>\n<span style=\"font-family: Arial\">Pukeudu liikuntavaatteisiin.<\/span><\/p>\n<p><b><span style=\"font-family: Arial\">Maskeerausty\u00f6paja\u00a0<\/span><\/b><b>&#8211;\u00a0<\/b><b><span style=\"font-family: Arial\">haavat, mustelmat, arvet<\/span><\/b>\u00a0<span style=\"font-family: Arial\">(vet\u00e4j\u00e4 Eetu Mendolin)<\/span><br \/>\n<b><span style=\"font-family: Arial\">Ilmaisuluokka, kellarikerros<\/span><\/b><\/p>\n<p><b><span style=\"font-family: Arial\">Materiaalit uusiksi! Eli roskasta taidetta\u00a0<\/span><\/b><span style=\"font-family: Arial\">(vet\u00e4j\u00e4 Elina Aholainen)<\/span><br \/>\n<b><span style=\"font-family: Arial\">Kokoontuminen neuvotteluhuoneessa, 2. krs<\/span><\/b><br \/>\n<span style=\"font-family: Arial\">Ota mukaan roskaa.<\/span><\/p>\n<p><b><span style=\"font-family: Arial\">Omakuva, hetken kuva\u00a0<\/span><\/b><span style=\"font-family: Arial\">(vet\u00e4j\u00e4 Veera Kivij\u00e4rvi)<\/span><br \/>\n<b><span style=\"font-family: Arial\">Luokka 217, 2. krs<\/span><\/b><br \/>\n<span style=\"font-family: Arial\">Ota mukaan kirjoitusv\u00e4lineet.<\/span><\/p>\n<p><b><span style=\"font-family: Arial\">Omakuvapaperinukke\u00a0<\/span><\/b><span style=\"font-family: Arial\">(vet\u00e4j\u00e4 Ilona Helenius)<\/span><br \/>\n<b><span style=\"font-family: Arial\">Luokka 216, 2. krs<\/span><\/b><\/p>\n<p><b><span style=\"font-family: Arial\">Performatiivinen toiminta: \u00c4KS\u00d6N!<\/span><\/b>\u00a0<span style=\"font-family: Arial\">(vet\u00e4j\u00e4 Erika Perttuli-Borobio)<\/span><br \/>\n<b><span style=\"font-family: Arial\">Kuvataideluokka 316, 3. krs<\/span><\/b><br \/>\n<span style=\"font-family: Arial\">Sut tahdotaan sukattomana\u00a0<\/span><span style=\"font-family: Arial\">ep\u00e4pyh\u00e4vaatteissa ja avoimena maailmalle.<\/span><\/p>\n<p><b><span style=\"font-family: Arial\">Studiokuvausty\u00f6paja\u00a0<\/span><\/b><span style=\"font-family: Arial\">(vet\u00e4j\u00e4 Janne Lindberg)<\/span><br \/>\n<b><span style=\"font-family: Arial\">Aula<\/span><\/b><\/p>\n<p><b><span style=\"font-family: Arial\">Tuumasta toimeen eli ylit\u00e4 itsesi!\u00a0<\/span><\/b><span style=\"font-family: Arial\">(vet\u00e4j\u00e4 Lilli Saario)\u00a0<\/span><br \/>\n<b><span style=\"font-family: Arial\">Kokoontuminen luokassa 215, 2. krs<\/span><\/b><\/p>\n<p><b><span style=\"font-family: Arial\">\u00c4\u00e4nill\u00e4 ilmaistu\u00a0<\/span><\/b><span style=\"font-family: Arial\">(v<\/span><span style=\"font-family: Arial\">et\u00e4j\u00e4 Tuulia Lindholm)<\/span><br \/>\n<b><span style=\"font-family: Arial\">Mediateekki, 2. krs<\/span><\/b><\/p>\n<p><b><span style=\"font-family: Arial\">P\u00c4IN KURSSEJA! Klo 14.30 &#8211; 16.45<\/span><\/b><br \/>\n<span style=\"font-family: Arial\">Eri puolilla taloa esitell\u00e4\u00e4n kuvataiteen, median, musiikin, teatterin ja valokuvauksen kurssien satoa. Osaan esityksist\u00e4 on rajattu p\u00e4\u00e4sy, joten mene ajoissa paikalle!<\/span><\/p>\n<p><b><span style=\"text-decoration: underline\"><span style=\"font-family: Arial\">POP IN! Pist\u00e4ydy koko ajan avoinna oleviin pisteisiin<\/span><\/span><\/b><br \/>\n<b><span style=\"font-family: Arial\">Kuvataiteen lukiodiplomin\u00e4yttely<\/span><\/b><span style=\"font-family: Arial\">\u00a0<b>klo 14.15 &#8211;\u00a0<\/b><\/span><b><span style=\"font-family: Arial\">15.30 kuvisluokka 316, 3. krs<\/span><\/b><br \/>\n<b><span style=\"font-family: Arial\">Uskallan &#8211;\u00a0<\/span><\/b><b><span style=\"font-family: Arial\">valokuvaus 2 -kurssin valokuvia luokassa 218, 2. krs<\/span><\/b><br \/>\n<b><span style=\"font-family: Arial\">Radioteatterikurssin kuunnelmia luokassa 216<\/span><\/b><br \/>\n<span style=\"font-family: Arial\">\u2026 lis\u00e4ksi jossain p\u00e4in kellarikerrosta saattaa olla salainen *******koppi\u2026<\/span><\/p>\n<p><b><span style=\"text-decoration: underline\"><span style=\"font-family: Arial\">Esityksi\u00e4, actionia, kohtaamisia<\/span><\/span><\/b><br \/>\n<b><span style=\"text-decoration: underline\"><span style=\"font-family: Arial\">Aula<\/span><\/span><\/b><br \/>\n<b><span style=\"font-family: Arial\">14.30 Tilaisuuden avaus\u00a0<\/span><\/b><br \/>\n<b><span style=\"font-family: Arial\">Kohtaus-performanssi<\/span><\/b><span style=\"font-family: Arial\">\u00a0(Nykyteatterin kurssi)<br \/>\n<b>14.45<\/b>\u00a0<b>Nukkuvien puolue<\/b>(Nykyteatterin kurssi)<\/span><br \/>\n<b><span style=\"font-family: Arial\">15.00<\/span><\/b><span style=\"font-family: Arial\">\u00a0<b>P\u00e4in P\u00e4ivi R\u00e4s\u00e4sen n\u00e4k\u00f6\u00e4<\/b>\u00a0(Nykyteatterin kurssi)<\/span><br \/>\n<b><span style=\"font-family: Arial\">15.15 &#8211; 15.45 Miska Keskinen soittaa didgeridoota<\/span><\/b><span style=\"font-family: Arial\"><br \/>\n<b>16.00 &#8211; 16.45<\/b>\u00a0<b>Luovan kirjoittamisen opiskelijat kirjoittavat muotokuvarunoja<\/b><\/span><\/p>\n<p><b><span style=\"text-decoration: underline\"><span style=\"font-family: Arial\">Ilmaisuluokka, kellarikerros<\/span><\/span><\/b><br \/>\n<span style=\"font-family: Arial\">Ilmaisuluokan esityksiin on rajattu katsojam\u00e4\u00e4r\u00e4, joten mene ajoissa paikalle!<\/span><br \/>\n<b><span style=\"font-family: Arial\">15.00 Laukauksia j\u00e4rvell\u00e4\u00a0<\/span><\/b><span style=\"font-family: Arial\">(produktiokurssi)<\/span><br \/>\n<span style=\"font-family: Arial\">Ohjaajanty\u00f6 2 -kurssi esitt\u00e4\u00e4:<\/span><br \/>\n<b><span style=\"font-family: Arial\">15.20<\/span><\/b><span style=\"font-family: Arial\">\u00a0<b>Kallio ja meri<\/b>. Ohj. Olavi Ermala. &#8221;Nyt kun mun l\u00e4\u00e4kityst\u00e4 on pienennetty, niin jossain tuolla vatsanpeitteiden alla on taas tunteita, ihan hyvi\u00e4kin. Ne on v\u00e4h\u00e4n ep\u00e4selvi\u00e4, mut sen jotenkin aavistaa et ne on siell\u00e4.&#8221; Rooleissa: Markus &#8211; Samu Warinowski, Heidi &#8211; Emilia S\u00f6derholm. Juha Jokelan n\u00e4ytelm\u00e4st\u00e4 Fundamentalisti.<\/span><br \/>\n<b><span style=\"font-family: Arial\">15.40\u00a0<\/span><\/b><b><span style=\"font-family: Arial\">L\u00e4hdet\u00e4\u00e4n<\/span><\/b><span style=\"font-family: Arial\">. Ohj. Samu Warinowski.\u00a0<\/span><span style=\"font-family: Arial\">Esitys on tarina vallasta, ep\u00e4toivosta ja siit\u00e4, miten kaksi ihmist\u00e4 eiv\u00e4t en\u00e4\u00e4 l\u00f6yd\u00e4 el\u00e4m\u00e4st\u00e4\u00e4n edes itse\u00e4\u00e4n. Rooleissa: Estragon &#8211; Emilia S\u00f6derholm, Vladimir &#8211; Olavi Ermala. Samuel Beckettin n\u00e4ytelm\u00e4st\u00e4 Huomenna h\u00e4n tulee.<\/span><br \/>\n<b><span style=\"font-family: Arial\">16.00 Onks t\u00e4\u00e4 nyt t\u00e4ss\u00e4?<\/span><\/b><span style=\"font-family: Arial\">\u00a0Ohj. Emilia S\u00f6derholm. Veljekset ovat valmiit itsemurhaan, mutta helpompaa on suunnitella kuin toimia suunnitelmien mukaan. Ent\u00e4 sitten kun mahdottomalta tuntunut kuolema onkin mahdollista? Rooleissa: Kristian &#8211; Samu Warinowski, Kaapo &#8211; Olavi Ermala. Tapio Kankaanp\u00e4\u00e4n n\u00e4ytelm\u00e4st\u00e4 Viimeinen kuva.<\/span><\/p>\n<p><b><span style=\"text-decoration: underline\"><span style=\"font-family: Arial\">Kakkoskerroksessa tapahtuu:<\/span><\/span><\/b><br \/>\n<b><span style=\"font-family: Arial\">15.20 &#8211; 16.00 Maitotytt\u00f6. Luokka 214.<\/span><\/b><span style=\"font-family: Arial\">\u00a0Dramaturgia 2 -kurssi lukee ryhm\u00e4ss\u00e4\u00a0<\/span><span style=\"font-family: Arial\">kirjoittamansa n\u00e4ytelm\u00e4n. Mit\u00e4 vikaa on normaaliudessa ja kasin keskiarvossa?\u00a0<\/span><br \/>\n<span style=\"font-family: Arial\"><b>16.00 &#8211; 16.45 Musan\u00e4ytt\u00e4m\u00f6.<\/b>\u00a0<b>Sali.<\/b>\u00a0Musiikkikurssien esityksi\u00e4. Kuoro; Martti Laakso, akustinen kitara; Julia Englund, laulu; Kristian Saarinen, urut; Ossi Jansen, laulu &amp; Karoliina Kaasalainen, viulu; Linnea T\u00e4htinen, laulu.\u00a0<\/span><br \/>\n<b><span style=\"font-family: Arial\">16.05 &#8211; 16.30 Improsoppa! Mediateekki.\u00a0<\/span><\/b><span style=\"font-family: Arial\">Improvisaatio 2 -kurssin Team Stripes tarjoilee\u00a0<\/span><span style=\"font-family: Arial\">lyhyit\u00e4 impropaloja.<\/span><\/p>\n<p><b><span style=\"text-decoration: underline\"><span style=\"font-family: Arial\">Kuvisluokka 316, 3. krs<\/span><\/span><\/b><br \/>\n<b><span style=\"font-family: Arial\">16.30 &#8211; 16.50<\/span><\/b>\u00a0<b><span style=\"font-family: Arial\">Tunnekokkailua<\/span><\/b><span style=\"font-family: Arial\">. Oletko kenties rakastunut, onnellinen tai iloinen? Ongelmia kavereiden\/perheen kanssa, huono koetulos, ahdistus vai muuten vain huono p\u00e4iv\u00e4? Taiteessa kaikki tunteet ovat sallittuja.<\/span><span style=\"font-family: Arial\">\u00a0Vastoin perinteist\u00e4 suomalaista k\u00e4yt\u00e4nt\u00f6\u00e4 tule jakamaan tunteesi kanssamme! Performanssin tapahtumat riippuvat puhtaasti sinusta arvon katsoja.<\/span><\/p>\n<p><b><span style=\"font-family: Arial\">SEISOVA TAIDEVOILEIP\u00c4P\u00d6YT\u00c4 KLO 15.30 &#8211; 16.30 RUOKALASSA, 1. KRS<\/span><\/b><br \/>\n<span style=\"font-family: Arial\">Ruokalassa on tarjolla perusvoileip\u00e4tarvikkeita \u2013 ja taidevoileip\u00e4tarvikkeita! Pese k\u00e4tesi, tee paperilautaselle mahtuva taidevoileip\u00e4 ja halutessasi kuvauta se. Apulaisrehtori Kari Rajala on kameran kanssa valmiina! Voit halutessasi laittaa leip\u00e4kuvasi my\u00f6s Instagramiin #taidevoileip\u00e4.\u00a0<\/span><span style=\"font-family: Arial\">Ja sitten \u2013 anna taiteen ravita sinut. Sy\u00f6 leip\u00e4si ruokalassa.<\/span><br \/>\n<span style=\"font-family: Arial\">Pl\u00e4sin j\u00e4lkeen ilmaisuheimon taika valitsee suosikkileiv\u00e4n ja parhaat voileip\u00e4taiteilijat palkitaan vappugaalassa.<\/span><\/p>\n<p><b><span style=\"font-family: Arial\">OPEN STAGE KLO 17.00 &#8211; 19.00 SALISSA<\/span><\/b><br \/>\n<span style=\"font-family: Arial\">Pl\u00e4si-p\u00e4iv\u00e4n p\u00e4\u00e4tt\u00e4\u00e4 kaikille yhteinen avolava, jossa esiintyy joukko koulumme opiskelijoita ja henkil\u00f6kuntaa. Luvassa ainakin hyv\u00e4n hengen tuulahdus, laulua, tanssia, musiikkia, runoja \u2013 sek\u00e4 tunteita ja tuoksuja. Juontajina toimivat ilmaisuheimolaiset. P\u00e4iv\u00e4n p\u00e4\u00e4tteeksi luvassa hetki hikoilua DJ Tyrannisaurus ExRexin tahtiin.<\/span><\/p>\n<p><b><span style=\"font-family: Arial\">P\u00e4in n\u00e4k\u00f6\u00e4! on p\u00e4ihteet\u00f6n tapahtuma. Taiteesta ja toistemme seurasta hullaantuminen on sallittu.<\/span><\/b><\/p>\n<p><b><span style=\"font-family: Arial\">P\u00e4in n\u00e4k\u00f6\u00e4! -p\u00e4iv\u00e4\u00e4 on t\u00e4n\u00e4 vuonna tukenut Varsinais-Suomen maakuntarahasto sek\u00e4 Turun klassillisen lukion oppilaskunta.<\/span><\/b><\/p>\n<p><b><span style=\"font-family: Arial\">P\u00e4in n\u00e4k\u00f6\u00e4! on kaikille Turun klassillisen lukion opiskelijoille, henkil\u00f6kunnalle, kotijoukoille, yhteisty\u00f6kumppaneille ja muuten vain yst\u00e4ville avoin tapahtuma. Syd\u00e4mellisesti tervetuloa!<\/span><\/b><\/p>\n","protected":false},"excerpt":{"rendered":"<p>P\u00e4in n\u00e4k\u00f6\u00e4! eli tuttavallisemmin vain Pl\u00e4si on kaikille opiskelijoille (ja osittain my\u00f6s kotijoukoille ja muille l\u00e4hiyst\u00e4ville)\u00a0tarkoitettu taidep\u00e4iv\u00e4 klo 13.15-19. Alkupalat nautitaan jo aamulla p\u00e4iv\u00e4navauksen aikana sek\u00e4 ruokatauolla, kun\u00a0Improvisaatio 2-kurssin J\u00e4lkiruokaryhm\u00e4 tarjoilee lyhyit\u00e4 improja Mediateekiss\u00e4 klo 11.30-11.50. TY\u00d6PAJAT klo 13.15 &#8211;\u00a014.15\u00a0 &hellip; <a href=\"https:\/\/blog.edu.turku.fi\/turunklassillinenlukio\/tapahtumat\/tapahtumia-menneilta-vuosilta\/pain-nakoa2014\/\">Lue loppuun <span class=\"meta-nav\">&rarr;<\/span><\/a><\/p>\n","protected":false},"author":416,"featured_media":0,"parent":2448,"menu_order":3,"comment_status":"closed","ping_status":"closed","template":"","meta":{"footnotes":""},"class_list":["post-1325","page","type-page","status-publish","hentry"],"_links":{"self":[{"href":"https:\/\/blog.edu.turku.fi\/turunklassillinenlukio\/wp-json\/wp\/v2\/pages\/1325","targetHints":{"allow":["GET"]}}],"collection":[{"href":"https:\/\/blog.edu.turku.fi\/turunklassillinenlukio\/wp-json\/wp\/v2\/pages"}],"about":[{"href":"https:\/\/blog.edu.turku.fi\/turunklassillinenlukio\/wp-json\/wp\/v2\/types\/page"}],"author":[{"embeddable":true,"href":"https:\/\/blog.edu.turku.fi\/turunklassillinenlukio\/wp-json\/wp\/v2\/users\/416"}],"replies":[{"embeddable":true,"href":"https:\/\/blog.edu.turku.fi\/turunklassillinenlukio\/wp-json\/wp\/v2\/comments?post=1325"}],"version-history":[{"count":1,"href":"https:\/\/blog.edu.turku.fi\/turunklassillinenlukio\/wp-json\/wp\/v2\/pages\/1325\/revisions"}],"predecessor-version":[{"id":1326,"href":"https:\/\/blog.edu.turku.fi\/turunklassillinenlukio\/wp-json\/wp\/v2\/pages\/1325\/revisions\/1326"}],"up":[{"embeddable":true,"href":"https:\/\/blog.edu.turku.fi\/turunklassillinenlukio\/wp-json\/wp\/v2\/pages\/2448"}],"wp:attachment":[{"href":"https:\/\/blog.edu.turku.fi\/turunklassillinenlukio\/wp-json\/wp\/v2\/media?parent=1325"}],"curies":[{"name":"wp","href":"https:\/\/api.w.org\/{rel}","templated":true}]}}