{"id":130,"date":"2013-04-24T14:34:25","date_gmt":"2013-04-24T11:34:25","guid":{"rendered":"https:\/\/blog.edu.turku.fi\/turunklassillinenlukio\/?page_id=130"},"modified":"2019-06-10T10:44:10","modified_gmt":"2019-06-10T07:44:10","slug":"lomakkeet","status":"publish","type":"page","link":"https:\/\/blog.edu.turku.fi\/turunklassillinenlukio\/lomakkeet\/","title":{"rendered":"Lomakkeet"},"content":{"rendered":"<ul>\n<li><a href=\"https:\/\/blog.edu.turku.fi\/turunklassillinenlukio\/files\/2019\/06\/Vaihto-oppilaskaavake.pdf\">Vaihto-oppilaskaavake<\/a> (PDF, 14 kt)<\/li>\n<li><a href=\"https:\/\/blog.edu.turku.fi\/turunklassillinenlukio\/files\/2018\/05\/Itsen\u00e4inen-suoritus.pdf\">Itsen\u00e4inen suoritus<\/a> (PDF, 7 kt)<\/li>\n<li><a href=\"https:\/\/blog.edu.turku.fi\/turunklassillinenlukio\/files\/2019\/06\/Numeroarvosana-vai-S-2019-2020.pdf\">Numeroarvosana vai suoritusmerkint\u00e4<\/a> (PDF, 15 kt)<\/li>\n<li><a href=\"https:\/\/blog.edu.turku.fi\/turunklassillinenlukio\/files\/2018\/05\/Muualla-suoritetut-kurssit_kaavake.pdf\">Muualla suoritetut kurssit -anomus<\/a> (PDF, 37 kt)<\/li>\n<li><a href=\"https:\/\/wilma.turku.fi\">Poissaoloanomuksen voi huoltaja tehd\u00e4 Wilmaan<\/a> tai <a href=\"https:\/\/blog.edu.turku.fi\/turunklassillinenlukio\/files\/2013\/03\/poissaolo.pdf\">PDF-lomakkeella<\/a> (17 kt)<\/li>\n<li><a href=\"https:\/\/blog.edu.turku.fi\/klassillinentiedotus\/files\/2014\/10\/Poisluettavat-kurssit-taideviestinn%C3%A4n-opiskelijalla-lops2016-1.pdf\">Poisj\u00e4tett\u00e4v\u00e4t kurssit taideviestinn\u00e4n opiskelijalla 2. vuoden kev\u00e4\u00e4ll\u00e4<\/a> (PDF, 18 kt)<\/li>\n<\/ul>\n","protected":false},"excerpt":{"rendered":"<p>Vaihto-oppilaskaavake (PDF, 14 kt) Itsen\u00e4inen suoritus (PDF, 7 kt) Numeroarvosana vai suoritusmerkint\u00e4 (PDF, 15 kt) Muualla suoritetut kurssit -anomus (PDF, 37 kt) Poissaoloanomuksen voi huoltaja tehd\u00e4 Wilmaan tai PDF-lomakkeella (17 kt) Poisj\u00e4tett\u00e4v\u00e4t kurssit taideviestinn\u00e4n opiskelijalla 2. vuoden kev\u00e4\u00e4ll\u00e4 (PDF, 18 &hellip; <a href=\"https:\/\/blog.edu.turku.fi\/turunklassillinenlukio\/lomakkeet\/\">Lue loppuun <span class=\"meta-nav\">&rarr;<\/span><\/a><\/p>\n","protected":false},"author":98,"featured_media":0,"parent":0,"menu_order":10,"comment_status":"closed","ping_status":"closed","template":"","meta":{"footnotes":""},"class_list":["post-130","page","type-page","status-publish","hentry"],"_links":{"self":[{"href":"https:\/\/blog.edu.turku.fi\/turunklassillinenlukio\/wp-json\/wp\/v2\/pages\/130","targetHints":{"allow":["GET"]}}],"collection":[{"href":"https:\/\/blog.edu.turku.fi\/turunklassillinenlukio\/wp-json\/wp\/v2\/pages"}],"about":[{"href":"https:\/\/blog.edu.turku.fi\/turunklassillinenlukio\/wp-json\/wp\/v2\/types\/page"}],"author":[{"embeddable":true,"href":"https:\/\/blog.edu.turku.fi\/turunklassillinenlukio\/wp-json\/wp\/v2\/users\/98"}],"replies":[{"embeddable":true,"href":"https:\/\/blog.edu.turku.fi\/turunklassillinenlukio\/wp-json\/wp\/v2\/comments?post=130"}],"version-history":[{"count":36,"href":"https:\/\/blog.edu.turku.fi\/turunklassillinenlukio\/wp-json\/wp\/v2\/pages\/130\/revisions"}],"predecessor-version":[{"id":4705,"href":"https:\/\/blog.edu.turku.fi\/turunklassillinenlukio\/wp-json\/wp\/v2\/pages\/130\/revisions\/4705"}],"wp:attachment":[{"href":"https:\/\/blog.edu.turku.fi\/turunklassillinenlukio\/wp-json\/wp\/v2\/media?parent=130"}],"curies":[{"name":"wp","href":"https:\/\/api.w.org\/{rel}","templated":true}]}}