{"id":1290,"date":"2014-03-24T11:34:33","date_gmt":"2014-03-24T09:34:33","guid":{"rendered":"https:\/\/blog.edu.turku.fi\/turunklassillinenlukio\/?page_id=1290"},"modified":"2019-06-10T09:20:00","modified_gmt":"2019-06-10T06:20:00","slug":"oppiaineet-ja-lyhenteet","status":"publish","type":"page","link":"https:\/\/blog.edu.turku.fi\/turunklassillinenlukio\/opinnot\/oppiaineet-ja-lyhenteet\/","title":{"rendered":"Oppiaineet ja lyhenteet"},"content":{"rendered":"<table style=\"height: 1775px\" border=\"0\" width=\"628\" cellspacing=\"0\" cellpadding=\"0\">\n<tbody>\n<tr>\n<td width=\"375\" height=\"19\"><strong>Oppiaine<\/strong><\/td>\n<td width=\"139\"><\/td>\n<\/tr>\n<tr>\n<td height=\"19\">\u00c4idinkieli ja kirjallisuus, suomi \u00e4idinkielen\u00e4 (\u00c4I)<\/td>\n<td><\/td>\n<\/tr>\n<tr>\n<td height=\"19\">\u00c4idinkieli ja kirjallisuus, suomi toisena kielen\u00e4 (S2)<\/td>\n<td><\/td>\n<\/tr>\n<tr>\n<td height=\"19\">Ruotsi (RUA)<\/td>\n<td><\/td>\n<\/tr>\n<tr>\n<td height=\"19\">Ruotsi (RUB1)<\/td>\n<td><\/td>\n<\/tr>\n<tr>\n<td height=\"19\">Englanti (ENA)<\/td>\n<td><\/td>\n<\/tr>\n<tr>\n<td height=\"19\">Ranska (RAA)<\/td>\n<td><\/td>\n<\/tr>\n<tr>\n<td height=\"19\">Saksa (SAA)<\/td>\n<td><\/td>\n<\/tr>\n<tr>\n<td height=\"19\">Ven\u00e4j\u00e4 (VEA)<\/td>\n<td><\/td>\n<\/tr>\n<tr>\n<td height=\"19\">Espanja, yl\u00e4k0ulussa alkanut (EAB2)<\/td>\n<td><\/td>\n<\/tr>\n<tr>\n<td height=\"19\"><a href=\"http:\/\/www.turunklassikotry.com\/\" target=\"_blank\" rel=\"noopener\">Latina<\/a>, yl\u00e4koulussa alkanut (LAB2)<\/td>\n<td><\/td>\n<\/tr>\n<tr>\n<td height=\"19\">Ranska, yl\u00e4koulussa alkanut (RAB2)<\/td>\n<td><\/td>\n<\/tr>\n<tr>\n<td height=\"19\">Saksa, yl\u00e4koulussa alkanut (SAB2)<\/td>\n<td><\/td>\n<\/tr>\n<tr>\n<td height=\"19\">Ven\u00e4j\u00e4, yl\u00e4koulussa alkanut (VEB2)<\/td>\n<td><\/td>\n<\/tr>\n<tr>\n<td height=\"19\">Espanja, lukiossa alkava (EAB3)<\/td>\n<td><\/td>\n<\/tr>\n<tr>\n<td height=\"19\">Italia, lukiossa alkava (IAB3)<\/td>\n<td><\/td>\n<\/tr>\n<tr>\n<td height=\"19\"><a href=\"http:\/\/www.turunklassikotry.com\/\" target=\"_blank\" rel=\"noopener\">Latina<\/a>, lukiossa alkava (LAB3)<\/td>\n<td><\/td>\n<\/tr>\n<tr>\n<td height=\"19\">Ranska, lukiossa alkava (RAB3)<\/td>\n<td><\/td>\n<\/tr>\n<tr>\n<td height=\"19\">Saksa, lukiossa alkava (SAB3)<\/td>\n<td><\/td>\n<\/tr>\n<tr>\n<td height=\"19\">Ven\u00e4j\u00e4, lukiossa alkava (VEB3)<\/td>\n<td><\/td>\n<\/tr>\n<tr>\n<td height=\"19\">Vanha Kreikka, lukiossa alkava (KDB3)<\/td>\n<td><\/td>\n<\/tr>\n<tr>\n<td height=\"19\">Yhteinen matematiikka (MAY)<\/td>\n<td><\/td>\n<\/tr>\n<tr>\n<td height=\"19\">Matematiikan pitk\u00e4 oppim\u00e4\u00e4r\u00e4 (MAA)<\/td>\n<td><\/td>\n<\/tr>\n<tr>\n<td height=\"19\">Matematiikan lyhyt oppim\u00e4\u00e4r\u00e4 (MAB)<\/td>\n<td><\/td>\n<\/tr>\n<tr>\n<td height=\"19\">Biologia (BI)<\/td>\n<td><\/td>\n<\/tr>\n<tr>\n<td height=\"19\">Maantiede (GE)<\/td>\n<td><\/td>\n<\/tr>\n<tr>\n<td height=\"19\">Fysiikka (FY)<\/td>\n<td><\/td>\n<\/tr>\n<tr>\n<td height=\"19\">Kemia (KE)<\/td>\n<td><\/td>\n<\/tr>\n<tr>\n<td height=\"19\">Filosofia (FI)<\/td>\n<td><\/td>\n<\/tr>\n<tr>\n<td height=\"19\">Psykologia (PS)<\/td>\n<td><\/td>\n<\/tr>\n<tr>\n<td height=\"17\">Historia (HI)<\/td>\n<td><\/td>\n<\/tr>\n<tr>\n<td height=\"17\">Yhteiskuntaoppi (YH)<\/td>\n<td><\/td>\n<\/tr>\n<tr>\n<td height=\"19\">Uskonto, evl.\/El\u00e4m\u00e4nkatsomustieto (UE)<\/td>\n<td><\/td>\n<\/tr>\n<tr>\n<td height=\"19\">Uskonto, ort.\/El\u00e4m\u00e4nkatsomustieto (UO)<\/td>\n<td><\/td>\n<\/tr>\n<tr>\n<td height=\"19\">Uskonto, kat.\/El\u00e4m\u00e4nkatsomustieto (UK)<\/td>\n<td><\/td>\n<\/tr>\n<tr>\n<td height=\"19\">Uskonto, isl.\/El\u00e4m\u00e4nkatsomustieto (UI)<\/td>\n<td><\/td>\n<\/tr>\n<tr>\n<td height=\"19\">Uskonto\/El\u00e4m\u00e4nkatsomustieto (ET)<\/td>\n<td><\/td>\n<\/tr>\n<tr>\n<td height=\"19\">Terveystieto (TE)<\/td>\n<td><\/td>\n<\/tr>\n<tr>\n<td height=\"19\">Liikunta (LI)<\/td>\n<td><\/td>\n<\/tr>\n<tr>\n<td height=\"19\">Musiikki (MU)<\/td>\n<td><\/td>\n<\/tr>\n<tr>\n<td height=\"19\">Kuvataide (KU)<\/td>\n<td><\/td>\n<\/tr>\n<tr>\n<td height=\"19\">Opinto-ohjaus (OP)<\/td>\n<td><\/td>\n<\/tr>\n<tr>\n<td height=\"19\">Teemaopinnot (TO)<\/td>\n<td><\/td>\n<\/tr>\n<tr>\n<td height=\"19\">Lukiodiplomit (LD)<\/td>\n<td><\/td>\n<\/tr>\n<tr>\n<td height=\"19\">Taiteiden v\u00e4liset kurssit (TA)<\/td>\n<td><\/td>\n<\/tr>\n<tr>\n<td height=\"19\">Hyvinvointiopinnot (HO)<\/td>\n<td><\/td>\n<\/tr>\n<tr>\n<td height=\"19\">Teatteri-ilmaisu (TI)<\/td>\n<td><\/td>\n<\/tr>\n<tr>\n<td height=\"19\">Mediailmaisu (MI)<\/td>\n<td><\/td>\n<\/tr>\n<tr>\n<td height=\"19\">Steam-kurssit (STM)<\/td>\n<td><\/td>\n<\/tr>\n<\/tbody>\n<\/table>\n","protected":false},"excerpt":{"rendered":"<p>Oppiaine \u00c4idinkieli ja kirjallisuus, suomi \u00e4idinkielen\u00e4 (\u00c4I) \u00c4idinkieli ja kirjallisuus, suomi toisena kielen\u00e4 (S2) Ruotsi (RUA) Ruotsi (RUB1) Englanti (ENA) Ranska (RAA) Saksa (SAA) Ven\u00e4j\u00e4 (VEA) Espanja, yl\u00e4k0ulussa alkanut (EAB2) Latina, yl\u00e4koulussa alkanut (LAB2) Ranska, yl\u00e4koulussa alkanut (RAB2) Saksa, yl\u00e4koulussa &hellip; <a href=\"https:\/\/blog.edu.turku.fi\/turunklassillinenlukio\/opinnot\/oppiaineet-ja-lyhenteet\/\">Lue loppuun <span class=\"meta-nav\">&rarr;<\/span><\/a><\/p>\n","protected":false},"author":723,"featured_media":0,"parent":805,"menu_order":4,"comment_status":"closed","ping_status":"closed","template":"","meta":{"footnotes":""},"class_list":["post-1290","page","type-page","status-publish","hentry"],"_links":{"self":[{"href":"https:\/\/blog.edu.turku.fi\/turunklassillinenlukio\/wp-json\/wp\/v2\/pages\/1290","targetHints":{"allow":["GET"]}}],"collection":[{"href":"https:\/\/blog.edu.turku.fi\/turunklassillinenlukio\/wp-json\/wp\/v2\/pages"}],"about":[{"href":"https:\/\/blog.edu.turku.fi\/turunklassillinenlukio\/wp-json\/wp\/v2\/types\/page"}],"author":[{"embeddable":true,"href":"https:\/\/blog.edu.turku.fi\/turunklassillinenlukio\/wp-json\/wp\/v2\/users\/723"}],"replies":[{"embeddable":true,"href":"https:\/\/blog.edu.turku.fi\/turunklassillinenlukio\/wp-json\/wp\/v2\/comments?post=1290"}],"version-history":[{"count":12,"href":"https:\/\/blog.edu.turku.fi\/turunklassillinenlukio\/wp-json\/wp\/v2\/pages\/1290\/revisions"}],"predecessor-version":[{"id":4683,"href":"https:\/\/blog.edu.turku.fi\/turunklassillinenlukio\/wp-json\/wp\/v2\/pages\/1290\/revisions\/4683"}],"up":[{"embeddable":true,"href":"https:\/\/blog.edu.turku.fi\/turunklassillinenlukio\/wp-json\/wp\/v2\/pages\/805"}],"wp:attachment":[{"href":"https:\/\/blog.edu.turku.fi\/turunklassillinenlukio\/wp-json\/wp\/v2\/media?parent=1290"}],"curies":[{"name":"wp","href":"https:\/\/api.w.org\/{rel}","templated":true}]}}