{"id":1279,"date":"2014-03-21T11:11:56","date_gmt":"2014-03-21T09:11:56","guid":{"rendered":"https:\/\/blog.edu.turku.fi\/turunklassillinenlukio\/?page_id=1279"},"modified":"2014-10-13T09:11:16","modified_gmt":"2014-10-13T06:11:16","slug":"arvot","status":"publish","type":"page","link":"https:\/\/blog.edu.turku.fi\/turunklassillinenlukio\/opinnot\/arvot\/","title":{"rendered":"Turun klassillisen lukion arvot ja toiminta-ajatus"},"content":{"rendered":"<h3><strong>Turun klassillisen lukion teht\u00e4v\u00e4, tavoite ja arvoperusta <\/strong><\/h3>\n<p>Turun klassillisen lukion teht\u00e4v\u00e4n\u00e4 on kouluttaa monipuolisesti jatkokoulutuskelpoisia ylioppilaita.<\/p>\n<p>Erityislukiona painotamme kulttuurin tuntemusta sek\u00e4 tieteen ja taiteen avulla kasvamista. Ne ovat oppimisen kohteita ja el\u00e4m\u00e4nhallinnan v\u00e4lineit\u00e4.<\/p>\n<p>Turun klassillisessa lukiossa tavoitteenamme on vahvistaa opiskelijan itsetuntoa ja laaja-alaista osaamista. Opiskelija, jolla on hyv\u00e4 itsetunto, arvostaa itse\u00e4\u00e4n ja muita sek\u00e4 voi hyvin.<\/p>\n<p>Turun klassillisessa lukiossa arvostetaan aktiivista oppimista ja ty\u00f6ntekoa sek\u00e4 kannustavaa ja my\u00f6nteist\u00e4 opiskeluilmapiiri\u00e4. Lukiomme toimintaa ohjaa yhteis\u00f6llisyys, toisista v\u00e4litt\u00e4minen ja vastuullisuus. Arvostamme luontevaa kommunikointia ja ihmisen kohtaamisen taitoa. Tuemme opiskelijoiden muuntautumis- ja valikointikyky\u00e4, jotka auttavat sopeutumaan tulevaisuuden haasteisiin.<\/p>\n<h3><strong>Turun klassillisen lukion toiminta-ajatus<\/strong><\/h3>\n<p>Turun klassillisessa lukiossa arvostetaan laaja-alaisesti yleissivistyst\u00e4 ja kulttuuriarvoja. Koulutamme\u00a0tavoitteellisia, yhteisty\u00f6kykyisi\u00e4, analyyttiseen ajatteluun kykenevi\u00e4 ja jatko-opintokelpoisia ylioppilaita. Otamme huomioon opiskelijoiden erityisosaamisen ja annamme opiskelijoille ev\u00e4it\u00e4 omien kykyjens\u00e4 toteuttamiseen, jotta he menestyisiv\u00e4t el\u00e4m\u00e4ss\u00e4\u00e4n.<\/p>\n","protected":false},"excerpt":{"rendered":"<p>Turun klassillisen lukion teht\u00e4v\u00e4, tavoite ja arvoperusta Turun klassillisen lukion teht\u00e4v\u00e4n\u00e4 on kouluttaa monipuolisesti jatkokoulutuskelpoisia ylioppilaita. Erityislukiona painotamme kulttuurin tuntemusta sek\u00e4 tieteen ja taiteen avulla kasvamista. Ne ovat oppimisen kohteita ja el\u00e4m\u00e4nhallinnan v\u00e4lineit\u00e4. Turun klassillisessa lukiossa tavoitteenamme on vahvistaa opiskelijan &hellip; <a href=\"https:\/\/blog.edu.turku.fi\/turunklassillinenlukio\/opinnot\/arvot\/\">Lue loppuun <span class=\"meta-nav\">&rarr;<\/span><\/a><\/p>\n","protected":false},"author":416,"featured_media":0,"parent":805,"menu_order":0,"comment_status":"closed","ping_status":"closed","template":"","meta":{"footnotes":""},"class_list":["post-1279","page","type-page","status-publish","hentry"],"_links":{"self":[{"href":"https:\/\/blog.edu.turku.fi\/turunklassillinenlukio\/wp-json\/wp\/v2\/pages\/1279","targetHints":{"allow":["GET"]}}],"collection":[{"href":"https:\/\/blog.edu.turku.fi\/turunklassillinenlukio\/wp-json\/wp\/v2\/pages"}],"about":[{"href":"https:\/\/blog.edu.turku.fi\/turunklassillinenlukio\/wp-json\/wp\/v2\/types\/page"}],"author":[{"embeddable":true,"href":"https:\/\/blog.edu.turku.fi\/turunklassillinenlukio\/wp-json\/wp\/v2\/users\/416"}],"replies":[{"embeddable":true,"href":"https:\/\/blog.edu.turku.fi\/turunklassillinenlukio\/wp-json\/wp\/v2\/comments?post=1279"}],"version-history":[{"count":2,"href":"https:\/\/blog.edu.turku.fi\/turunklassillinenlukio\/wp-json\/wp\/v2\/pages\/1279\/revisions"}],"predecessor-version":[{"id":1679,"href":"https:\/\/blog.edu.turku.fi\/turunklassillinenlukio\/wp-json\/wp\/v2\/pages\/1279\/revisions\/1679"}],"up":[{"embeddable":true,"href":"https:\/\/blog.edu.turku.fi\/turunklassillinenlukio\/wp-json\/wp\/v2\/pages\/805"}],"wp:attachment":[{"href":"https:\/\/blog.edu.turku.fi\/turunklassillinenlukio\/wp-json\/wp\/v2\/media?parent=1279"}],"curies":[{"name":"wp","href":"https:\/\/api.w.org\/{rel}","templated":true}]}}