{"id":1256,"date":"2014-03-17T14:55:31","date_gmt":"2014-03-17T12:55:31","guid":{"rendered":"https:\/\/blog.edu.turku.fi\/turunklassillinenlukio\/?page_id=1256"},"modified":"2016-06-13T15:05:07","modified_gmt":"2016-06-13T12:05:07","slug":"himoksella-14-3-2014","status":"publish","type":"page","link":"https:\/\/blog.edu.turku.fi\/turunklassillinenlukio\/tapahtumat\/tapahtumia-menneilta-vuosilta\/himoksella-14-3-2014\/","title":{"rendered":"Himoksella 14.3.2014"},"content":{"rendered":"<p>Uskomattoman v\u00e4h\u00e4nlumisen talven j\u00e4lkeen oli varmasti hienoa k\u00e4yd\u00e4 laskettelemassa Himoksen hyv\u00e4kuntoisilla rinteill\u00e4, vaikka ymp\u00e4rist\u00f6ss\u00e4 ei lumesta ollut tietoakaan. T\u00e4m\u00e4 talvi varmaan muistetaan, mutta toivottavasti ei toistu!<\/p>\n<p>Muutama kuva lukiomme onnistuneelta laskettelureissulta.<\/p>\n<div id='gallery-1' class='gallery galleryid-1256 gallery-columns-4 gallery-size-thumbnail'><dl class='gallery-item'>\n\t\t\t<dt class='gallery-icon portrait'>\n\t\t\t\t<a href='https:\/\/blog.edu.turku.fi\/turunklassillinenlukio\/tapahtumat\/tapahtumia-menneilta-vuosilta\/himoksella-14-3-2014\/kuva-4\/'><img loading=\"lazy\" decoding=\"async\" width=\"150\" height=\"150\" src=\"https:\/\/blog.edu.turku.fi\/turunklassillinenlukio\/files\/2014\/03\/kuva-4-150x150.jpg\" class=\"attachment-thumbnail size-thumbnail\" alt=\"L\u00e4hikuvaa hiihtohissist\u00e4 Himoksella\" \/><\/a>\n\t\t\t<\/dt><\/dl><dl class='gallery-item'>\n\t\t\t<dt class='gallery-icon landscape'>\n\t\t\t\t<a href='https:\/\/blog.edu.turku.fi\/turunklassillinenlukio\/tapahtumat\/tapahtumia-menneilta-vuosilta\/himoksella-14-3-2014\/wp_20140314_001\/'><img loading=\"lazy\" decoding=\"async\" width=\"150\" height=\"150\" src=\"https:\/\/blog.edu.turku.fi\/turunklassillinenlukio\/files\/2014\/03\/WP_20140314_001-150x150.jpg\" class=\"attachment-thumbnail size-thumbnail\" alt=\"Laskettelukurssilaisia himoksella\" \/><\/a>\n\t\t\t<\/dt><\/dl><dl class='gallery-item'>\n\t\t\t<dt class='gallery-icon landscape'>\n\t\t\t\t<a href='https:\/\/blog.edu.turku.fi\/turunklassillinenlukio\/tapahtumat\/tapahtumia-menneilta-vuosilta\/himoksella-14-3-2014\/wp_20140314_002\/'><img loading=\"lazy\" decoding=\"async\" width=\"150\" height=\"150\" src=\"https:\/\/blog.edu.turku.fi\/turunklassillinenlukio\/files\/2014\/03\/WP_20140314_002-150x150.jpg\" class=\"attachment-thumbnail size-thumbnail\" alt=\"Laskettelukurssilaisia himoksella\" \/><\/a>\n\t\t\t<\/dt><\/dl><dl class='gallery-item'>\n\t\t\t<dt class='gallery-icon landscape'>\n\t\t\t\t<a href='https:\/\/blog.edu.turku.fi\/turunklassillinenlukio\/tapahtumat\/tapahtumia-menneilta-vuosilta\/himoksella-14-3-2014\/wp_20140314_006\/'><img loading=\"lazy\" decoding=\"async\" width=\"150\" height=\"150\" src=\"https:\/\/blog.edu.turku.fi\/turunklassillinenlukio\/files\/2014\/03\/WP_20140314_006-150x150.jpg\" class=\"attachment-thumbnail size-thumbnail\" alt=\"Laskettelukurssilaisia himoksella\" \/><\/a>\n\t\t\t<\/dt><\/dl><br style=\"clear: both\" \/><dl class='gallery-item'>\n\t\t\t<dt class='gallery-icon landscape'>\n\t\t\t\t<a href='https:\/\/blog.edu.turku.fi\/turunklassillinenlukio\/tapahtumat\/tapahtumia-menneilta-vuosilta\/himoksella-14-3-2014\/wp_20140314_036\/'><img loading=\"lazy\" decoding=\"async\" width=\"150\" height=\"150\" src=\"https:\/\/blog.edu.turku.fi\/turunklassillinenlukio\/files\/2014\/03\/WP_20140314_036-150x150.jpg\" class=\"attachment-thumbnail size-thumbnail\" alt=\"Laskettelukurssilaisten ryhm\u00e4kuva Himoksella\" \/><\/a>\n\t\t\t<\/dt><\/dl><dl class='gallery-item'>\n\t\t\t<dt class='gallery-icon landscape'>\n\t\t\t\t<a href='https:\/\/blog.edu.turku.fi\/turunklassillinenlukio\/tapahtumat\/tapahtumia-menneilta-vuosilta\/himoksella-14-3-2014\/image6\/'><img loading=\"lazy\" decoding=\"async\" width=\"150\" height=\"150\" src=\"https:\/\/blog.edu.turku.fi\/turunklassillinenlukio\/files\/2014\/03\/image6-150x150.jpg\" class=\"attachment-thumbnail size-thumbnail\" alt=\"Laskettelukurssilainen himoksella\" \/><\/a>\n\t\t\t<\/dt><\/dl><dl class='gallery-item'>\n\t\t\t<dt class='gallery-icon portrait'>\n\t\t\t\t<a href='https:\/\/blog.edu.turku.fi\/turunklassillinenlukio\/tapahtumat\/tapahtumia-menneilta-vuosilta\/himoksella-14-3-2014\/image10\/'><img loading=\"lazy\" decoding=\"async\" width=\"150\" height=\"150\" src=\"https:\/\/blog.edu.turku.fi\/turunklassillinenlukio\/files\/2014\/03\/image10-150x150.jpg\" class=\"attachment-thumbnail size-thumbnail\" alt=\"Maisemakuvaa Himokselta\" \/><\/a>\n\t\t\t<\/dt><\/dl><dl class='gallery-item'>\n\t\t\t<dt class='gallery-icon landscape'>\n\t\t\t\t<a href='https:\/\/blog.edu.turku.fi\/turunklassillinenlukio\/tapahtumat\/tapahtumia-menneilta-vuosilta\/himoksella-14-3-2014\/image12\/'><img loading=\"lazy\" decoding=\"async\" width=\"150\" height=\"150\" src=\"https:\/\/blog.edu.turku.fi\/turunklassillinenlukio\/files\/2014\/03\/image12-150x150.jpg\" class=\"attachment-thumbnail size-thumbnail\" alt=\"Laskettelukurssilaisia himoksella\" \/><\/a>\n\t\t\t<\/dt><\/dl><br style=\"clear: both\" \/>\n\t\t<\/div>\n\n","protected":false},"excerpt":{"rendered":"<p>Uskomattoman v\u00e4h\u00e4nlumisen talven j\u00e4lkeen oli varmasti hienoa k\u00e4yd\u00e4 laskettelemassa Himoksen hyv\u00e4kuntoisilla rinteill\u00e4, vaikka ymp\u00e4rist\u00f6ss\u00e4 ei lumesta ollut tietoakaan. T\u00e4m\u00e4 talvi varmaan muistetaan, mutta toivottavasti ei toistu! Muutama kuva lukiomme onnistuneelta laskettelureissulta.<\/p>\n","protected":false},"author":416,"featured_media":0,"parent":2448,"menu_order":4,"comment_status":"closed","ping_status":"closed","template":"","meta":{"footnotes":""},"class_list":["post-1256","page","type-page","status-publish","hentry"],"_links":{"self":[{"href":"https:\/\/blog.edu.turku.fi\/turunklassillinenlukio\/wp-json\/wp\/v2\/pages\/1256","targetHints":{"allow":["GET"]}}],"collection":[{"href":"https:\/\/blog.edu.turku.fi\/turunklassillinenlukio\/wp-json\/wp\/v2\/pages"}],"about":[{"href":"https:\/\/blog.edu.turku.fi\/turunklassillinenlukio\/wp-json\/wp\/v2\/types\/page"}],"author":[{"embeddable":true,"href":"https:\/\/blog.edu.turku.fi\/turunklassillinenlukio\/wp-json\/wp\/v2\/users\/416"}],"replies":[{"embeddable":true,"href":"https:\/\/blog.edu.turku.fi\/turunklassillinenlukio\/wp-json\/wp\/v2\/comments?post=1256"}],"version-history":[{"count":1,"href":"https:\/\/blog.edu.turku.fi\/turunklassillinenlukio\/wp-json\/wp\/v2\/pages\/1256\/revisions"}],"predecessor-version":[{"id":1265,"href":"https:\/\/blog.edu.turku.fi\/turunklassillinenlukio\/wp-json\/wp\/v2\/pages\/1256\/revisions\/1265"}],"up":[{"embeddable":true,"href":"https:\/\/blog.edu.turku.fi\/turunklassillinenlukio\/wp-json\/wp\/v2\/pages\/2448"}],"wp:attachment":[{"href":"https:\/\/blog.edu.turku.fi\/turunklassillinenlukio\/wp-json\/wp\/v2\/media?parent=1256"}],"curies":[{"name":"wp","href":"https:\/\/api.w.org\/{rel}","templated":true}]}}