{"id":1251,"date":"2014-03-17T12:37:16","date_gmt":"2014-03-17T10:37:16","guid":{"rendered":"https:\/\/blog.edu.turku.fi\/turunklassillinenlukio\/?page_id=1251"},"modified":"2018-06-05T14:15:53","modified_gmt":"2018-06-05T11:15:53","slug":"jarjestyssaannot","status":"publish","type":"page","link":"https:\/\/blog.edu.turku.fi\/turunklassillinenlukio\/opiskelu\/jarjestyssaannot\/","title":{"rendered":"Turun klassillisen lukion j\u00e4rjestyss\u00e4\u00e4nn\u00f6t"},"content":{"rendered":"<p><strong style=\"font-size: 1.4em;line-height: 1.5em\">J\u00e4rjestyss\u00e4\u00e4nt\u00f6jen tavoitteet<\/strong><\/p>\n<p>J\u00e4rjestyss\u00e4\u00e4nt\u00f6jen tarkoituksena on taata h\u00e4iri\u00f6t\u00f6n, viihtyis\u00e4 ja turvallinen ty\u00f6ymp\u00e4rist\u00f6. S\u00e4\u00e4nn\u00f6t asettavat kaikille ty\u00f6yhteis\u00f6n j\u00e4senille velvollisuuksia, mutta takaavat samalla oikeuksia. J\u00e4rjestyss\u00e4\u00e4nt\u00f6j\u00e4 tulee noudattaa kaikissa lukion nimiss\u00e4 j\u00e4rjestett\u00e4viss\u00e4 tilaisuuksissa my\u00f6s koulurakennuksen ja koulualueen ulkopuolella.<\/p>\n<h3><strong>Turun klassillisen lukion toimintakulttuuri ja \u201dtalon s\u00e4\u00e4nt\u00f6j\u00e4\u201d<\/strong><\/h3>\n<p><strong>J\u00e4rjestyss\u00e4\u00e4nt\u00f6jen vastainen toiminta<\/strong><br \/>\nJ\u00e4rjestyss\u00e4\u00e4nt\u00f6jen noudattamatta j\u00e4tt\u00e4misest\u00e4 ovat voimassa koululakien mukaiset seuraukset, esimerkiksi rehtorin antama kirjallinen varoitus ja m\u00e4\u00e4r\u00e4aikainen erottaminen. Ennen kirjallisen varoituksen antamista opiskelijaa on kuultava.<\/p>\n<p><strong>Koulualue<\/strong><br \/>\nKoulualueena pidet\u00e4\u00e4n koulurakennusta ja koulup\u00e4iv\u00e4n aikana kaikkia niit\u00e4 tiloja, kentti\u00e4 yms., joilla oppitunteja ja muita koulun tilaisuuksia j\u00e4rjestet\u00e4\u00e4n.<\/p>\n<p><strong>Kouluaika<\/strong><br \/>\nKouluajaksi katsotaan<br \/>\n&#8211; lukuj\u00e4rjestyksen mukainen ty\u00f6p\u00e4iv\u00e4<br \/>\n&#8211; lukion retket, opintok\u00e4ynnit ja koulun alueen ulkopuoliset koulun j\u00e4rjest\u00e4m\u00e4t tilaisuudet<br \/>\n&#8211; kouluorganisaatioon kuuluvien j\u00e4rjest\u00f6jen, yhdistysten ja kerhojen tilaisuudet<\/p>\n<p><strong>L\u00e4sn\u00e4olo oppitunneilla<\/strong><br \/>\nOpettaja merkitsee opiskelijan poissaolon tai mahdollisen my\u00f6h\u00e4stymisen kurssip\u00e4iv\u00e4kirjaan ja Wilmaan. Opettaja voi p\u00e4\u00e4st\u00e4\u00e4 my\u00f6h\u00e4styneen opiskelijan oppitunnille, ellei siit\u00e4 aiheudu h\u00e4iri\u00f6t\u00e4 muille. Huomattavasti my\u00f6h\u00e4ss\u00e4 oleva opiskelija katsotaan poissaolleeksi.<br \/>\nToistuvista my\u00f6h\u00e4stymisist\u00e4 tulee informoida opiskelijan ryhm\u00e4nohjaajaa, joka ryhtyy tarvittaviin toimenpiteisiin.<\/p>\n<p><strong>Tuntien v\u00e4linen aika ja vapaatunnit<\/strong><br \/>\nTuntien v\u00e4lisen ajan ja vapaatunnit lukiolaiset saavat viett\u00e4\u00e4 heille erikseen osoitetuissa tiloissa.<\/p>\n<p><strong>Sairaustapaus tai tapaturma koulup\u00e4iv\u00e4n aikana<\/strong><br \/>\n\u00c4killisiss\u00e4 sairaustapauksissa kouluaikana poissaololuvan antaa terveydenhoitaja, ryhm\u00e4nohjaaja, muu opettaja tai kansliahenkil\u00f6kunta.<br \/>\nTapaturman sattuessa ilmoitetaan siit\u00e4 viipym\u00e4tt\u00e4 terveydenhoitajalle, jollekin opettajalle tai kansliaan ja annetaan tarvittava ensiapu.<\/p>\n<p><strong>Poissaolo<\/strong><br \/>\nJos opiskelija on estynyt saapumasta kouluun eik\u00e4 h\u00e4n ole saanut etuk\u00e4teen lupaa poissaoloon, h\u00e4nen tai<br \/>\nh\u00e4nen huoltajansa on ilmoitettava poissaolosta kouluun mahdollisimman pian.<\/p>\n<p><strong>Vilppi ja plagiointi<\/strong><br \/>\nMik\u00e4li opiskelija syyllistyy kokeissa tai muussa suorituksessaan vilppiin tai j\u00e4tt\u00e4\u00e4 opettajalle arvioitavaksi plagiaatin, kurssia ei arvioida. Opiskelijalla ei ole my\u00f6sk\u00e4\u00e4n oikeutta osallistua uusintakokeeseen, vaan h\u00e4nen on osallistuttava kurssille uudelleen. Vilpiksi kokeessa katsotaan mm. kaiken ylim\u00e4\u00e4r\u00e4isen tavaran, kuten puhelimen hallussapito. Vilpiksi katsotaan my\u00f6s toisen opiskelijan avustaminen kokeessa.<br \/>\nVilpist\u00e4 tiedotetaan aina huoltajille.<\/p>\n<p><strong>Ruokailu<\/strong><br \/>\nRuokailussa noudatetaan hyvi\u00e4 ruokailutapoja sek\u00e4 noudatetaan keitti\u00f6henkil\u00f6kunnan antamia ohjeita.<\/p>\n<p><strong>Koulun tilojen ja laitteiden k\u00e4ytt\u00f6<\/strong><br \/>\nLuokkien ovet pidet\u00e4\u00e4n lukittuina koulup\u00e4iv\u00e4n ajan.<br \/>\nJokaisen kouluyhteis\u00f6n j\u00e4senen tulee ottaa huomioon muut sek\u00e4 huolehtia hyvin yhteisest\u00e4 omaisuudesta ja koulun siisteydest\u00e4.<\/p>\n<p><strong>Tietokoneet ja tulostaminen<\/strong><br \/>\nKoulussa olevat tietokoneet on tarkoitettu opetusta ja opiskelua varten. Opiskelija saa lukioon tullessaan k\u00e4ytt\u00e4j\u00e4tunnuksen Wilmaan, s\u00e4hk\u00f6postiin ja Moodleen, ellei h\u00e4nell\u00e4 sit\u00e4 ole ennest\u00e4\u00e4n.<\/p>\n<p><strong>Laitteiden k\u00e4ytt\u00e4minen ja lainaaminen<\/strong><br \/>\nKoulun kiinte\u00e4t\u00e4 ja irtainta omaisuutta on k\u00e4sitelt\u00e4v\u00e4 varoen ja vahingoittamatta. Lainaaminen kirjataan ja kuitataan. Koulun laitteiden lainaamisessa on ehdottomasti noudatettava annettuja m\u00e4\u00e4r\u00e4yksi\u00e4 esim. pa-lautusajan suhteen. S\u00e4\u00e4nt\u00f6jen rikkominen aiheuttaa lainauskiellon. Mahdollisesti aiheutuneesta vahingosta on heti ilmoitettava laitteen lainaksi antaneelle henkil\u00f6lle. Opiskelija on velvollinen korvaamaan k oulun omaisuudelle aiheuttamansa vahingon.<\/p>\n<p><strong>Lokerikot<\/strong><br \/>\nKoulun k\u00e4yt\u00e4vill\u00e4 on lukollisia lokerikkoja opiskelijoiden tavaroiden s\u00e4ilytyst\u00e4 varten. P\u00e4\u00e4llysvaatteet on j\u00e4tett\u00e4v\u00e4 niille varattuihin naulakoihin tai lokeroihin. Rahaa ja arvotavaroita ei pid\u00e4 j\u00e4tt\u00e4\u00e4 taskuihin.<\/p>\n<p><strong> Matkapuhelimet ja muut laitteet<\/strong><br \/>\nS\u00e4hk\u00f6isten viestimien k\u00e4ytt\u00f6 oppitunnilla on sallittu vain opettajan luvalla.<\/p>\n<p><strong>Kulkuneuvot<\/strong><br \/>\nPolkupy\u00f6r\u00e4 tai muu ajoneuvo pit\u00e4\u00e4 pys\u00e4k\u00f6id\u00e4 sille osoitetulle alueelle &#8211; ei ajov\u00e4ylille. Opiskelijoiden au-toille ja mopoautoille ei ole pihalla tilaa.<\/p>\n<p><strong>Tupakkatuotteet, p\u00e4ihteet ja huumeet<\/strong><br \/>\nKaikkien tupakkatuotteiden k\u00e4ytt\u00f6 on tupakkalain nojalla kielletty koulussa ja sen alueella sek\u00e4 koulunk\u00e4yntiin liittyviss\u00e4 tilaisuuksissa. Opiskelija ei saa my\u00f6sk\u00e4\u00e4n olla p\u00e4ihteiden tai huumeiden vaikutuksen alaisena miss\u00e4\u00e4n koulunk\u00e4yntiin liittyv\u00e4ss\u00e4 tilaisuudessa koulussa tai sen ulkopuolella. Opiskelija ei saa tuoda p\u00e4ihdytt\u00e4vi\u00e4 aineita kouluun eik\u00e4 lukion tilaisuuksiin.<\/p>\n","protected":false},"excerpt":{"rendered":"<p>J\u00e4rjestyss\u00e4\u00e4nt\u00f6jen tavoitteet J\u00e4rjestyss\u00e4\u00e4nt\u00f6jen tarkoituksena on taata h\u00e4iri\u00f6t\u00f6n, viihtyis\u00e4 ja turvallinen ty\u00f6ymp\u00e4rist\u00f6. S\u00e4\u00e4nn\u00f6t asettavat kaikille ty\u00f6yhteis\u00f6n j\u00e4senille velvollisuuksia, mutta takaavat samalla oikeuksia. J\u00e4rjestyss\u00e4\u00e4nt\u00f6j\u00e4 tulee noudattaa kaikissa lukion nimiss\u00e4 j\u00e4rjestett\u00e4viss\u00e4 tilaisuuksissa my\u00f6s koulurakennuksen ja koulualueen ulkopuolella. Turun klassillisen lukion toimintakulttuuri ja \u201dtalon &hellip; <a href=\"https:\/\/blog.edu.turku.fi\/turunklassillinenlukio\/opiskelu\/jarjestyssaannot\/\">Lue loppuun <span class=\"meta-nav\">&rarr;<\/span><\/a><\/p>\n","protected":false},"author":416,"featured_media":0,"parent":19,"menu_order":2,"comment_status":"closed","ping_status":"closed","template":"","meta":{"footnotes":""},"class_list":["post-1251","page","type-page","status-publish","hentry"],"_links":{"self":[{"href":"https:\/\/blog.edu.turku.fi\/turunklassillinenlukio\/wp-json\/wp\/v2\/pages\/1251","targetHints":{"allow":["GET"]}}],"collection":[{"href":"https:\/\/blog.edu.turku.fi\/turunklassillinenlukio\/wp-json\/wp\/v2\/pages"}],"about":[{"href":"https:\/\/blog.edu.turku.fi\/turunklassillinenlukio\/wp-json\/wp\/v2\/types\/page"}],"author":[{"embeddable":true,"href":"https:\/\/blog.edu.turku.fi\/turunklassillinenlukio\/wp-json\/wp\/v2\/users\/416"}],"replies":[{"embeddable":true,"href":"https:\/\/blog.edu.turku.fi\/turunklassillinenlukio\/wp-json\/wp\/v2\/comments?post=1251"}],"version-history":[{"count":6,"href":"https:\/\/blog.edu.turku.fi\/turunklassillinenlukio\/wp-json\/wp\/v2\/pages\/1251\/revisions"}],"predecessor-version":[{"id":4010,"href":"https:\/\/blog.edu.turku.fi\/turunklassillinenlukio\/wp-json\/wp\/v2\/pages\/1251\/revisions\/4010"}],"up":[{"embeddable":true,"href":"https:\/\/blog.edu.turku.fi\/turunklassillinenlukio\/wp-json\/wp\/v2\/pages\/19"}],"wp:attachment":[{"href":"https:\/\/blog.edu.turku.fi\/turunklassillinenlukio\/wp-json\/wp\/v2\/media?parent=1251"}],"curies":[{"name":"wp","href":"https:\/\/api.w.org\/{rel}","templated":true}]}}