{"id":1206,"date":"2014-02-28T08:46:52","date_gmt":"2014-02-28T06:46:52","guid":{"rendered":"https:\/\/blog.edu.turku.fi\/turunklassillinenlukio\/?page_id=1206"},"modified":"2019-10-24T08:50:41","modified_gmt":"2019-10-24T05:50:41","slug":"hakuoppaamme","status":"publish","type":"page","link":"https:\/\/blog.edu.turku.fi\/turunklassillinenlukio\/hakeminen\/hakuoppaamme\/","title":{"rendered":"Haku-, opinto-oppaat ja mainokset"},"content":{"rendered":"<p>Hakuoppaamme ja opinto-oppaamme l\u00f6yd\u00e4t sek\u00e4 PDF-tiedostoina sek\u00e4 ISSUU-palvelusta.<\/p>\n<ul>\n<li><a href=\"https:\/\/blog.edu.turku.fi\/turunklassillinenlukio\/files\/2019\/10\/Hakuopas-2020.pdf\">Hakuopas 2020<\/a> (PDF, 784 kt)<\/li>\n<li><a href=\"https:\/\/issuu.com\/turunklassillinenlukio\/docs\/hakuopas_2020\">Hakuopas 2020<\/a> (ISSUU)<\/li>\n<li><a href=\"https:\/\/blog.edu.turku.fi\/turunklassillinenlukio\/files\/2014\/08\/TUKLLUn-opinto-opas-2019-2020.pdf\">Opinto-opas 2019-2020<\/a> (PDF, 2594 kt)<\/li>\n<li><a href=\"https:\/\/issuu.com\/turunklassillinenlukio\/docs\/tukllun_opinto-opas_2019-2020\">Opinto-opas 2019-2020<\/a> (ISSUU)<\/li>\n<li><a href=\"https:\/\/edumailturku-my.sharepoint.com\/:b:\/g\/personal\/spukonen_edu_turku_fi\/EUuw89JZXVtHtp-S2v2ijYABXPUN0vXC6bRsVDHzIMc75Q?e=ILifB9\">Hakuopas 2019<\/a> (PDF, 1793 kt)<\/li>\n<li><a href=\"https:\/\/issuu.com\/turunklassillinenlukio\/docs\/hakuopas_2019\">Hakuopas 2019<\/a> (ISSUU)<\/li>\n<li><a href=\"https:\/\/drive.google.com\/file\/d\/1iy6cn4EOp543G_iFXLlS6p-v_xOJ2tLE\/view\">Opinto-opas 2018-2019<\/a> (PDF, 2417 kt)<\/li>\n<li><a href=\"https:\/\/issuu.com\/turunklassillinenlukio\/docs\/tuklan_opinto-opas_2018-2019\">Opinto-opas 2018-2019<\/a> (ISSUU)<\/li>\n<li><a href=\"https:\/\/edumailturku-my.sharepoint.com\/:b:\/g\/personal\/spukonen_edu_turku_fi\/EZhbS8l2gflIn3Or1-OWzWUBgGd0G2QG8vamoas5mc7TXw?e=4j22TX\">Hakuopas 2018<\/a> (PDF, 1074 kt)<\/li>\n<li><a href=\"https:\/\/issuu.com\/turunklassillinenlukio\/docs\/hakuopas_2018\">Hakunopas 2018<\/a> (ISSUU)<\/li>\n<\/ul>\n","protected":false},"excerpt":{"rendered":"<p>Hakuoppaamme ja opinto-oppaamme l\u00f6yd\u00e4t sek\u00e4 PDF-tiedostoina sek\u00e4 ISSUU-palvelusta. Hakuopas 2020 (PDF, 784 kt) Hakuopas 2020 (ISSUU) Opinto-opas 2019-2020 (PDF, 2594 kt) Opinto-opas 2019-2020 (ISSUU) Hakuopas 2019 (PDF, 1793 kt) Hakuopas 2019 (ISSUU) Opinto-opas 2018-2019 (PDF, 2417 kt) Opinto-opas 2018-2019 (ISSUU) &hellip; <a href=\"https:\/\/blog.edu.turku.fi\/turunklassillinenlukio\/hakeminen\/hakuoppaamme\/\">Lue loppuun <span class=\"meta-nav\">&rarr;<\/span><\/a><\/p>\n","protected":false},"author":723,"featured_media":0,"parent":28,"menu_order":3,"comment_status":"closed","ping_status":"closed","template":"","meta":{"footnotes":""},"class_list":["post-1206","page","type-page","status-publish","hentry"],"_links":{"self":[{"href":"https:\/\/blog.edu.turku.fi\/turunklassillinenlukio\/wp-json\/wp\/v2\/pages\/1206","targetHints":{"allow":["GET"]}}],"collection":[{"href":"https:\/\/blog.edu.turku.fi\/turunklassillinenlukio\/wp-json\/wp\/v2\/pages"}],"about":[{"href":"https:\/\/blog.edu.turku.fi\/turunklassillinenlukio\/wp-json\/wp\/v2\/types\/page"}],"author":[{"embeddable":true,"href":"https:\/\/blog.edu.turku.fi\/turunklassillinenlukio\/wp-json\/wp\/v2\/users\/723"}],"replies":[{"embeddable":true,"href":"https:\/\/blog.edu.turku.fi\/turunklassillinenlukio\/wp-json\/wp\/v2\/comments?post=1206"}],"version-history":[{"count":49,"href":"https:\/\/blog.edu.turku.fi\/turunklassillinenlukio\/wp-json\/wp\/v2\/pages\/1206\/revisions"}],"predecessor-version":[{"id":4854,"href":"https:\/\/blog.edu.turku.fi\/turunklassillinenlukio\/wp-json\/wp\/v2\/pages\/1206\/revisions\/4854"}],"up":[{"embeddable":true,"href":"https:\/\/blog.edu.turku.fi\/turunklassillinenlukio\/wp-json\/wp\/v2\/pages\/28"}],"wp:attachment":[{"href":"https:\/\/blog.edu.turku.fi\/turunklassillinenlukio\/wp-json\/wp\/v2\/media?parent=1206"}],"curies":[{"name":"wp","href":"https:\/\/api.w.org\/{rel}","templated":true}]}}