{"id":1132,"date":"2014-02-14T13:40:10","date_gmt":"2014-02-14T11:40:10","guid":{"rendered":"https:\/\/blog.edu.turku.fi\/turunklassillinenlukio\/?page_id=1132"},"modified":"2016-06-13T15:05:26","modified_gmt":"2016-06-13T12:05:26","slug":"wanhojen-tanssit-14-2-2014","status":"publish","type":"page","link":"https:\/\/blog.edu.turku.fi\/turunklassillinenlukio\/tapahtumat\/tapahtumia-menneilta-vuosilta\/wanhojen-tanssit-14-2-2014\/","title":{"rendered":"Wanhojen tanssit 14.2.2014"},"content":{"rendered":"<p>Turun klassillisen lukion Wanhojen tanssit tanssittiin 14.2.2014 kahtena ryhm\u00e4n\u00e4 koulun salissa. Illalla oli Logomolla kaksi esityst\u00e4 koko porukalla vanhemmille, sisaruksille, muille sukulaisille, tutuille ja kavereille.<\/p>\n<p>T\u00e4ss\u00e4 kuvagalleria p\u00e4iv\u00e4n tansseista koululla.<\/p>\n<div id='gallery-1' class='gallery galleryid-1132 gallery-columns-3 gallery-size-thumbnail'><dl class='gallery-item'>\n\t\t\t<dt class='gallery-icon landscape'>\n\t\t\t\t<a href='https:\/\/blog.edu.turku.fi\/turunklassillinenlukio\/tapahtumat\/tapahtumia-menneilta-vuosilta\/wanhojen-tanssit-14-2-2014\/vanhojen_tanssit_2014-049\/'><img loading=\"lazy\" decoding=\"async\" width=\"150\" height=\"150\" src=\"https:\/\/blog.edu.turku.fi\/turunklassillinenlukio\/files\/2014\/02\/vanhojen_tanssit_2014-049-150x150.jpg\" class=\"attachment-thumbnail size-thumbnail\" alt=\"Tunnelmakuva kev\u00e4\u00e4n 2014 vanhojen tansseista\" \/><\/a>\n\t\t\t<\/dt><\/dl><dl class='gallery-item'>\n\t\t\t<dt class='gallery-icon landscape'>\n\t\t\t\t<a href='https:\/\/blog.edu.turku.fi\/turunklassillinenlukio\/tapahtumat\/tapahtumia-menneilta-vuosilta\/wanhojen-tanssit-14-2-2014\/vanhojen_tanssit_2014-047\/'><img loading=\"lazy\" decoding=\"async\" width=\"150\" height=\"150\" src=\"https:\/\/blog.edu.turku.fi\/turunklassillinenlukio\/files\/2014\/02\/vanhojen_tanssit_2014-047-150x150.jpg\" class=\"attachment-thumbnail size-thumbnail\" alt=\"Tunnelmakuva kev\u00e4\u00e4n 2014 vanhojen tansseista\" \/><\/a>\n\t\t\t<\/dt><\/dl><dl class='gallery-item'>\n\t\t\t<dt class='gallery-icon portrait'>\n\t\t\t\t<a href='https:\/\/blog.edu.turku.fi\/turunklassillinenlukio\/tapahtumat\/tapahtumia-menneilta-vuosilta\/wanhojen-tanssit-14-2-2014\/vanhojen_tanssit_2014-048\/'><img loading=\"lazy\" decoding=\"async\" width=\"150\" height=\"150\" src=\"https:\/\/blog.edu.turku.fi\/turunklassillinenlukio\/files\/2014\/02\/vanhojen_tanssit_2014-048-150x150.jpg\" class=\"attachment-thumbnail size-thumbnail\" alt=\"Tunnelmakuva kev\u00e4\u00e4n 2014 vanhojen tansseista\" \/><\/a>\n\t\t\t<\/dt><\/dl><br style=\"clear: both\" \/><dl class='gallery-item'>\n\t\t\t<dt class='gallery-icon landscape'>\n\t\t\t\t<a href='https:\/\/blog.edu.turku.fi\/turunklassillinenlukio\/tapahtumat\/tapahtumia-menneilta-vuosilta\/wanhojen-tanssit-14-2-2014\/vanhojen_tanssit_2014-045\/'><img loading=\"lazy\" decoding=\"async\" width=\"150\" height=\"150\" src=\"https:\/\/blog.edu.turku.fi\/turunklassillinenlukio\/files\/2014\/02\/vanhojen_tanssit_2014-045-150x150.jpg\" class=\"attachment-thumbnail size-thumbnail\" alt=\"Tunnelmakuva kev\u00e4\u00e4n 2014 vanhojen tansseista\" \/><\/a>\n\t\t\t<\/dt><\/dl><dl class='gallery-item'>\n\t\t\t<dt class='gallery-icon landscape'>\n\t\t\t\t<a href='https:\/\/blog.edu.turku.fi\/turunklassillinenlukio\/tapahtumat\/tapahtumia-menneilta-vuosilta\/wanhojen-tanssit-14-2-2014\/vanhojen_tanssit_2014-043\/'><img loading=\"lazy\" decoding=\"async\" width=\"150\" height=\"150\" src=\"https:\/\/blog.edu.turku.fi\/turunklassillinenlukio\/files\/2014\/02\/vanhojen_tanssit_2014-043-150x150.jpg\" class=\"attachment-thumbnail size-thumbnail\" alt=\"Tunnelmakuva kev\u00e4\u00e4n 2014 vanhojen tansseista\" \/><\/a>\n\t\t\t<\/dt><\/dl><dl class='gallery-item'>\n\t\t\t<dt class='gallery-icon landscape'>\n\t\t\t\t<a href='https:\/\/blog.edu.turku.fi\/turunklassillinenlukio\/tapahtumat\/tapahtumia-menneilta-vuosilta\/wanhojen-tanssit-14-2-2014\/vanhojen_tanssit_2014-044\/'><img loading=\"lazy\" decoding=\"async\" width=\"150\" height=\"150\" src=\"https:\/\/blog.edu.turku.fi\/turunklassillinenlukio\/files\/2014\/02\/vanhojen_tanssit_2014-044-150x150.jpg\" class=\"attachment-thumbnail size-thumbnail\" alt=\"Tunnelmakuva kev\u00e4\u00e4n 2014 vanhojen tansseista\" \/><\/a>\n\t\t\t<\/dt><\/dl><br style=\"clear: both\" \/><dl class='gallery-item'>\n\t\t\t<dt class='gallery-icon landscape'>\n\t\t\t\t<a href='https:\/\/blog.edu.turku.fi\/turunklassillinenlukio\/tapahtumat\/tapahtumia-menneilta-vuosilta\/wanhojen-tanssit-14-2-2014\/vanhojen_tanssit_2014-042\/'><img loading=\"lazy\" decoding=\"async\" width=\"150\" height=\"150\" src=\"https:\/\/blog.edu.turku.fi\/turunklassillinenlukio\/files\/2014\/02\/vanhojen_tanssit_2014-042-150x150.jpg\" class=\"attachment-thumbnail size-thumbnail\" alt=\"Tunnelmakuva kev\u00e4\u00e4n 2014 vanhojen tansseista\" \/><\/a>\n\t\t\t<\/dt><\/dl><dl class='gallery-item'>\n\t\t\t<dt class='gallery-icon landscape'>\n\t\t\t\t<a href='https:\/\/blog.edu.turku.fi\/turunklassillinenlukio\/tapahtumat\/tapahtumia-menneilta-vuosilta\/wanhojen-tanssit-14-2-2014\/vanhojen_tanssit_2014-040\/'><img loading=\"lazy\" decoding=\"async\" width=\"150\" height=\"150\" src=\"https:\/\/blog.edu.turku.fi\/turunklassillinenlukio\/files\/2014\/02\/vanhojen_tanssit_2014-040-150x150.jpg\" class=\"attachment-thumbnail size-thumbnail\" alt=\"Tunnelmakuva kev\u00e4\u00e4n 2014 vanhojen tansseista\" \/><\/a>\n\t\t\t<\/dt><\/dl><dl class='gallery-item'>\n\t\t\t<dt class='gallery-icon landscape'>\n\t\t\t\t<a href='https:\/\/blog.edu.turku.fi\/turunklassillinenlukio\/tapahtumat\/tapahtumia-menneilta-vuosilta\/wanhojen-tanssit-14-2-2014\/vanhojen_tanssit_2014-037\/'><img loading=\"lazy\" decoding=\"async\" width=\"150\" height=\"150\" src=\"https:\/\/blog.edu.turku.fi\/turunklassillinenlukio\/files\/2014\/02\/vanhojen_tanssit_2014-037-150x150.jpg\" class=\"attachment-thumbnail size-thumbnail\" alt=\"Tunnelmakuva kev\u00e4\u00e4n 2014 vanhojen tansseista\" \/><\/a>\n\t\t\t<\/dt><\/dl><br style=\"clear: both\" \/><dl class='gallery-item'>\n\t\t\t<dt class='gallery-icon landscape'>\n\t\t\t\t<a href='https:\/\/blog.edu.turku.fi\/turunklassillinenlukio\/tapahtumat\/tapahtumia-menneilta-vuosilta\/wanhojen-tanssit-14-2-2014\/vanhojen_tanssit_2014-034\/'><img loading=\"lazy\" decoding=\"async\" width=\"150\" height=\"150\" src=\"https:\/\/blog.edu.turku.fi\/turunklassillinenlukio\/files\/2014\/02\/vanhojen_tanssit_2014-034-150x150.jpg\" class=\"attachment-thumbnail size-thumbnail\" alt=\"Tunnelmakuva kev\u00e4\u00e4n 2014 vanhojen tansseista\" \/><\/a>\n\t\t\t<\/dt><\/dl><dl class='gallery-item'>\n\t\t\t<dt class='gallery-icon landscape'>\n\t\t\t\t<a href='https:\/\/blog.edu.turku.fi\/turunklassillinenlukio\/tapahtumat\/tapahtumia-menneilta-vuosilta\/wanhojen-tanssit-14-2-2014\/vanhojen_tanssit_2014-033\/'><img loading=\"lazy\" decoding=\"async\" width=\"150\" height=\"150\" src=\"https:\/\/blog.edu.turku.fi\/turunklassillinenlukio\/files\/2014\/02\/vanhojen_tanssit_2014-033-150x150.jpg\" class=\"attachment-thumbnail size-thumbnail\" alt=\"Tunnelmakuva kev\u00e4\u00e4n 2014 vanhojen tansseista\" \/><\/a>\n\t\t\t<\/dt><\/dl><dl class='gallery-item'>\n\t\t\t<dt class='gallery-icon landscape'>\n\t\t\t\t<a href='https:\/\/blog.edu.turku.fi\/turunklassillinenlukio\/tapahtumat\/tapahtumia-menneilta-vuosilta\/wanhojen-tanssit-14-2-2014\/vanhojen_tanssit_2014-029\/'><img loading=\"lazy\" decoding=\"async\" width=\"150\" height=\"150\" src=\"https:\/\/blog.edu.turku.fi\/turunklassillinenlukio\/files\/2014\/02\/vanhojen_tanssit_2014-029-150x150.jpg\" class=\"attachment-thumbnail size-thumbnail\" alt=\"Tunnelmakuva kev\u00e4\u00e4n 2014 vanhojen tansseista\" \/><\/a>\n\t\t\t<\/dt><\/dl><br style=\"clear: both\" \/><dl class='gallery-item'>\n\t\t\t<dt class='gallery-icon landscape'>\n\t\t\t\t<a href='https:\/\/blog.edu.turku.fi\/turunklassillinenlukio\/tapahtumat\/tapahtumia-menneilta-vuosilta\/wanhojen-tanssit-14-2-2014\/vanhojen_tanssit_2014-030\/'><img loading=\"lazy\" decoding=\"async\" width=\"150\" height=\"150\" src=\"https:\/\/blog.edu.turku.fi\/turunklassillinenlukio\/files\/2014\/02\/vanhojen_tanssit_2014-030-150x150.jpg\" class=\"attachment-thumbnail size-thumbnail\" alt=\"Tunnelmakuva kev\u00e4\u00e4n 2014 vanhojen tansseista\" \/><\/a>\n\t\t\t<\/dt><\/dl><dl class='gallery-item'>\n\t\t\t<dt class='gallery-icon landscape'>\n\t\t\t\t<a href='https:\/\/blog.edu.turku.fi\/turunklassillinenlukio\/tapahtumat\/tapahtumia-menneilta-vuosilta\/wanhojen-tanssit-14-2-2014\/vanhojen_tanssit_2014-028\/'><img loading=\"lazy\" decoding=\"async\" width=\"150\" height=\"150\" src=\"https:\/\/blog.edu.turku.fi\/turunklassillinenlukio\/files\/2014\/02\/vanhojen_tanssit_2014-028-150x150.jpg\" class=\"attachment-thumbnail size-thumbnail\" alt=\"Tunnelmakuva kev\u00e4\u00e4n 2014 vanhojen tansseista\" \/><\/a>\n\t\t\t<\/dt><\/dl><dl class='gallery-item'>\n\t\t\t<dt class='gallery-icon landscape'>\n\t\t\t\t<a href='https:\/\/blog.edu.turku.fi\/turunklassillinenlukio\/tapahtumat\/tapahtumia-menneilta-vuosilta\/wanhojen-tanssit-14-2-2014\/vanhojen_tanssit_2014-025\/'><img loading=\"lazy\" decoding=\"async\" width=\"150\" height=\"150\" src=\"https:\/\/blog.edu.turku.fi\/turunklassillinenlukio\/files\/2014\/02\/vanhojen_tanssit_2014-025-150x150.jpg\" class=\"attachment-thumbnail size-thumbnail\" alt=\"Tunnelmakuva kev\u00e4\u00e4n 2014 vanhojen tansseista\" \/><\/a>\n\t\t\t<\/dt><\/dl><br style=\"clear: both\" \/><dl class='gallery-item'>\n\t\t\t<dt class='gallery-icon landscape'>\n\t\t\t\t<a href='https:\/\/blog.edu.turku.fi\/turunklassillinenlukio\/tapahtumat\/tapahtumia-menneilta-vuosilta\/wanhojen-tanssit-14-2-2014\/vanhojen_tanssit_2014-023\/'><img loading=\"lazy\" decoding=\"async\" width=\"150\" height=\"150\" src=\"https:\/\/blog.edu.turku.fi\/turunklassillinenlukio\/files\/2014\/02\/vanhojen_tanssit_2014-023-150x150.jpg\" class=\"attachment-thumbnail size-thumbnail\" alt=\"Tunnelmakuva kev\u00e4\u00e4n 2014 vanhojen tansseista\" \/><\/a>\n\t\t\t<\/dt><\/dl><dl class='gallery-item'>\n\t\t\t<dt class='gallery-icon landscape'>\n\t\t\t\t<a href='https:\/\/blog.edu.turku.fi\/turunklassillinenlukio\/tapahtumat\/tapahtumia-menneilta-vuosilta\/wanhojen-tanssit-14-2-2014\/vanhojen_tanssit_2014-021\/'><img loading=\"lazy\" decoding=\"async\" width=\"150\" height=\"150\" src=\"https:\/\/blog.edu.turku.fi\/turunklassillinenlukio\/files\/2014\/02\/vanhojen_tanssit_2014-021-150x150.jpg\" class=\"attachment-thumbnail size-thumbnail\" alt=\"Tunnelmakuva kev\u00e4\u00e4n 2014 vanhojen tansseista\" \/><\/a>\n\t\t\t<\/dt><\/dl><dl class='gallery-item'>\n\t\t\t<dt class='gallery-icon landscape'>\n\t\t\t\t<a href='https:\/\/blog.edu.turku.fi\/turunklassillinenlukio\/tapahtumat\/tapahtumia-menneilta-vuosilta\/wanhojen-tanssit-14-2-2014\/vanhojen_tanssit_2014-018\/'><img loading=\"lazy\" decoding=\"async\" width=\"150\" height=\"150\" src=\"https:\/\/blog.edu.turku.fi\/turunklassillinenlukio\/files\/2014\/02\/vanhojen_tanssit_2014-018-150x150.jpg\" class=\"attachment-thumbnail size-thumbnail\" alt=\"Tunnelmakuva kev\u00e4\u00e4n 2014 vanhojen tansseista\" \/><\/a>\n\t\t\t<\/dt><\/dl><br style=\"clear: both\" \/><dl class='gallery-item'>\n\t\t\t<dt class='gallery-icon landscape'>\n\t\t\t\t<a href='https:\/\/blog.edu.turku.fi\/turunklassillinenlukio\/tapahtumat\/tapahtumia-menneilta-vuosilta\/wanhojen-tanssit-14-2-2014\/vanhojen_tanssit_2014-017\/'><img loading=\"lazy\" decoding=\"async\" width=\"150\" height=\"150\" src=\"https:\/\/blog.edu.turku.fi\/turunklassillinenlukio\/files\/2014\/02\/vanhojen_tanssit_2014-017-150x150.jpg\" class=\"attachment-thumbnail size-thumbnail\" alt=\"Tunnelmakuva kev\u00e4\u00e4n 2014 vanhojen tansseista\" \/><\/a>\n\t\t\t<\/dt><\/dl><dl class='gallery-item'>\n\t\t\t<dt class='gallery-icon landscape'>\n\t\t\t\t<a href='https:\/\/blog.edu.turku.fi\/turunklassillinenlukio\/tapahtumat\/tapahtumia-menneilta-vuosilta\/wanhojen-tanssit-14-2-2014\/vanhojen_tanssit_2014-016\/'><img loading=\"lazy\" decoding=\"async\" width=\"150\" height=\"150\" src=\"https:\/\/blog.edu.turku.fi\/turunklassillinenlukio\/files\/2014\/02\/vanhojen_tanssit_2014-016-150x150.jpg\" class=\"attachment-thumbnail size-thumbnail\" alt=\"Tunnelmakuva kev\u00e4\u00e4n 2014 vanhojen tansseista\" \/><\/a>\n\t\t\t<\/dt><\/dl><dl class='gallery-item'>\n\t\t\t<dt class='gallery-icon landscape'>\n\t\t\t\t<a href='https:\/\/blog.edu.turku.fi\/turunklassillinenlukio\/tapahtumat\/tapahtumia-menneilta-vuosilta\/wanhojen-tanssit-14-2-2014\/vanhojen_tanssit_2014-014\/'><img loading=\"lazy\" decoding=\"async\" width=\"150\" height=\"150\" src=\"https:\/\/blog.edu.turku.fi\/turunklassillinenlukio\/files\/2014\/02\/vanhojen_tanssit_2014-014-150x150.jpg\" class=\"attachment-thumbnail size-thumbnail\" alt=\"Tunnelmakuva kev\u00e4\u00e4n 2014 vanhojen tansseista\" \/><\/a>\n\t\t\t<\/dt><\/dl><br style=\"clear: both\" \/><dl class='gallery-item'>\n\t\t\t<dt class='gallery-icon landscape'>\n\t\t\t\t<a href='https:\/\/blog.edu.turku.fi\/turunklassillinenlukio\/tapahtumat\/tapahtumia-menneilta-vuosilta\/wanhojen-tanssit-14-2-2014\/vanhojen_tanssit_2014-012\/'><img loading=\"lazy\" decoding=\"async\" width=\"150\" height=\"150\" src=\"https:\/\/blog.edu.turku.fi\/turunklassillinenlukio\/files\/2014\/02\/vanhojen_tanssit_2014-012-150x150.jpg\" class=\"attachment-thumbnail size-thumbnail\" alt=\"Tunnelmakuva kev\u00e4\u00e4n 2014 vanhojen tansseista\" \/><\/a>\n\t\t\t<\/dt><\/dl><dl class='gallery-item'>\n\t\t\t<dt class='gallery-icon landscape'>\n\t\t\t\t<a href='https:\/\/blog.edu.turku.fi\/turunklassillinenlukio\/tapahtumat\/tapahtumia-menneilta-vuosilta\/wanhojen-tanssit-14-2-2014\/vanhojen_tanssit_2014-013\/'><img loading=\"lazy\" decoding=\"async\" width=\"150\" height=\"150\" src=\"https:\/\/blog.edu.turku.fi\/turunklassillinenlukio\/files\/2014\/02\/vanhojen_tanssit_2014-013-150x150.jpg\" class=\"attachment-thumbnail size-thumbnail\" alt=\"Tunnelmakuva kev\u00e4\u00e4n 2014 vanhojen tansseista\" \/><\/a>\n\t\t\t<\/dt><\/dl><dl class='gallery-item'>\n\t\t\t<dt class='gallery-icon landscape'>\n\t\t\t\t<a href='https:\/\/blog.edu.turku.fi\/turunklassillinenlukio\/tapahtumat\/tapahtumia-menneilta-vuosilta\/wanhojen-tanssit-14-2-2014\/vanhojen_tanssit_2014-009\/'><img loading=\"lazy\" decoding=\"async\" width=\"150\" height=\"150\" src=\"https:\/\/blog.edu.turku.fi\/turunklassillinenlukio\/files\/2014\/02\/vanhojen_tanssit_2014-009-150x150.jpg\" class=\"attachment-thumbnail size-thumbnail\" alt=\"Tunnelmakuva kev\u00e4\u00e4n 2014 vanhojen tansseista\" \/><\/a>\n\t\t\t<\/dt><\/dl><br style=\"clear: both\" \/><dl class='gallery-item'>\n\t\t\t<dt class='gallery-icon landscape'>\n\t\t\t\t<a href='https:\/\/blog.edu.turku.fi\/turunklassillinenlukio\/tapahtumat\/tapahtumia-menneilta-vuosilta\/wanhojen-tanssit-14-2-2014\/vanhojen_tanssit_2014-010\/'><img loading=\"lazy\" decoding=\"async\" width=\"150\" height=\"150\" src=\"https:\/\/blog.edu.turku.fi\/turunklassillinenlukio\/files\/2014\/02\/vanhojen_tanssit_2014-010-150x150.jpg\" class=\"attachment-thumbnail size-thumbnail\" alt=\"Tunnelmakuva kev\u00e4\u00e4n 2014 vanhojen tansseista\" \/><\/a>\n\t\t\t<\/dt><\/dl><dl class='gallery-item'>\n\t\t\t<dt class='gallery-icon landscape'>\n\t\t\t\t<a href='https:\/\/blog.edu.turku.fi\/turunklassillinenlukio\/tapahtumat\/tapahtumia-menneilta-vuosilta\/wanhojen-tanssit-14-2-2014\/vanhojen_tanssit_2014-008\/'><img loading=\"lazy\" decoding=\"async\" width=\"150\" height=\"150\" src=\"https:\/\/blog.edu.turku.fi\/turunklassillinenlukio\/files\/2014\/02\/vanhojen_tanssit_2014-008-150x150.jpg\" class=\"attachment-thumbnail size-thumbnail\" alt=\"Tunnelmakuva kev\u00e4\u00e4n 2014 vanhojen tansseista\" \/><\/a>\n\t\t\t<\/dt><\/dl><dl class='gallery-item'>\n\t\t\t<dt class='gallery-icon landscape'>\n\t\t\t\t<a href='https:\/\/blog.edu.turku.fi\/turunklassillinenlukio\/tapahtumat\/tapahtumia-menneilta-vuosilta\/wanhojen-tanssit-14-2-2014\/vanhojen_tanssit_2014-005\/'><img loading=\"lazy\" decoding=\"async\" width=\"150\" height=\"150\" src=\"https:\/\/blog.edu.turku.fi\/turunklassillinenlukio\/files\/2014\/02\/vanhojen_tanssit_2014-005-150x150.jpg\" class=\"attachment-thumbnail size-thumbnail\" alt=\"Tunnelmakuva kev\u00e4\u00e4n 2014 vanhojen tansseista\" \/><\/a>\n\t\t\t<\/dt><\/dl><br style=\"clear: both\" \/><dl class='gallery-item'>\n\t\t\t<dt class='gallery-icon landscape'>\n\t\t\t\t<a href='https:\/\/blog.edu.turku.fi\/turunklassillinenlukio\/tapahtumat\/tapahtumia-menneilta-vuosilta\/wanhojen-tanssit-14-2-2014\/vanhojen_tanssit_2014-006\/'><img loading=\"lazy\" decoding=\"async\" width=\"150\" height=\"150\" src=\"https:\/\/blog.edu.turku.fi\/turunklassillinenlukio\/files\/2014\/02\/vanhojen_tanssit_2014-006-150x150.jpg\" class=\"attachment-thumbnail size-thumbnail\" alt=\"Tunnelmakuva kev\u00e4\u00e4n 2014 vanhojen tansseista\" \/><\/a>\n\t\t\t<\/dt><\/dl><dl class='gallery-item'>\n\t\t\t<dt class='gallery-icon landscape'>\n\t\t\t\t<a href='https:\/\/blog.edu.turku.fi\/turunklassillinenlukio\/tapahtumat\/tapahtumia-menneilta-vuosilta\/wanhojen-tanssit-14-2-2014\/vanhojen_tanssit_2014-003\/'><img loading=\"lazy\" decoding=\"async\" width=\"150\" height=\"150\" src=\"https:\/\/blog.edu.turku.fi\/turunklassillinenlukio\/files\/2014\/02\/vanhojen_tanssit_2014-003-150x150.jpg\" class=\"attachment-thumbnail size-thumbnail\" alt=\"Tunnelmakuva kev\u00e4\u00e4n 2014 vanhojen tansseista\" \/><\/a>\n\t\t\t<\/dt><\/dl><dl class='gallery-item'>\n\t\t\t<dt class='gallery-icon landscape'>\n\t\t\t\t<a href='https:\/\/blog.edu.turku.fi\/turunklassillinenlukio\/tapahtumat\/tapahtumia-menneilta-vuosilta\/wanhojen-tanssit-14-2-2014\/vanhojen_tanssit_2014-001\/'><img loading=\"lazy\" decoding=\"async\" width=\"150\" height=\"150\" src=\"https:\/\/blog.edu.turku.fi\/turunklassillinenlukio\/files\/2014\/02\/vanhojen_tanssit_2014-001-150x150.jpg\" class=\"attachment-thumbnail size-thumbnail\" alt=\"Tunnelmakuva kev\u00e4\u00e4n 2014 vanhojen tansseista\" \/><\/a>\n\t\t\t<\/dt><\/dl><br style=\"clear: both\" \/><dl class='gallery-item'>\n\t\t\t<dt class='gallery-icon portrait'>\n\t\t\t\t<a href='https:\/\/blog.edu.turku.fi\/turunklassillinenlukio\/tapahtumat\/tapahtumia-menneilta-vuosilta\/wanhojen-tanssit-14-2-2014\/vanhojen_tanssit_2014-002\/'><img loading=\"lazy\" decoding=\"async\" width=\"150\" height=\"150\" src=\"https:\/\/blog.edu.turku.fi\/turunklassillinenlukio\/files\/2014\/02\/vanhojen_tanssit_2014-002-150x150.jpg\" class=\"attachment-thumbnail size-thumbnail\" alt=\"Kev\u00e4\u00e4n 2014 Vanhojen tanssien juontajat\" \/><\/a>\n\t\t\t<\/dt><\/dl>\n\t\t\t<br style='clear: both' \/>\n\t\t<\/div>\n\n<p>&nbsp;<\/p>\n","protected":false},"excerpt":{"rendered":"<p>Turun klassillisen lukion Wanhojen tanssit tanssittiin 14.2.2014 kahtena ryhm\u00e4n\u00e4 koulun salissa. Illalla oli Logomolla kaksi esityst\u00e4 koko porukalla vanhemmille, sisaruksille, muille sukulaisille, tutuille ja kavereille. T\u00e4ss\u00e4 kuvagalleria p\u00e4iv\u00e4n tansseista koululla. &nbsp;<\/p>\n","protected":false},"author":416,"featured_media":0,"parent":2448,"menu_order":5,"comment_status":"closed","ping_status":"closed","template":"","meta":{"footnotes":""},"class_list":["post-1132","page","type-page","status-publish","hentry"],"_links":{"self":[{"href":"https:\/\/blog.edu.turku.fi\/turunklassillinenlukio\/wp-json\/wp\/v2\/pages\/1132","targetHints":{"allow":["GET"]}}],"collection":[{"href":"https:\/\/blog.edu.turku.fi\/turunklassillinenlukio\/wp-json\/wp\/v2\/pages"}],"about":[{"href":"https:\/\/blog.edu.turku.fi\/turunklassillinenlukio\/wp-json\/wp\/v2\/types\/page"}],"author":[{"embeddable":true,"href":"https:\/\/blog.edu.turku.fi\/turunklassillinenlukio\/wp-json\/wp\/v2\/users\/416"}],"replies":[{"embeddable":true,"href":"https:\/\/blog.edu.turku.fi\/turunklassillinenlukio\/wp-json\/wp\/v2\/comments?post=1132"}],"version-history":[{"count":3,"href":"https:\/\/blog.edu.turku.fi\/turunklassillinenlukio\/wp-json\/wp\/v2\/pages\/1132\/revisions"}],"predecessor-version":[{"id":1195,"href":"https:\/\/blog.edu.turku.fi\/turunklassillinenlukio\/wp-json\/wp\/v2\/pages\/1132\/revisions\/1195"}],"up":[{"embeddable":true,"href":"https:\/\/blog.edu.turku.fi\/turunklassillinenlukio\/wp-json\/wp\/v2\/pages\/2448"}],"wp:attachment":[{"href":"https:\/\/blog.edu.turku.fi\/turunklassillinenlukio\/wp-json\/wp\/v2\/media?parent=1132"}],"curies":[{"name":"wp","href":"https:\/\/api.w.org\/{rel}","templated":true}]}}