{"id":1064,"date":"2014-01-28T16:21:14","date_gmt":"2014-01-28T14:21:14","guid":{"rendered":"https:\/\/blog.edu.turku.fi\/turunklassillinenlukio\/?page_id=1064"},"modified":"2019-12-02T10:04:13","modified_gmt":"2019-12-02T08:04:13","slug":"opiskelijakunta","status":"publish","type":"page","link":"https:\/\/blog.edu.turku.fi\/turunklassillinenlukio\/opiskelijakunta\/","title":{"rendered":"Opiskelijakunta"},"content":{"rendered":"<p><strong>Opiskelijakunnan hallitus 2019<\/strong><\/p>\n<p class=\"wilma\">Ellinoora Saarinen, puheenjohtaja (p)<br \/>\nLinnea Virtanen, varapuheenjohtaja (p)<br \/>\nJulia Kaipia, sihteeri<br \/>\nMeeri Mattila, taloudenhoitaja ja milj\u00f6\u00f6vastaava<br \/>\nOtso V\u00e4is\u00e4nen, viestint\u00e4-, tapahtuma- ja milj\u00f6\u00f6vastaava (p)<br \/>\nSilja Sillanp\u00e4\u00e4, viestint\u00e4- ja milj\u00f6\u00f6vastaava<br \/>\nAgata Jelonek, tekniikkavastaava<br \/>\nBenjamin Tornberg, tapahtumavastaava (p)<br \/>\nAdelina Virtanen, tapahtumavastaava<br \/>\nEelis Hakovirta, tapahtumavastaava (p)<br \/>\nOtso V\u00e4is\u00e4nen, Auri Leino, milj\u00f6\u00f6vastaava (p)<br \/>\nWilliam Roihuvuo, milj\u00f6\u00f6vastaava<br \/>\n(p) = poistuva j\u00e4sen<\/p>\n<p><strong>Vuodelle 2020 opiskelijakunnan hallitukseen on valittu<\/strong><\/p>\n<p>Pihla Kero<br \/>\nDaniel Gontjarov<br \/>\nEmilia Mattila<br \/>\nPyry Honkanen<br \/>\nMimmi Peltola<br \/>\nVeera Sellgren<\/p>\n<p>Anne Fager ja Reija Pentti-Tuomisto, ohjaavat opettajat<\/p>\n","protected":false},"excerpt":{"rendered":"<p>Opiskelijakunnan hallitus 2019 Ellinoora Saarinen, puheenjohtaja (p) Linnea Virtanen, varapuheenjohtaja (p) Julia Kaipia, sihteeri Meeri Mattila, taloudenhoitaja ja milj\u00f6\u00f6vastaava Otso V\u00e4is\u00e4nen, viestint\u00e4-, tapahtuma- ja milj\u00f6\u00f6vastaava (p) Silja Sillanp\u00e4\u00e4, viestint\u00e4- ja milj\u00f6\u00f6vastaava Agata Jelonek, tekniikkavastaava Benjamin Tornberg, tapahtumavastaava (p) Adelina Virtanen, &hellip; <a href=\"https:\/\/blog.edu.turku.fi\/turunklassillinenlukio\/opiskelijakunta\/\">Lue loppuun <span class=\"meta-nav\">&rarr;<\/span><\/a><\/p>\n","protected":false},"author":723,"featured_media":0,"parent":0,"menu_order":15,"comment_status":"closed","ping_status":"closed","template":"","meta":{"footnotes":""},"class_list":["post-1064","page","type-page","status-publish","hentry"],"_links":{"self":[{"href":"https:\/\/blog.edu.turku.fi\/turunklassillinenlukio\/wp-json\/wp\/v2\/pages\/1064","targetHints":{"allow":["GET"]}}],"collection":[{"href":"https:\/\/blog.edu.turku.fi\/turunklassillinenlukio\/wp-json\/wp\/v2\/pages"}],"about":[{"href":"https:\/\/blog.edu.turku.fi\/turunklassillinenlukio\/wp-json\/wp\/v2\/types\/page"}],"author":[{"embeddable":true,"href":"https:\/\/blog.edu.turku.fi\/turunklassillinenlukio\/wp-json\/wp\/v2\/users\/723"}],"replies":[{"embeddable":true,"href":"https:\/\/blog.edu.turku.fi\/turunklassillinenlukio\/wp-json\/wp\/v2\/comments?post=1064"}],"version-history":[{"count":14,"href":"https:\/\/blog.edu.turku.fi\/turunklassillinenlukio\/wp-json\/wp\/v2\/pages\/1064\/revisions"}],"predecessor-version":[{"id":4882,"href":"https:\/\/blog.edu.turku.fi\/turunklassillinenlukio\/wp-json\/wp\/v2\/pages\/1064\/revisions\/4882"}],"wp:attachment":[{"href":"https:\/\/blog.edu.turku.fi\/turunklassillinenlukio\/wp-json\/wp\/v2\/media?parent=1064"}],"curies":[{"name":"wp","href":"https:\/\/api.w.org\/{rel}","templated":true}]}}