{"id":1037,"date":"2014-01-28T16:16:42","date_gmt":"2014-01-28T14:16:42","guid":{"rendered":"https:\/\/blog.edu.turku.fi\/turunklassillinenlukio\/?page_id=1037"},"modified":"2017-11-22T12:35:09","modified_gmt":"2017-11-22T10:35:09","slug":"latina-elaa","status":"publish","type":"page","link":"https:\/\/blog.edu.turku.fi\/turunklassillinenlukio\/latina-elaa\/","title":{"rendered":"Latina el\u00e4\u00e4!"},"content":{"rendered":"<p>Lukiossamme on mahdollista opiskella latinaa. Joku voi luulla, ett\u00e4 se on kuollut kieli, mutta n\u00e4in ei ole. Latinan avulla p\u00e4\u00e4set helposti kiinni italiaan ja espanjaan. Mainosmaailmassa latina on t\u00e4rke\u00e4 kieli, koska monien tuotteiden tuotemerkit on siit\u00e4 keksitty. L\u00e4\u00e4ketieteess\u00e4 latinalla on my\u00f6s merkityst\u00e4.<\/p>\n<p>Suomalaiset ovat maailmankuuluja latinaharrastuksestaan. Yleisradio l\u00e4hett\u00e4\u00e4 latinankielisi\u00e4 uutisia<strong><em> Nuntii Latini<\/em><\/strong>. Voit kuunnella ja lukea niit\u00e4<em><strong> <a href=\"http:\/\/yle.fi\/radio1\/tiede\/nuntii_latini\/\" target=\"_blank\" rel=\"noopener\">Yle Areenasta<\/a><\/strong>.<\/em><\/p>\n<p>Tohtori Jukka Ammond eli taiteilijanimelt\u00e4 <em><strong><a href=\"http:\/\/www.drammondt.com\/index.php?page=main\" target=\"_blank\" rel=\"noopener\">Doctor Ammondt<\/a><\/strong><\/em> on levytt\u00e4nyt mm. Elviksen tuotantoa latinaksi. My\u00f6s Vatikaani on muistanut h\u00e4nt\u00e4 latinan hyv\u00e4ksi tekem\u00e4st\u00e4\u00e4n ty\u00f6st\u00e4.<\/p>\n<p><iframe loading=\"lazy\" title=\"Dr. Ammondt live in St. Petersburg\" width=\"640\" height=\"360\" src=\"https:\/\/www.youtube.com\/embed\/46yY3LSgiLI?feature=oembed\" frameborder=\"0\" allow=\"accelerometer; autoplay; clipboard-write; encrypted-media; gyroscope; picture-in-picture; web-share\" referrerpolicy=\"strict-origin-when-cross-origin\" allowfullscreen><\/iframe><\/p>\n<p><em><strong><a href=\"http:\/\/www.athenisfinlandiae.com\/\" target=\"_blank\" rel=\"noopener\">Athenis Finlandiae<\/a><\/strong><\/em> on vuosittainen keskiaikaharrastajien tapaaminen Jyv\u00e4skyl\u00e4ss\u00e4 &#8211; Suomen Ateenassa.<\/p>\n<p>Tuttuja sanontoja latinanopiskelijoidemme piirt\u00e4m\u00e4n\u00e4. Klikkaa kuvia suuremmiksi! Voit edet\u00e4 suurissa kuvissa niiden alapuolella olevien nuolien kautta.<\/p>\n\n","protected":false},"excerpt":{"rendered":"<p>Lukiossamme on mahdollista opiskella latinaa. Joku voi luulla, ett\u00e4 se on kuollut kieli, mutta n\u00e4in ei ole. Latinan avulla p\u00e4\u00e4set helposti kiinni italiaan ja espanjaan. Mainosmaailmassa latina on t\u00e4rke\u00e4 kieli, koska monien tuotteiden tuotemerkit on siit\u00e4 keksitty. L\u00e4\u00e4ketieteess\u00e4 latinalla on &hellip; <a href=\"https:\/\/blog.edu.turku.fi\/turunklassillinenlukio\/latina-elaa\/\">Lue loppuun <span class=\"meta-nav\">&rarr;<\/span><\/a><\/p>\n","protected":false},"author":416,"featured_media":0,"parent":0,"menu_order":18,"comment_status":"closed","ping_status":"closed","template":"","meta":{"footnotes":""},"class_list":["post-1037","page","type-page","status-publish","hentry"],"_links":{"self":[{"href":"https:\/\/blog.edu.turku.fi\/turunklassillinenlukio\/wp-json\/wp\/v2\/pages\/1037","targetHints":{"allow":["GET"]}}],"collection":[{"href":"https:\/\/blog.edu.turku.fi\/turunklassillinenlukio\/wp-json\/wp\/v2\/pages"}],"about":[{"href":"https:\/\/blog.edu.turku.fi\/turunklassillinenlukio\/wp-json\/wp\/v2\/types\/page"}],"author":[{"embeddable":true,"href":"https:\/\/blog.edu.turku.fi\/turunklassillinenlukio\/wp-json\/wp\/v2\/users\/416"}],"replies":[{"embeddable":true,"href":"https:\/\/blog.edu.turku.fi\/turunklassillinenlukio\/wp-json\/wp\/v2\/comments?post=1037"}],"version-history":[{"count":10,"href":"https:\/\/blog.edu.turku.fi\/turunklassillinenlukio\/wp-json\/wp\/v2\/pages\/1037\/revisions"}],"predecessor-version":[{"id":3554,"href":"https:\/\/blog.edu.turku.fi\/turunklassillinenlukio\/wp-json\/wp\/v2\/pages\/1037\/revisions\/3554"}],"wp:attachment":[{"href":"https:\/\/blog.edu.turku.fi\/turunklassillinenlukio\/wp-json\/wp\/v2\/media?parent=1037"}],"curies":[{"name":"wp","href":"https:\/\/api.w.org\/{rel}","templated":true}]}}