{"id":259,"date":"2014-01-27T18:35:04","date_gmt":"2014-01-27T16:35:04","guid":{"rendered":"https:\/\/blog.edu.turku.fi\/turkubett\/?page_id=259"},"modified":"2020-02-17T15:55:51","modified_gmt":"2020-02-17T13:55:51","slug":"kirjoittajat","status":"publish","type":"page","link":"https:\/\/blog.edu.turku.fi\/turkubett\/kirjoittajat\/","title":{"rendered":"Kirjoittajat"},"content":{"rendered":"<h1>2014-2020<\/h1>\n<ul>\n<li>\u00a0<a href=\"https:\/\/blog.edu.turku.fi\/turkubett\/author\/kjrajala\/\"><strong><em>Kari Rajala<\/em><\/strong>\u00a0<\/a>\u00a0(<strong><a href=\"https:\/\/blog.edu.turku.fi\/turunklassillinenlukio\/\" target=\"_blank\" rel=\"noopener\">Turun klassillinen lukio<\/a><\/strong>)<\/li>\n<li><em><strong><a href=\"https:\/\/blog.edu.turku.fi\/turkubett\/author\/vvehmane\/\">Ville Vehmanen<\/a>\u00a0<\/strong><\/em><strong>(<\/strong><strong><strong><a href=\"http:\/\/info.edu.turku.fi\/tsyk\/\" target=\"_blank\" rel=\"noopener\">TSYKin lukio<\/a><\/strong>)<\/strong><\/li>\n<li><a href=\"https:\/\/blog.edu.turku.fi\/turkubett\/author\/lhruotsa\/\"><strong><em>Lauri Ruotsalainen<\/em><\/strong><\/a>\u00a0(<strong><a href=\"http:\/\/info.edu.turku.fi\/tsyk\/\" target=\"_blank\" rel=\"noopener\">TSYKin lukio<\/a><\/strong>)<\/li>\n<li><strong><em><a href=\"https:\/\/blog.edu.turku.fi\/turkubett\/author\/jairola\/\">Juho Airola<\/a>\u00a0<\/em>(<a href=\"http:\/\/www.kerttulinlukio.fi\/\" target=\"_blank\" rel=\"noopener\"><strong>Kerttulin lukio<\/strong><\/a>)<\/strong><\/li>\n<li><a href=\"https:\/\/blog.edu.turku.fi\/turkubett\/author\/jkpitkan\/\"><strong><em>Juha Pitk\u00e4nen<\/em><\/strong><\/a>\u00a0(<a href=\"http:\/\/www.kerttulinlukio.fi\/\" target=\"_blank\" rel=\"noopener\"><strong>Kerttulin lukio<\/strong><\/a>)<\/li>\n<li><a href=\"https:\/\/blog.edu.turku.fi\/turkubett\/author\/jpaakkin\/\"><strong><em>Jouni Paakkinen<\/em><\/strong><\/a>\u00a0(<strong><a href=\"http:\/\/edu.turku.fi\/top-keskus\/\" target=\"_blank\" rel=\"noopener\">TOP-keskus<\/a><\/strong>)<\/li>\n<li><a href=\"https:\/\/blog.edu.turku.fi\/turkubett\/author\/mmhirvon\/\"><strong><em>Mikko Hirvonen<\/em><\/strong><\/a>\u00a0(<strong><a href=\"http:\/\/edu.turku.fi\/top-keskus\/\" target=\"_blank\" rel=\"noopener\">TOP-keskus<\/a><\/strong>)<\/li>\n<li><a href=\"https:\/\/blog.edu.turku.fi\/turkubett\/author\/ashuttun\/\"><strong><em>Antti Huttunen<\/em><\/strong><\/a>\u00a0(<strong><a href=\"http:\/\/edu.turku.fi\/top-keskus\/\" target=\"_blank\" rel=\"noopener\">TOP-keskus<\/a><\/strong>)<\/li>\n<li><strong><em><a href=\"https:\/\/blog.edu.turku.fi\/turkubett\/author\/jalehmus\/\">Jarkko Lehmuskentt\u00e4<\/a>\u00a0<\/em><\/strong>(<strong><a href=\"http:\/\/edu.turku.fi\/top-keskus\/\" target=\"_blank\" rel=\"noopener\">TOP-keskus<\/a><\/strong>)<\/li>\n<li><a href=\"https:\/\/blog.edu.turku.fi\/turkubett\/author\/mikaluot\/\"><strong><em>Mika Luoto<\/em><\/strong><\/a>\u00a0(<a href=\"http:\/\/www.kerttulinlukio.fi\/\" target=\"_blank\" rel=\"noopener\"><strong>Kerttulin lukio<\/strong><\/a>)<\/li>\n<li><strong><em><a href=\"https:\/\/blog.edu.turku.fi\/turkubett\/author\/ttauriai\/\">Teemu Tauriainen<\/a>\u00a0<\/em><\/strong>(<strong><a href=\"http:\/\/edu.turku.fi\/top-keskus\/\" target=\"_blank\" rel=\"noopener\">TOP-keskus<\/a><\/strong>)<\/li>\n<li><strong><em><a href=\"https:\/\/blog.edu.turku.fi\/turkubett\/author\/smvist\/\">Saila Visti<\/a>\u00a0<\/em><\/strong>(<strong><a href=\"http:\/\/edu.turku.fi\/top-keskus\/\" target=\"_blank\" rel=\"noopener\">TOP-keskus<\/a><\/strong>)<\/li>\n<li><a href=\"https:\/\/blog.edu.turku.fi\/turkubett\/author\/jrauvola\/\"><em><strong>Jukka Rauvola<\/strong><\/em><\/a> (<strong><a href=\"https:\/\/blog.edu.turku.fi\/moisio\/\">Moision koulu<\/a><\/strong> &amp; <strong><a href=\"https:\/\/blog.edu.turku.fi\/yli-maaria\/\">Ypsilon-projekti<\/a><\/strong>)<\/li>\n<li><strong><em><a href=\"https:\/\/blog.edu.turku.fi\/turkubett\/author\/bittejamaailmalta\/\">Raikko Kavisto<\/a><\/em><\/strong> (<strong>Sivistystoimialan hallinto<\/strong>)<\/li>\n<li><a href=\"https:\/\/blog.edu.turku.fi\/turkubett\/author\/bbergval\/\"><em><strong>Bj\u00f6rn Bergvall<\/strong><\/em><\/a> (<strong>Svenskspr\u00e5kig sm\u00e5barnspedagogik i \u00c5bo<\/strong>)<\/li>\n<li><strong><a href=\"https:\/\/blog.edu.turku.fi\/turkubett\/author\/vsuntioi\/\"><em>Ville Suntioinen<\/em><\/a> (<a href=\"https:\/\/blog.edu.turku.fi\/hannunniittu\/\">Hannunniitun koulu<\/a>)<\/strong><\/li>\n<li><em><strong><a href=\"https:\/\/blog.edu.turku.fi\/turkubett\/author\/takio\/\">Teemu Takio<\/a><\/strong><\/em>\u00a0(<strong><a href=\"http:\/\/edu.turku.fi\/top-keskus\/\" target=\"_blank\" rel=\"noopener\">TOP-keskus<\/a><\/strong>)<\/li>\n<li><em><strong><a href=\"https:\/\/blog.edu.turku.fi\/turkubett\/author\/savaho\/\">Saku Holmqvist<\/a><\/strong><\/em> (<strong><a href=\"http:\/\/edu.turku.fi\/top-keskus\/\" target=\"_blank\" rel=\"noopener\">TOP-keskus<\/a><\/strong>)<\/li>\n<li><em><strong><a href=\"https:\/\/blog.edu.turku.fi\/turkubett\/author\/tauremaa\/\">Tuomas Auremaa<\/a><\/strong><\/em> (<strong><a href=\"http:\/\/edu.turku.fi\/top-keskus\/\" target=\"_blank\" rel=\"noopener\">TOP-keskus<\/a><\/strong>)<\/li>\n<\/ul>\n<p>Klikkaamalla henkil\u00f6n nime\u00e4 n\u00e4et h\u00e4nen kirjoituksensa.<\/p>\n","protected":false},"excerpt":{"rendered":"<p>2014-2020 \u00a0Kari Rajala\u00a0\u00a0(Turun klassillinen lukio) Ville Vehmanen\u00a0(TSYKin lukio) Lauri Ruotsalainen\u00a0(TSYKin lukio) Juho Airola\u00a0(Kerttulin lukio) Juha Pitk\u00e4nen\u00a0(Kerttulin lukio) Jouni Paakkinen\u00a0(TOP-keskus) Mikko Hirvonen\u00a0(TOP-keskus) Antti Huttunen\u00a0(TOP-keskus) Jarkko Lehmuskentt\u00e4\u00a0(TOP-keskus) Mika Luoto\u00a0(Kerttulin lukio) Teemu Tauriainen\u00a0(TOP-keskus) Saila Visti\u00a0(TOP-keskus) Jukka Rauvola (Moision koulu &amp; Ypsilon-projekti) Raikko Kavisto &hellip; <a href=\"https:\/\/blog.edu.turku.fi\/turkubett\/kirjoittajat\/\">Lue loppuun <span class=\"meta-nav\">&rarr;<\/span><\/a><\/p>\n","protected":false},"author":16,"featured_media":0,"parent":0,"menu_order":2,"comment_status":"closed","ping_status":"closed","template":"","meta":{"footnotes":""},"class_list":["post-259","page","type-page","status-publish","hentry"],"_links":{"self":[{"href":"https:\/\/blog.edu.turku.fi\/turkubett\/wp-json\/wp\/v2\/pages\/259","targetHints":{"allow":["GET"]}}],"collection":[{"href":"https:\/\/blog.edu.turku.fi\/turkubett\/wp-json\/wp\/v2\/pages"}],"about":[{"href":"https:\/\/blog.edu.turku.fi\/turkubett\/wp-json\/wp\/v2\/types\/page"}],"author":[{"embeddable":true,"href":"https:\/\/blog.edu.turku.fi\/turkubett\/wp-json\/wp\/v2\/users\/16"}],"replies":[{"embeddable":true,"href":"https:\/\/blog.edu.turku.fi\/turkubett\/wp-json\/wp\/v2\/comments?post=259"}],"version-history":[{"count":27,"href":"https:\/\/blog.edu.turku.fi\/turkubett\/wp-json\/wp\/v2\/pages\/259\/revisions"}],"predecessor-version":[{"id":1563,"href":"https:\/\/blog.edu.turku.fi\/turkubett\/wp-json\/wp\/v2\/pages\/259\/revisions\/1563"}],"wp:attachment":[{"href":"https:\/\/blog.edu.turku.fi\/turkubett\/wp-json\/wp\/v2\/media?parent=259"}],"curies":[{"name":"wp","href":"https:\/\/api.w.org\/{rel}","templated":true}]}}