{"id":9,"date":"2025-03-21T15:55:09","date_gmt":"2025-03-21T13:55:09","guid":{"rendered":"https:\/\/blog.edu.turku.fi\/tuomaansillanpk\/?page_id=9"},"modified":"2025-10-15T13:47:59","modified_gmt":"2025-10-15T10:47:59","slug":"rehtorinpellonkatu","status":"publish","type":"page","link":"https:\/\/blog.edu.turku.fi\/tuomaansillanpk\/rehtorinpellonkatu\/","title":{"rendered":"Rehtorinpellonkatu"},"content":{"rendered":"\n<p>Rehtorinpellonkadun p\u00e4iv\u00e4kodissa on kolme lapsiryhm\u00e4\u00e4: Naperot (0-2v.), Konkarit (2-3v.) ja Sankarit (3-5v.). P\u00e4iv\u00e4kodissamme vallitsee vahva yhteishenki ryhmien v\u00e4lill\u00e4, sill\u00e4 olemme pieni p\u00e4iv\u00e4koti, jossa leikillisyys ja vastavuoroinen vuorovaikutus kasvattajien ja perheiden v\u00e4lill\u00e4 korostuu.<\/p>\n\n\n\n<p>Arjen pedagogisiin hetkiin mahtuu kaikenlaista, lapsen laaja-alaista oppimista tukevaa toimintaa: P\u00e4ivitt\u00e4in mm. tutkimme, toimimme ja opimme eri ymp\u00e4rist\u00f6iss\u00e4 sek\u00e4 kasvamme, liikumme ja kehitymme esimerkiksi arjen perustaidoissa. N\u00e4iden my\u00f6t\u00e4 jokainen p\u00e4iv\u00e4 on meille lasten kanssa yhteinen seikkailu!<\/p>\n\n\n\n<p>P\u00e4iv\u00e4kodissamme ulkoillaan p\u00e4ivitt\u00e4in \u2013 pieni vesisade tai syysmyrsky eiv\u00e4t meit\u00e4 helpolla s\u00e4ik\u00e4yt\u00e4, ja kuraleikith\u00e4n ovat lasten mielest\u00e4 parhaimpia!&nbsp;Lis\u00e4ksi hy\u00f6dynn\u00e4mme paljon l\u00e4hiymp\u00e4rist\u00f6\u00e4, tekem\u00e4ll\u00e4 retki\u00e4 lasten kanssa l\u00e4hialueelle, mm. Tuomaanpuiston leikkipaikalle ja Liikunnan ihmemaahan Kupittaalla. L\u00e4hialueiden ulkopuolella seikkailemme mm. erilaisissa metsiss\u00e4 ja kaupungin tarjoamissa kulttuuripalveluissa.<\/p>\n\n\n\n<p>P\u00e4iv\u00e4kodissamme toimii aktiivinen vanhempaintoimikunta, jonka avulla saamme j\u00e4rjestetty\u00e4 lapsille ja teille perheille monenlaista aktiviteettia!<\/p>\n\n\n\n<p><\/p>\n\n\n\n<p><strong>YHTEYSTIEDOT:<\/strong><\/p>\n\n\n\n<p>Rehtorinpellonkatu 4-6, 20500 Turku<\/p>\n\n\n\n<p>Naperot:&nbsp;<a href=\"tel:040 737 5503\">040 737 5503<\/a><\/p>\n\n\n\n<p>Konkarit:&nbsp;<a href=\"tel:040 358 0699\">040 358 0699<\/a><\/p>\n\n\n\n<p>Sankarit:&nbsp;<a href=\"tel:040 673 2463\">040 673 2463<\/a><\/p>\n\n\n\n<p><\/p>\n\n\n\n<p><\/p>\n\n\n\n<p><\/p>\n","protected":false},"excerpt":{"rendered":"<p>Rehtorinpellonkadun p\u00e4iv\u00e4kodissa on kolme lapsiryhm\u00e4\u00e4: Naperot (0-2v.), Konkarit (2-3v.) ja Sankarit (3-5v.). P\u00e4iv\u00e4kodissamme vallitsee vahva yhteishenki ryhmien v\u00e4lill\u00e4, sill\u00e4 olemme pieni p\u00e4iv\u00e4koti, jossa leikillisyys ja vastavuoroinen vuorovaikutus kasvattajien ja perheiden v\u00e4lill\u00e4 korostuu. Arjen pedagogisiin hetkiin mahtuu kaikenlaista, lapsen laaja-alaista oppimista tukevaa toimintaa: P\u00e4ivitt\u00e4in mm. tutkimme, toimimme ja opimme eri ymp\u00e4rist\u00f6iss\u00e4 sek\u00e4 kasvamme, liikumme ja kehitymme &hellip; <a href=\"https:\/\/blog.edu.turku.fi\/tuomaansillanpk\/rehtorinpellonkatu\/\" class=\"more-link\">Jatka lukemista<span class=\"screen-reader-text\"> &#8221;Rehtorinpellonkatu&#8221;<\/span><\/a><\/p>\n","protected":false},"author":9,"featured_media":0,"parent":0,"menu_order":0,"comment_status":"closed","ping_status":"closed","template":"","meta":{"footnotes":""},"class_list":["post-9","page","type-page","status-publish","hentry"],"_links":{"self":[{"href":"https:\/\/blog.edu.turku.fi\/tuomaansillanpk\/wp-json\/wp\/v2\/pages\/9","targetHints":{"allow":["GET"]}}],"collection":[{"href":"https:\/\/blog.edu.turku.fi\/tuomaansillanpk\/wp-json\/wp\/v2\/pages"}],"about":[{"href":"https:\/\/blog.edu.turku.fi\/tuomaansillanpk\/wp-json\/wp\/v2\/types\/page"}],"author":[{"embeddable":true,"href":"https:\/\/blog.edu.turku.fi\/tuomaansillanpk\/wp-json\/wp\/v2\/users\/9"}],"replies":[{"embeddable":true,"href":"https:\/\/blog.edu.turku.fi\/tuomaansillanpk\/wp-json\/wp\/v2\/comments?post=9"}],"version-history":[{"count":9,"href":"https:\/\/blog.edu.turku.fi\/tuomaansillanpk\/wp-json\/wp\/v2\/pages\/9\/revisions"}],"predecessor-version":[{"id":69,"href":"https:\/\/blog.edu.turku.fi\/tuomaansillanpk\/wp-json\/wp\/v2\/pages\/9\/revisions\/69"}],"wp:attachment":[{"href":"https:\/\/blog.edu.turku.fi\/tuomaansillanpk\/wp-json\/wp\/v2\/media?parent=9"}],"curies":[{"name":"wp","href":"https:\/\/api.w.org\/{rel}","templated":true}]}}