{"id":5,"date":"2025-03-21T15:53:53","date_gmt":"2025-03-21T13:53:53","guid":{"rendered":"https:\/\/blog.edu.turku.fi\/tuomaansillanpk\/?page_id=5"},"modified":"2026-01-21T11:03:12","modified_gmt":"2026-01-21T09:03:12","slug":"etusivu","status":"publish","type":"page","link":"https:\/\/blog.edu.turku.fi\/tuomaansillanpk\/","title":{"rendered":"Etusivu"},"content":{"rendered":"\n<p><strong>Tervetuloa Tuomaansillan p\u00e4iv\u00e4kotiin!<\/strong>&nbsp;<\/p>\n\n\n\n<p>Tuomaansillan p\u00e4iv\u00e4koti on Turun kaupungin suomenkielinen p\u00e4iv\u00e4koti, joka tarjoaa varhaiskasvatusta alle kouluik\u00e4isille lapsille.<\/p>\n\n\n\n<p>Tuomaansilta\u00a0on jaettu kahteen varhaiskasvatusyksikk\u00f6\u00f6n: Nahkurinpihan p\u00e4iv\u00e4kotiin (Nahkurinpiha\u00a01, 20100 Turku)\u00a0ja\u00a0Rehtorinpellonkadun p\u00e4iv\u00e4kotiin (Rehtorinpellonkatu\u00a04-6, 20500 Turku). Lis\u00e4ksi Museom\u00e4en leikkipaikan puistotoiminta (Tuurintie 3, 20100 Turku) on osa kokonaisuuttamme.\u00a0<\/p>\n\n\n\n<p>Molemmat varhaiskasvatusyksikk\u00f6mme sijaitsevat Turun\u00a0keskustan tuntumassa,\u00a0hyvien\u00a0kulkuyhteyksien\u00a0varrella.\u00a0Keskeinen sijaintimme mahdollistaa lapsiryhmille monipuoliset oppimisymp\u00e4rist\u00f6t my\u00f6s p\u00e4iv\u00e4kodin aitojen ulkopuolella: useat\u00a0leikkipuistot, kulttuurihistorialliset n\u00e4ht\u00e4vyydet, sek\u00e4 lapsille suunnatut palvelut ja toiminnat ovat helposti saatavillamme.\u00a0\u00a0<\/p>\n\n\n\n<p>Kummassakin p\u00e4iv\u00e4kodissa\u00a0toimii kolme\u00a0lapsiryhm\u00e4\u00e4. Lapsiryhm\u00e4t muodostetaan lasten ik\u00e4 ja tarpeet huomioiden.\u00a0Esiopetusta j\u00e4rjestet\u00e4\u00e4n Nahkurinpihan p\u00e4iv\u00e4kodissa.\u202f\u00a0P\u00e4iv\u00e4kotimme viestiv\u00e4t toiminnastaan\u00a0eVaka-j\u00e4rjestelm\u00e4n kautta.\u00a0<br><\/p>\n\n\n\n<p><strong>Tuomaansillan toiminta-ajatus ja arvot<\/strong><\/p>\n\n\n\n<p>P\u00e4iv\u00e4kodissamme toiminta perustuu valtakunnalliseen varhaiskasvatussuunnitelmaan, sek\u00e4&nbsp;Turun kaupungin omaan varhaiskasvatussuunnitelmaan. Turun kaupungin linjausten mukaisesti painotamme mm. liikkumista, pienryhm\u00e4toimintaa ja positiivista pedagogiikkaa.<\/p>\n\n\n\n<p>P\u00e4iv\u00e4kotimme toiminta-ajatuksena on tarjota lapsille kodinomaisessa ymp\u00e4rist\u00f6ss\u00e4 turvallista sek\u00e4 laadukasta kasvua ja kehityst\u00e4, sek\u00e4 lasten yksil\u00f6lliset tarpeet huomioivaa kasvatusta, opetusta ja hyvinvointia leikinomaisin keinoin. Leikeiss\u00e4 lapsi harjoittaa saman aikaisesti useampaa eri taitoa, kuten sosioemotionaalisia-, motorisia- ja kognitiivisia taitoja. Oppiminen leikin kautta on lapsille luonnollista, aktiivisen toimijan roolissa, ja onnistumisenkokemuksiltaan rikastavaa; kun lapsi kokee onnistumisen iloa, sill\u00e4 on my\u00f6nteinen vaikutus oppimiseen. &nbsp;<\/p>\n\n\n\n<p>Yhteisty\u00f6 vanhempien kanssa on kasvatusty\u00f6mme perusta: Teemme tiiviisti yhteisty\u00f6t\u00e4 huoltajien kanssa ja arvostamme n\u00e4kemyksi\u00e4nne ja ajatuksianne toiminnan suunnittelussa, toteutuksessa ja arvioinnissa. Lis\u00e4ksi p\u00e4iv\u00e4kodissamme toimii aktiivinen vanhempaintoimikunta, jonka avulla saamme j\u00e4rjestetty\u00e4 lapsille monenlaista toimintaa sek\u00e4 toimikunnan j\u00e4rjest\u00e4m\u00e4\u00e4n joitain yhteisi\u00e4 tapahtumia p\u00e4iv\u00e4kodin alueella, mihin teit\u00e4 huoltajiakin kutsutaan osallisiksi.\u00a0<\/p>\n\n\n\n<p>Luomme p\u00e4iv\u00e4kotiimme turvallisen, vastavuoroisen ja hyv\u00e4ksyv\u00e4n ilmapiirin, jossa lapsi voi kokea aikuisen aidon l\u00e4sn\u00e4olon &#8211; olevan h\u00e4nt\u00e4 varten. Turvallisuutta ovat luomassa selke\u00e4t rajat ja sensitiivinen kohtaaminen. Toimimme niin, ett\u00e4 jokainen lapsi kokisi olevansa t\u00e4rke\u00e4 p\u00e4iv\u00e4kodissamme ja ett\u00e4 jokaisella olisi mahdollisuus kehitty\u00e4 omana itsen\u00e4isen\u00e4 toimijana. Toivomme, ett\u00e4 jokaisella lapsella olisi rohkeutta luottavaisesti kohdata maailma iloineen ja murheineen!&nbsp;<\/p>\n\n\n\n<p><\/p>\n","protected":false},"excerpt":{"rendered":"<p>Tervetuloa Tuomaansillan p\u00e4iv\u00e4kotiin!&nbsp; Tuomaansillan p\u00e4iv\u00e4koti on Turun kaupungin suomenkielinen p\u00e4iv\u00e4koti, joka tarjoaa varhaiskasvatusta alle kouluik\u00e4isille lapsille. Tuomaansilta\u00a0on jaettu kahteen varhaiskasvatusyksikk\u00f6\u00f6n: Nahkurinpihan p\u00e4iv\u00e4kotiin (Nahkurinpiha\u00a01, 20100 Turku)\u00a0ja\u00a0Rehtorinpellonkadun p\u00e4iv\u00e4kotiin (Rehtorinpellonkatu\u00a04-6, 20500 Turku). Lis\u00e4ksi Museom\u00e4en leikkipaikan puistotoiminta (Tuurintie 3, 20100 Turku) on osa kokonaisuuttamme.\u00a0 Molemmat varhaiskasvatusyksikk\u00f6mme sijaitsevat Turun\u00a0keskustan tuntumassa,\u00a0hyvien\u00a0kulkuyhteyksien\u00a0varrella.\u00a0Keskeinen sijaintimme mahdollistaa lapsiryhmille monipuoliset oppimisymp\u00e4rist\u00f6t my\u00f6s p\u00e4iv\u00e4kodin aitojen ulkopuolella: useat\u00a0leikkipuistot, &hellip; <a href=\"https:\/\/blog.edu.turku.fi\/tuomaansillanpk\/\" class=\"more-link\">Jatka lukemista<span class=\"screen-reader-text\"> &#8221;Etusivu&#8221;<\/span><\/a><\/p>\n","protected":false},"author":9,"featured_media":0,"parent":0,"menu_order":0,"comment_status":"closed","ping_status":"closed","template":"","meta":{"footnotes":""},"class_list":["post-5","page","type-page","status-publish","hentry"],"_links":{"self":[{"href":"https:\/\/blog.edu.turku.fi\/tuomaansillanpk\/wp-json\/wp\/v2\/pages\/5","targetHints":{"allow":["GET"]}}],"collection":[{"href":"https:\/\/blog.edu.turku.fi\/tuomaansillanpk\/wp-json\/wp\/v2\/pages"}],"about":[{"href":"https:\/\/blog.edu.turku.fi\/tuomaansillanpk\/wp-json\/wp\/v2\/types\/page"}],"author":[{"embeddable":true,"href":"https:\/\/blog.edu.turku.fi\/tuomaansillanpk\/wp-json\/wp\/v2\/users\/9"}],"replies":[{"embeddable":true,"href":"https:\/\/blog.edu.turku.fi\/tuomaansillanpk\/wp-json\/wp\/v2\/comments?post=5"}],"version-history":[{"count":8,"href":"https:\/\/blog.edu.turku.fi\/tuomaansillanpk\/wp-json\/wp\/v2\/pages\/5\/revisions"}],"predecessor-version":[{"id":79,"href":"https:\/\/blog.edu.turku.fi\/tuomaansillanpk\/wp-json\/wp\/v2\/pages\/5\/revisions\/79"}],"wp:attachment":[{"href":"https:\/\/blog.edu.turku.fi\/tuomaansillanpk\/wp-json\/wp\/v2\/media?parent=5"}],"curies":[{"name":"wp","href":"https:\/\/api.w.org\/{rel}","templated":true}]}}