{"id":37,"date":"2025-05-21T13:40:10","date_gmt":"2025-05-21T10:40:10","guid":{"rendered":"https:\/\/blog.edu.turku.fi\/tuomaansillanpk\/?page_id=37"},"modified":"2026-01-21T11:54:12","modified_gmt":"2026-01-21T09:54:12","slug":"yhteystiedot","status":"publish","type":"page","link":"https:\/\/blog.edu.turku.fi\/tuomaansillanpk\/yhteystiedot\/","title":{"rendered":"Yhteystiedot"},"content":{"rendered":"\n<p><strong>P\u00e4iv\u00e4kodinjohtaja<\/strong> Vappu Hukkila<\/p>\n\n\n\n<p>0449074939 \/ vappu.hukkila@edu.turku.fi<\/p>\n\n\n\n<p><\/p>\n\n\n\n<p><strong>Varhaiskasvatuksen apulaisjohtaja<\/strong> Essi Etel\u00e4koski<\/p>\n\n\n\n<p>0449075587 \/ essi.etelakoski@edu.turku.fi<\/p>\n\n\n\n<p><\/p>\n\n\n\n<p><strong>P\u00e4iv\u00e4kodin erityisopettaja<\/strong> Netta H\u00e4kkinen<\/p>\n\n\n\n<p>044 762 9257 \/ netta.hakkinen@edu.turku.fi<\/p>\n\n\n\n<p><\/p>\n\n\n\n<h2 class=\"wp-block-heading\">Varhaiskasvatus:<\/h2>\n\n\n\n<p><strong>Nahkurinpihan yksikk\u00f6:<\/strong><\/p>\n\n\n\n<p>Naskalit: 040 579 0696<\/p>\n\n\n\n<p>Kis\u00e4llit: 040 674 3044<\/p>\n\n\n\n<p>Mestarit: 040 674 4082<\/p>\n\n\n\n<p>Osoite: Nahkurinpiha 1, 20100 Turku<\/p>\n\n\n\n<p><strong>Rehtorinpellonkadun yksikk\u00f6:<\/strong><\/p>\n\n\n\n<p>Naperot: 040 737 5503<\/p>\n\n\n\n<p>Konkarit: 040 358 0699<\/p>\n\n\n\n<p>Sankarit: 040 673 2463<\/p>\n\n\n\n<p>Osoite: Rehtorinpellonkatu 4-6, 20500 Turku<\/p>\n\n\n\n<p><strong>Museom\u00e4en leikkipaikka<\/strong>:<\/p>\n\n\n\n<p>Osoite: Tuurintie 3, 20100 Turku<\/p>\n\n\n\n<p><\/p>\n\n\n\n<p><strong>Turun kansainv\u00e4linen p\u00e4iv\u00e4koti, avataan elokuussa 2026<\/strong><\/p>\n\n\n\n<p><\/p>\n","protected":false},"excerpt":{"rendered":"<p>P\u00e4iv\u00e4kodinjohtaja Vappu Hukkila 0449074939 \/ vappu.hukkila@edu.turku.fi Varhaiskasvatuksen apulaisjohtaja Essi Etel\u00e4koski 0449075587 \/ essi.etelakoski@edu.turku.fi P\u00e4iv\u00e4kodin erityisopettaja Netta H\u00e4kkinen 044 762 9257 \/ netta.hakkinen@edu.turku.fi Varhaiskasvatus: Nahkurinpihan yksikk\u00f6: Naskalit: 040 579 0696 Kis\u00e4llit: 040 674 3044 Mestarit: 040 674 4082 Osoite: Nahkurinpiha 1, 20100 Turku Rehtorinpellonkadun yksikk\u00f6: Naperot: 040 737 5503 Konkarit: 040 358 0699 Sankarit: 040 673 &hellip; <a href=\"https:\/\/blog.edu.turku.fi\/tuomaansillanpk\/yhteystiedot\/\" class=\"more-link\">Jatka lukemista<span class=\"screen-reader-text\"> &#8221;Yhteystiedot&#8221;<\/span><\/a><\/p>\n","protected":false},"author":3527,"featured_media":0,"parent":0,"menu_order":0,"comment_status":"closed","ping_status":"closed","template":"","meta":{"footnotes":""},"class_list":["post-37","page","type-page","status-publish","hentry"],"_links":{"self":[{"href":"https:\/\/blog.edu.turku.fi\/tuomaansillanpk\/wp-json\/wp\/v2\/pages\/37","targetHints":{"allow":["GET"]}}],"collection":[{"href":"https:\/\/blog.edu.turku.fi\/tuomaansillanpk\/wp-json\/wp\/v2\/pages"}],"about":[{"href":"https:\/\/blog.edu.turku.fi\/tuomaansillanpk\/wp-json\/wp\/v2\/types\/page"}],"author":[{"embeddable":true,"href":"https:\/\/blog.edu.turku.fi\/tuomaansillanpk\/wp-json\/wp\/v2\/users\/3527"}],"replies":[{"embeddable":true,"href":"https:\/\/blog.edu.turku.fi\/tuomaansillanpk\/wp-json\/wp\/v2\/comments?post=37"}],"version-history":[{"count":13,"href":"https:\/\/blog.edu.turku.fi\/tuomaansillanpk\/wp-json\/wp\/v2\/pages\/37\/revisions"}],"predecessor-version":[{"id":83,"href":"https:\/\/blog.edu.turku.fi\/tuomaansillanpk\/wp-json\/wp\/v2\/pages\/37\/revisions\/83"}],"wp:attachment":[{"href":"https:\/\/blog.edu.turku.fi\/tuomaansillanpk\/wp-json\/wp\/v2\/media?parent=37"}],"curies":[{"name":"wp","href":"https:\/\/api.w.org\/{rel}","templated":true}]}}