{"id":52,"date":"2013-11-20T11:12:44","date_gmt":"2013-11-20T09:12:44","guid":{"rendered":"https:\/\/blog.edu.turku.fi\/tsykkuvis\/?page_id=52"},"modified":"2019-02-16T14:12:58","modified_gmt":"2019-02-16T12:12:58","slug":"ku15-kuvataiteen-diplomikurssi-lopputyokurssi","status":"publish","type":"page","link":"https:\/\/blog.edu.turku.fi\/tsykkuvis\/kuvataiteen-kurssit\/ku15-kuvataiteen-diplomikurssi-lopputyokurssi\/","title":{"rendered":"Kuvataiteen lukiodiplomi (LD02)\u00a0\u00a0"},"content":{"rendered":"<p>&nbsp;<\/p>\n<p style=\"text-align: center\">Kurssin tavoitteena on, ett\u00e4 opiskelija antaa erityisen n\u00e4yt\u00f6n lukioaikaisesta osaamisestaan ja harrastuneisuudestaan kuvataiteessa. Kurssin keskeiset sis\u00e4ll\u00f6t perustuvat opiskelijan lukiodiplomille asettamiin tavoitteisiin sek\u00e4 h\u00e4nen valitsemaansa teht\u00e4v\u00e4\u00e4n, n\u00e4k\u00f6kulmaan ja toteutustapaan. Kuvataiteen lukiodiplomi muodostuu teoksesta sek\u00e4 ty\u00f6skentelyprosessia, itsearviointia ja kuvataiteen tuntemusta kuvaavasta portfoliosta. Diplomikurssia varten on oltava 4 kurssia suoritettuna. <em>Suoritusvuosi 3.vuosi.\u00a0\u00a0<\/em><\/p>\n<p style=\"text-align: center\"><em>TSYK lukion<\/em> kuvataiteen diplomiportfolioita netiss\u00e4:<\/p>\n<p style=\"text-align: center\">2014-2015:<\/p>\n<p style=\"text-align: center\"><a href=\"http:\/\/joelstenroos.wix.com\/observation\">http:\/\/joelstenroos.wix.com\/observation<\/a><\/p>\n<p style=\"text-align: center\"><a href=\"http:\/\/eveliinaida.wix.com\/portfolio\">http:\/\/eveliinaida.wix.com\/portfolio<\/a><\/p>\n<p style=\"text-align: center\"><a href=\"http:\/\/ilonaluoto.wix.com\/universe\">http:\/\/ilonaluoto.wix.com\/universe<\/a><\/p>\n<p style=\"text-align: center\">2013-2014:<\/p>\n<p style=\"text-align: center\"><a href=\"http:\/\/iiduska95.wix.com\/dreamingreality\">http:\/\/iiduska95.wix.com\/dreamingreality<\/a><\/p>\n<p style=\"text-align: center\"><a href=\"http:\/\/hirmulisko.wix.com\/jarvenpaaportfolio\">http:\/\/hirmulisko.wix.com\/jarvenpaaportfolio<\/a><\/p>\n<p>&nbsp;<\/p>\n","protected":false},"excerpt":{"rendered":"<p>&nbsp; Kurssin tavoitteena on, ett\u00e4 opiskelija antaa erityisen n\u00e4yt\u00f6n lukioaikaisesta osaamisestaan ja harrastuneisuudestaan kuvataiteessa. Kurssin keskeiset sis\u00e4ll\u00f6t perustuvat opiskelijan lukiodiplomille asettamiin tavoitteisiin sek\u00e4 h\u00e4nen valitsemaansa teht\u00e4v\u00e4\u00e4n, n\u00e4k\u00f6kulmaan ja toteutustapaan. Kuvataiteen lukiodiplomi muodostuu teoksesta sek\u00e4 ty\u00f6skentelyprosessia, itsearviointia ja kuvataiteen tuntemusta kuvaavasta &hellip; <a href=\"https:\/\/blog.edu.turku.fi\/tsykkuvis\/kuvataiteen-kurssit\/ku15-kuvataiteen-diplomikurssi-lopputyokurssi\/\">Lue loppuun <span class=\"meta-nav\">&rarr;<\/span><\/a><\/p>\n","protected":false},"author":45,"featured_media":0,"parent":16,"menu_order":15,"comment_status":"closed","ping_status":"closed","template":"","meta":{"footnotes":""},"class_list":["post-52","page","type-page","status-publish","hentry"],"_links":{"self":[{"href":"https:\/\/blog.edu.turku.fi\/tsykkuvis\/wp-json\/wp\/v2\/pages\/52","targetHints":{"allow":["GET"]}}],"collection":[{"href":"https:\/\/blog.edu.turku.fi\/tsykkuvis\/wp-json\/wp\/v2\/pages"}],"about":[{"href":"https:\/\/blog.edu.turku.fi\/tsykkuvis\/wp-json\/wp\/v2\/types\/page"}],"author":[{"embeddable":true,"href":"https:\/\/blog.edu.turku.fi\/tsykkuvis\/wp-json\/wp\/v2\/users\/45"}],"replies":[{"embeddable":true,"href":"https:\/\/blog.edu.turku.fi\/tsykkuvis\/wp-json\/wp\/v2\/comments?post=52"}],"version-history":[{"count":10,"href":"https:\/\/blog.edu.turku.fi\/tsykkuvis\/wp-json\/wp\/v2\/pages\/52\/revisions"}],"predecessor-version":[{"id":818,"href":"https:\/\/blog.edu.turku.fi\/tsykkuvis\/wp-json\/wp\/v2\/pages\/52\/revisions\/818"}],"up":[{"embeddable":true,"href":"https:\/\/blog.edu.turku.fi\/tsykkuvis\/wp-json\/wp\/v2\/pages\/16"}],"wp:attachment":[{"href":"https:\/\/blog.edu.turku.fi\/tsykkuvis\/wp-json\/wp\/v2\/media?parent=52"}],"curies":[{"name":"wp","href":"https:\/\/api.w.org\/{rel}","templated":true}]}}