{"id":48,"date":"2013-11-20T11:11:52","date_gmt":"2013-11-20T09:11:52","guid":{"rendered":"https:\/\/blog.edu.turku.fi\/tsykkuvis\/?page_id=48"},"modified":"2019-02-16T14:11:47","modified_gmt":"2019-02-16T12:11:47","slug":"ku13-pukusuunnittelu-ja-lavastus","status":"publish","type":"page","link":"https:\/\/blog.edu.turku.fi\/tsykkuvis\/kuvataiteen-kurssit\/ku13-pukusuunnittelu-ja-lavastus\/","title":{"rendered":"Ku14 Pukusuunnittelu ja lavastus"},"content":{"rendered":"<p class=\"paragraph\" style=\"margin: 0cm 0cm 0.0001pt;vertical-align: baseline;text-align: center\"><span class=\"normaltextrun\"><span style=\"font-family: 'Tahoma',sans-serif\">Tutustutaan\u00a0<\/span><\/span><span class=\"spellingerror\"><span style=\"font-family: 'Tahoma',sans-serif\">puku-ja<\/span><\/span><span class=\"normaltextrun\"><span style=\"font-family: 'Tahoma',sans-serif\">\u00a0lavastustaiteeseen.\u00a0 Kurssi voi tukea lavastuksen ja puvustuksen kautta ilmaisutaidon ryhm\u00e4n n\u00e4ytelmi\u00e4 sek\u00e4\u00a0<\/span><\/span><span class=\"spellingerror\"><span style=\"font-family: 'Tahoma',sans-serif\">elokuva-ja<\/span><\/span><span class=\"normaltextrun\"><span style=\"font-family: 'Tahoma',sans-serif\">\u00a0videokurssin lyhytelokuvia.\u00a0<\/span><\/span><span xml:lang=\"FI-FI\"><span style=\"background-color: inherit\">Mahdollinen my\u00f6s yhteisty\u00f6 teattereiden ja oppilaitosten kanssa.<\/span><\/span><span xml:lang=\"FI-FI\"><span style=\"background-color: inherit\">\u00a0Opiskelija syventyy joko lavastukseen tai pukusuunnitteluun.\u00a0<\/span><\/span><span class=\"spellingerror\"><span style=\"font-family: 'Tahoma',sans-serif\">Piirustus-ja<\/span><\/span><span class=\"normaltextrun\"><span style=\"font-family: 'Tahoma',sans-serif\">\u00a0pienoismalliharjoituksia. <em>Numeroarviointi. Suoritusvuosi vapaa.\u00a0<\/em><\/span><\/span><em><span data-ccp-props=\"{&quot;134233117&quot;:true,&quot;134233118&quot;:true,&quot;201341983&quot;:0,&quot;335559740&quot;:240}\"><span class=\"eop\"><span style=\"font-family: 'Tahoma',sans-serif\">\u00a0<\/span><\/span><\/span><\/em><\/p>\n","protected":false},"excerpt":{"rendered":"<p>Tutustutaan\u00a0puku-ja\u00a0lavastustaiteeseen.\u00a0 Kurssi voi tukea lavastuksen ja puvustuksen kautta ilmaisutaidon ryhm\u00e4n n\u00e4ytelmi\u00e4 sek\u00e4\u00a0elokuva-ja\u00a0videokurssin lyhytelokuvia.\u00a0Mahdollinen my\u00f6s yhteisty\u00f6 teattereiden ja oppilaitosten kanssa.\u00a0Opiskelija syventyy joko lavastukseen tai pukusuunnitteluun.\u00a0Piirustus-ja\u00a0pienoismalliharjoituksia. Numeroarviointi. Suoritusvuosi vapaa.\u00a0\u00a0<\/p>\n","protected":false},"author":45,"featured_media":0,"parent":16,"menu_order":14,"comment_status":"closed","ping_status":"closed","template":"","meta":{"footnotes":""},"class_list":["post-48","page","type-page","status-publish","hentry"],"_links":{"self":[{"href":"https:\/\/blog.edu.turku.fi\/tsykkuvis\/wp-json\/wp\/v2\/pages\/48","targetHints":{"allow":["GET"]}}],"collection":[{"href":"https:\/\/blog.edu.turku.fi\/tsykkuvis\/wp-json\/wp\/v2\/pages"}],"about":[{"href":"https:\/\/blog.edu.turku.fi\/tsykkuvis\/wp-json\/wp\/v2\/types\/page"}],"author":[{"embeddable":true,"href":"https:\/\/blog.edu.turku.fi\/tsykkuvis\/wp-json\/wp\/v2\/users\/45"}],"replies":[{"embeddable":true,"href":"https:\/\/blog.edu.turku.fi\/tsykkuvis\/wp-json\/wp\/v2\/comments?post=48"}],"version-history":[{"count":7,"href":"https:\/\/blog.edu.turku.fi\/tsykkuvis\/wp-json\/wp\/v2\/pages\/48\/revisions"}],"predecessor-version":[{"id":817,"href":"https:\/\/blog.edu.turku.fi\/tsykkuvis\/wp-json\/wp\/v2\/pages\/48\/revisions\/817"}],"up":[{"embeddable":true,"href":"https:\/\/blog.edu.turku.fi\/tsykkuvis\/wp-json\/wp\/v2\/pages\/16"}],"wp:attachment":[{"href":"https:\/\/blog.edu.turku.fi\/tsykkuvis\/wp-json\/wp\/v2\/media?parent=48"}],"curies":[{"name":"wp","href":"https:\/\/api.w.org\/{rel}","templated":true}]}}