{"id":443,"date":"2015-01-11T22:57:43","date_gmt":"2015-01-11T20:57:43","guid":{"rendered":"https:\/\/blog.edu.turku.fi\/tsykkuvis\/?page_id=443"},"modified":"2015-01-11T22:58:59","modified_gmt":"2015-01-11T20:58:59","slug":"tarinateltta","status":"publish","type":"page","link":"https:\/\/blog.edu.turku.fi\/tsykkuvis\/kuviksen-projektit\/tarinateltta\/","title":{"rendered":"TARINATELTTA"},"content":{"rendered":"<p style=\"text-align: center\"><a href=\"https:\/\/blog.edu.turku.fi\/tsykkuvis\/files\/2014\/12\/DSC_0151p.jpg\"><img loading=\"lazy\" decoding=\"async\" class=\"wp-image-371 size-large aligncenter\" src=\"https:\/\/blog.edu.turku.fi\/tsykkuvis\/files\/2014\/12\/DSC_0151p-1024x576.jpg\" alt=\"DSC_0151p\" width=\"584\" height=\"328\" srcset=\"https:\/\/blog.edu.turku.fi\/tsykkuvis\/files\/2014\/12\/DSC_0151p-1024x576.jpg 1024w, https:\/\/blog.edu.turku.fi\/tsykkuvis\/files\/2014\/12\/DSC_0151p-150x84.jpg 150w, https:\/\/blog.edu.turku.fi\/tsykkuvis\/files\/2014\/12\/DSC_0151p-300x168.jpg 300w, https:\/\/blog.edu.turku.fi\/tsykkuvis\/files\/2014\/12\/DSC_0151p-500x281.jpg 500w\" sizes=\"auto, (max-width: 584px) 100vw, 584px\" \/><\/a>Puku- ja lavastuskurssin luoma monitaiteellinen esitys: TARINATELTTA esitettiin torstaina 4.12. 2014. Mukana oli tarinankerrontaa, n\u00e4ytelm\u00e4\u00e4, videoprojisointeja, varjoteatteria ja tanssia esitettyn\u00e4 suuressa telttarakennelmassa. Arkkitehtuuriryhm\u00e4 ja Mediaryhm\u00e4 toivat my\u00f6s n\u00e4yt\u00f6kseen oman pienen lis\u00e4ns\u00e4. Arkkitehtuuriryhm\u00e4n siluettirakennukset ja mediakurssin kuvamontaasi maailman tilasta tulivat mukaan n\u00e4yt\u00f6kseen.Tarinateltta- esityksest\u00e4 kuviksi tallennetut hetket kertovat kaiken. Tunnelma oli huikea. Kuvat: Marja Haapakangas, Eetu Hautam\u00e4ki ja Bianca Rose.<\/p>\n<p>\u00a0<a href=\"https:\/\/blog.edu.turku.fi\/tsykkuvis\/files\/2014\/12\/DSC_0151p.jpg\"><img loading=\"lazy\" decoding=\"async\" class=\"alignnone wp-image-364 \" src=\"https:\/\/blog.edu.turku.fi\/tsykkuvis\/files\/2014\/12\/DSC_0127P-1024x698.jpg\" alt=\"DSC_0127P\" width=\"386\" height=\"267\" \/><\/a><a href=\"https:\/\/blog.edu.turku.fi\/tsykkuvis\/files\/2014\/12\/DSC_0128P.jpg\"><img loading=\"lazy\" decoding=\"async\" class=\"alignnone  wp-image-365\" src=\"https:\/\/blog.edu.turku.fi\/tsykkuvis\/files\/2014\/12\/DSC_0128P-168x300.jpg\" alt=\"DSC_0128P\" width=\"149\" height=\"257\" \/><\/a><\/p>\n<p><a href=\"https:\/\/blog.edu.turku.fi\/tsykkuvis\/files\/2014\/12\/DSC_0133P.jpg\"><img loading=\"lazy\" decoding=\"async\" class=\"aligncenter wp-image-367 size-large\" src=\"https:\/\/blog.edu.turku.fi\/tsykkuvis\/files\/2014\/12\/DSC_0133P-1024x576.jpg\" alt=\"DSC_0133P\" width=\"584\" height=\"328\" srcset=\"https:\/\/blog.edu.turku.fi\/tsykkuvis\/files\/2014\/12\/DSC_0133P-1024x576.jpg 1024w, https:\/\/blog.edu.turku.fi\/tsykkuvis\/files\/2014\/12\/DSC_0133P-150x84.jpg 150w, https:\/\/blog.edu.turku.fi\/tsykkuvis\/files\/2014\/12\/DSC_0133P-300x168.jpg 300w, https:\/\/blog.edu.turku.fi\/tsykkuvis\/files\/2014\/12\/DSC_0133P-500x281.jpg 500w\" sizes=\"auto, (max-width: 584px) 100vw, 584px\" \/><\/a> <a href=\"https:\/\/blog.edu.turku.fi\/tsykkuvis\/files\/2014\/12\/DSC_0137P.jpg\"><img loading=\"lazy\" decoding=\"async\" class=\"size-medium wp-image-368 aligncenter\" src=\"https:\/\/blog.edu.turku.fi\/tsykkuvis\/files\/2014\/12\/DSC_0137P-300x191.jpg\" alt=\"DSC_0137P\" width=\"300\" height=\"191\" srcset=\"https:\/\/blog.edu.turku.fi\/tsykkuvis\/files\/2014\/12\/DSC_0137P-300x191.jpg 300w, https:\/\/blog.edu.turku.fi\/tsykkuvis\/files\/2014\/12\/DSC_0137P-150x95.jpg 150w, https:\/\/blog.edu.turku.fi\/tsykkuvis\/files\/2014\/12\/DSC_0137P-1024x655.jpg 1024w, https:\/\/blog.edu.turku.fi\/tsykkuvis\/files\/2014\/12\/DSC_0137P-468x300.jpg 468w\" sizes=\"auto, (max-width: 300px) 100vw, 300px\" \/><\/a> <a href=\"https:\/\/blog.edu.turku.fi\/tsykkuvis\/files\/2014\/12\/DSC_0145P.jpg\"><img loading=\"lazy\" decoding=\"async\" class=\"aligncenter wp-image-370 size-large\" src=\"https:\/\/blog.edu.turku.fi\/tsykkuvis\/files\/2014\/12\/DSC_0145P-1024x570.jpg\" alt=\"DSC_0145P\" width=\"584\" height=\"325\" srcset=\"https:\/\/blog.edu.turku.fi\/tsykkuvis\/files\/2014\/12\/DSC_0145P-1024x570.jpg 1024w, https:\/\/blog.edu.turku.fi\/tsykkuvis\/files\/2014\/12\/DSC_0145P-150x83.jpg 150w, https:\/\/blog.edu.turku.fi\/tsykkuvis\/files\/2014\/12\/DSC_0145P-300x167.jpg 300w, https:\/\/blog.edu.turku.fi\/tsykkuvis\/files\/2014\/12\/DSC_0145P-500x278.jpg 500w\" sizes=\"auto, (max-width: 584px) 100vw, 584px\" \/><\/a><a href=\"https:\/\/blog.edu.turku.fi\/tsykkuvis\/files\/2014\/12\/DSC_0140P.jpg\"><img loading=\"lazy\" decoding=\"async\" class=\"size-medium wp-image-369 aligncenter\" src=\"https:\/\/blog.edu.turku.fi\/tsykkuvis\/files\/2014\/12\/DSC_0140P-292x300.jpg\" alt=\"DSC_0140P\" width=\"292\" height=\"300\" srcset=\"https:\/\/blog.edu.turku.fi\/tsykkuvis\/files\/2014\/12\/DSC_0140P-292x300.jpg 292w, https:\/\/blog.edu.turku.fi\/tsykkuvis\/files\/2014\/12\/DSC_0140P-146x150.jpg 146w, https:\/\/blog.edu.turku.fi\/tsykkuvis\/files\/2014\/12\/DSC_0140P-998x1024.jpg 998w, https:\/\/blog.edu.turku.fi\/tsykkuvis\/files\/2014\/12\/DSC_0140P.jpg 1939w\" sizes=\"auto, (max-width: 292px) 100vw, 292px\" \/><\/a><\/p>\n<p style=\"text-align: center\"><a href=\"https:\/\/blog.edu.turku.fi\/tsykkuvis\/files\/2014\/12\/DSC_0132P.jpg\"><img loading=\"lazy\" decoding=\"async\" class=\"wp-image-366 size-large aligncenter\" src=\"https:\/\/blog.edu.turku.fi\/tsykkuvis\/files\/2014\/12\/DSC_0132P-1024x576.jpg\" alt=\"DSC_0132P\" width=\"584\" height=\"328\" srcset=\"https:\/\/blog.edu.turku.fi\/tsykkuvis\/files\/2014\/12\/DSC_0132P-1024x576.jpg 1024w, https:\/\/blog.edu.turku.fi\/tsykkuvis\/files\/2014\/12\/DSC_0132P-150x84.jpg 150w, https:\/\/blog.edu.turku.fi\/tsykkuvis\/files\/2014\/12\/DSC_0132P-300x168.jpg 300w, https:\/\/blog.edu.turku.fi\/tsykkuvis\/files\/2014\/12\/DSC_0132P-500x281.jpg 500w\" sizes=\"auto, (max-width: 584px) 100vw, 584px\" \/><\/a><\/p>\n<p style=\"text-align: center\"><a href=\"https:\/\/blog.edu.turku.fi\/tsykkuvis\/files\/2014\/12\/DSC_0068P.jpg\">\u00a0\u00a0<\/a><a href=\"https:\/\/blog.edu.turku.fi\/tsykkuvis\/files\/2014\/12\/DSC_0225P.jpg\"><img loading=\"lazy\" decoding=\"async\" class=\"alignnone wp-image-402 \" src=\"https:\/\/blog.edu.turku.fi\/tsykkuvis\/files\/2014\/12\/DSC_0225P-680x1024.jpg\" alt=\"DSC_0225P\" width=\"399\" height=\"596\" \/><\/a><\/p>\n<p style=\"text-align: center\"><a href=\"https:\/\/blog.edu.turku.fi\/tsykkuvis\/files\/2014\/12\/IMG_8195P.jpg\"><img loading=\"lazy\" decoding=\"async\" class=\"alignnone wp-image-398 \" src=\"https:\/\/blog.edu.turku.fi\/tsykkuvis\/files\/2014\/12\/IMG_8195P-666x1024.jpg\" alt=\"IMG_8195P\" width=\"425\" height=\"648\" \/><\/a><\/p>\n<p style=\"text-align: center\"><a href=\"https:\/\/blog.edu.turku.fi\/tsykkuvis\/files\/2014\/12\/DSC_0068P.jpg\"> <img loading=\"lazy\" decoding=\"async\" class=\"alignnone size-medium wp-image-381\" src=\"https:\/\/blog.edu.turku.fi\/tsykkuvis\/files\/2014\/12\/DSC_0068P-300x182.jpg\" alt=\"DSC_0068P\" width=\"300\" height=\"182\" srcset=\"https:\/\/blog.edu.turku.fi\/tsykkuvis\/files\/2014\/12\/DSC_0068P-300x182.jpg 300w, https:\/\/blog.edu.turku.fi\/tsykkuvis\/files\/2014\/12\/DSC_0068P-150x91.jpg 150w, https:\/\/blog.edu.turku.fi\/tsykkuvis\/files\/2014\/12\/DSC_0068P-1024x621.jpg 1024w, https:\/\/blog.edu.turku.fi\/tsykkuvis\/files\/2014\/12\/DSC_0068P-494x300.jpg 494w\" sizes=\"auto, (max-width: 300px) 100vw, 300px\" \/><\/a> <a href=\"https:\/\/blog.edu.turku.fi\/tsykkuvis\/files\/2014\/12\/DSC_0077P.jpg\"><img loading=\"lazy\" decoding=\"async\" class=\"alignnone wp-image-382 \" src=\"https:\/\/blog.edu.turku.fi\/tsykkuvis\/files\/2014\/12\/DSC_0077P-680x1024.jpg\" alt=\"DSC_0077P\" width=\"463\" height=\"693\" \/><\/a> <a href=\"https:\/\/blog.edu.turku.fi\/tsykkuvis\/files\/2014\/12\/DSC_0098P.jpg\"><img loading=\"lazy\" decoding=\"async\" class=\"alignnone size-medium wp-image-383\" src=\"https:\/\/blog.edu.turku.fi\/tsykkuvis\/files\/2014\/12\/DSC_0098P-199x300.jpg\" alt=\"DSC_0098P\" width=\"199\" height=\"300\" srcset=\"https:\/\/blog.edu.turku.fi\/tsykkuvis\/files\/2014\/12\/DSC_0098P-199x300.jpg 199w, https:\/\/blog.edu.turku.fi\/tsykkuvis\/files\/2014\/12\/DSC_0098P-99x150.jpg 99w, https:\/\/blog.edu.turku.fi\/tsykkuvis\/files\/2014\/12\/DSC_0098P-680x1024.jpg 680w\" sizes=\"auto, (max-width: 199px) 100vw, 199px\" \/><\/a> <a href=\"https:\/\/blog.edu.turku.fi\/tsykkuvis\/files\/2014\/12\/DSC_0124P.jpg\"><img loading=\"lazy\" decoding=\"async\" class=\"alignnone wp-image-384 \" src=\"https:\/\/blog.edu.turku.fi\/tsykkuvis\/files\/2014\/12\/DSC_0124P-680x1024.jpg\" alt=\"DSC_0124P\" width=\"420\" height=\"628\" \/><\/a> <a href=\"https:\/\/blog.edu.turku.fi\/tsykkuvis\/files\/2014\/12\/DSC_0129P.jpg\"><img loading=\"lazy\" decoding=\"async\" class=\"alignnone wp-image-385 \" src=\"https:\/\/blog.edu.turku.fi\/tsykkuvis\/files\/2014\/12\/DSC_0129P-711x1024.jpg\" alt=\"DSC_0129P\" width=\"442\" height=\"631\" \/><\/a> <a href=\"https:\/\/blog.edu.turku.fi\/tsykkuvis\/files\/2014\/12\/DSC_0161P.jpg\"><img loading=\"lazy\" decoding=\"async\" class=\"alignnone size-medium wp-image-386\" src=\"https:\/\/blog.edu.turku.fi\/tsykkuvis\/files\/2014\/12\/DSC_0161P-300x199.jpg\" alt=\"DSC_0161P\" width=\"300\" height=\"199\" srcset=\"https:\/\/blog.edu.turku.fi\/tsykkuvis\/files\/2014\/12\/DSC_0161P-300x199.jpg 300w, https:\/\/blog.edu.turku.fi\/tsykkuvis\/files\/2014\/12\/DSC_0161P-150x99.jpg 150w, https:\/\/blog.edu.turku.fi\/tsykkuvis\/files\/2014\/12\/DSC_0161P-1024x680.jpg 1024w, https:\/\/blog.edu.turku.fi\/tsykkuvis\/files\/2014\/12\/DSC_0161P-451x300.jpg 451w\" sizes=\"auto, (max-width: 300px) 100vw, 300px\" \/><\/a> <a href=\"https:\/\/blog.edu.turku.fi\/tsykkuvis\/files\/2014\/12\/DSC_0183P.jpg\"><img loading=\"lazy\" decoding=\"async\" class=\"alignnone wp-image-387 \" src=\"https:\/\/blog.edu.turku.fi\/tsykkuvis\/files\/2014\/12\/DSC_0183P-680x1024.jpg\" alt=\"DSC_0183P\" width=\"453\" height=\"677\" \/><\/a> <a href=\"https:\/\/blog.edu.turku.fi\/tsykkuvis\/files\/2014\/12\/DSC_0203P.jpg\"><img loading=\"lazy\" decoding=\"async\" class=\"alignnone size-medium wp-image-388\" src=\"https:\/\/blog.edu.turku.fi\/tsykkuvis\/files\/2014\/12\/DSC_0203P-130x300.jpg\" alt=\"DSC_0203P\" width=\"130\" height=\"300\" srcset=\"https:\/\/blog.edu.turku.fi\/tsykkuvis\/files\/2014\/12\/DSC_0203P-130x300.jpg 130w, https:\/\/blog.edu.turku.fi\/tsykkuvis\/files\/2014\/12\/DSC_0203P-65x150.jpg 65w\" sizes=\"auto, (max-width: 130px) 100vw, 130px\" \/><\/a> <a href=\"https:\/\/blog.edu.turku.fi\/tsykkuvis\/files\/2014\/12\/DSC_0220P.jpg\"><img loading=\"lazy\" decoding=\"async\" class=\"alignnone size-medium wp-image-389\" src=\"https:\/\/blog.edu.turku.fi\/tsykkuvis\/files\/2014\/12\/DSC_0220P-179x300.jpg\" alt=\"DSC_0220P\" width=\"179\" height=\"300\" srcset=\"https:\/\/blog.edu.turku.fi\/tsykkuvis\/files\/2014\/12\/DSC_0220P-179x300.jpg 179w, https:\/\/blog.edu.turku.fi\/tsykkuvis\/files\/2014\/12\/DSC_0220P-89x150.jpg 89w, https:\/\/blog.edu.turku.fi\/tsykkuvis\/files\/2014\/12\/DSC_0220P-613x1024.jpg 613w\" sizes=\"auto, (max-width: 179px) 100vw, 179px\" \/><\/a> <a href=\"https:\/\/blog.edu.turku.fi\/tsykkuvis\/files\/2014\/12\/DSC_0224P.jpg\"><img loading=\"lazy\" decoding=\"async\" class=\"alignnone size-medium wp-image-390\" src=\"https:\/\/blog.edu.turku.fi\/tsykkuvis\/files\/2014\/12\/DSC_0224P-196x300.jpg\" alt=\"DSC_0224P\" width=\"196\" height=\"300\" srcset=\"https:\/\/blog.edu.turku.fi\/tsykkuvis\/files\/2014\/12\/DSC_0224P-196x300.jpg 196w, https:\/\/blog.edu.turku.fi\/tsykkuvis\/files\/2014\/12\/DSC_0224P-98x150.jpg 98w, https:\/\/blog.edu.turku.fi\/tsykkuvis\/files\/2014\/12\/DSC_0224P-669x1024.jpg 669w\" sizes=\"auto, (max-width: 196px) 100vw, 196px\" \/><\/a> <a href=\"https:\/\/blog.edu.turku.fi\/tsykkuvis\/files\/2014\/12\/DSC_0251P.jpg\"><img loading=\"lazy\" decoding=\"async\" class=\"alignnone wp-image-391 \" src=\"https:\/\/blog.edu.turku.fi\/tsykkuvis\/files\/2014\/12\/DSC_0251P-680x1024.jpg\" alt=\"DSC_0251P\" width=\"476\" height=\"712\" \/><\/a> <a href=\"https:\/\/blog.edu.turku.fi\/tsykkuvis\/files\/2014\/12\/DSC_0259P.jpg\"><img loading=\"lazy\" decoding=\"async\" class=\"alignnone wp-image-392 \" src=\"https:\/\/blog.edu.turku.fi\/tsykkuvis\/files\/2014\/12\/DSC_0259P-1024x680.jpg\" alt=\"DSC_0259P\" width=\"417\" height=\"280\" \/><\/a> <a href=\"https:\/\/blog.edu.turku.fi\/tsykkuvis\/files\/2014\/12\/DSC_0267P.jpg\"><img loading=\"lazy\" decoding=\"async\" class=\"alignnone wp-image-393 \" src=\"https:\/\/blog.edu.turku.fi\/tsykkuvis\/files\/2014\/12\/DSC_0267P-680x1024.jpg\" alt=\"DSC_0267P\" width=\"433\" height=\"646\" \/><\/a> <a href=\"https:\/\/blog.edu.turku.fi\/tsykkuvis\/files\/2014\/12\/DSC_0281P.jpg\"><img loading=\"lazy\" decoding=\"async\" class=\"alignnone wp-image-394 \" src=\"https:\/\/blog.edu.turku.fi\/tsykkuvis\/files\/2014\/12\/DSC_0281P-680x1024.jpg\" alt=\"DSC_0281P\" width=\"407\" height=\"609\" \/><\/a> <a href=\"https:\/\/blog.edu.turku.fi\/tsykkuvis\/files\/2014\/12\/IMG_8162P.jpg\"><img loading=\"lazy\" decoding=\"async\" class=\"alignnone size-medium wp-image-395\" src=\"https:\/\/blog.edu.turku.fi\/tsykkuvis\/files\/2014\/12\/IMG_8162P-300x221.jpg\" alt=\"IMG_8162P\" width=\"300\" height=\"221\" srcset=\"https:\/\/blog.edu.turku.fi\/tsykkuvis\/files\/2014\/12\/IMG_8162P-300x221.jpg 300w, https:\/\/blog.edu.turku.fi\/tsykkuvis\/files\/2014\/12\/IMG_8162P-150x110.jpg 150w, https:\/\/blog.edu.turku.fi\/tsykkuvis\/files\/2014\/12\/IMG_8162P-1024x757.jpg 1024w, https:\/\/blog.edu.turku.fi\/tsykkuvis\/files\/2014\/12\/IMG_8162P-405x300.jpg 405w\" sizes=\"auto, (max-width: 300px) 100vw, 300px\" \/><\/a> <a href=\"https:\/\/blog.edu.turku.fi\/tsykkuvis\/files\/2014\/12\/IMG_8176P.jpg\"><img loading=\"lazy\" decoding=\"async\" class=\"alignnone size-medium wp-image-396\" src=\"https:\/\/blog.edu.turku.fi\/tsykkuvis\/files\/2014\/12\/IMG_8176P-200x300.jpg\" alt=\"IMG_8176P\" width=\"200\" height=\"300\" srcset=\"https:\/\/blog.edu.turku.fi\/tsykkuvis\/files\/2014\/12\/IMG_8176P-200x300.jpg 200w, https:\/\/blog.edu.turku.fi\/tsykkuvis\/files\/2014\/12\/IMG_8176P-100x150.jpg 100w, https:\/\/blog.edu.turku.fi\/tsykkuvis\/files\/2014\/12\/IMG_8176P-682x1024.jpg 682w, https:\/\/blog.edu.turku.fi\/tsykkuvis\/files\/2014\/12\/IMG_8176P.jpg 1728w\" sizes=\"auto, (max-width: 200px) 100vw, 200px\" \/><\/a> <a href=\"https:\/\/blog.edu.turku.fi\/tsykkuvis\/files\/2014\/12\/IMG_8186P.jpg\"><img loading=\"lazy\" decoding=\"async\" class=\"alignnone size-medium wp-image-397\" src=\"https:\/\/blog.edu.turku.fi\/tsykkuvis\/files\/2014\/12\/IMG_8186P-300x201.jpg\" alt=\"IMG_8186P\" width=\"300\" height=\"201\" srcset=\"https:\/\/blog.edu.turku.fi\/tsykkuvis\/files\/2014\/12\/IMG_8186P-300x201.jpg 300w, https:\/\/blog.edu.turku.fi\/tsykkuvis\/files\/2014\/12\/IMG_8186P-150x100.jpg 150w, https:\/\/blog.edu.turku.fi\/tsykkuvis\/files\/2014\/12\/IMG_8186P-1024x688.jpg 1024w, https:\/\/blog.edu.turku.fi\/tsykkuvis\/files\/2014\/12\/IMG_8186P-446x300.jpg 446w\" sizes=\"auto, (max-width: 300px) 100vw, 300px\" \/><\/a>\u00a0 <a href=\"https:\/\/blog.edu.turku.fi\/tsykkuvis\/files\/2014\/12\/IMG_8245P.jpg\"><img loading=\"lazy\" decoding=\"async\" class=\"alignnone size-medium wp-image-399\" src=\"https:\/\/blog.edu.turku.fi\/tsykkuvis\/files\/2014\/12\/IMG_8245P-300x203.jpg\" alt=\"IMG_8245P\" width=\"300\" height=\"203\" srcset=\"https:\/\/blog.edu.turku.fi\/tsykkuvis\/files\/2014\/12\/IMG_8245P-300x203.jpg 300w, https:\/\/blog.edu.turku.fi\/tsykkuvis\/files\/2014\/12\/IMG_8245P-150x101.jpg 150w, https:\/\/blog.edu.turku.fi\/tsykkuvis\/files\/2014\/12\/IMG_8245P-1024x694.jpg 1024w, https:\/\/blog.edu.turku.fi\/tsykkuvis\/files\/2014\/12\/IMG_8245P-442x300.jpg 442w\" sizes=\"auto, (max-width: 300px) 100vw, 300px\" \/><\/a> <a href=\"https:\/\/blog.edu.turku.fi\/tsykkuvis\/files\/2014\/12\/IMG_8250P.jpg\"><img loading=\"lazy\" decoding=\"async\" class=\"alignnone size-medium wp-image-400\" src=\"https:\/\/blog.edu.turku.fi\/tsykkuvis\/files\/2014\/12\/IMG_8250P-300x199.jpg\" alt=\"IMG_8250P\" width=\"300\" height=\"199\" srcset=\"https:\/\/blog.edu.turku.fi\/tsykkuvis\/files\/2014\/12\/IMG_8250P-300x199.jpg 300w, https:\/\/blog.edu.turku.fi\/tsykkuvis\/files\/2014\/12\/IMG_8250P-150x99.jpg 150w, https:\/\/blog.edu.turku.fi\/tsykkuvis\/files\/2014\/12\/IMG_8250P-1024x681.jpg 1024w, https:\/\/blog.edu.turku.fi\/tsykkuvis\/files\/2014\/12\/IMG_8250P-450x300.jpg 450w, https:\/\/blog.edu.turku.fi\/tsykkuvis\/files\/2014\/12\/IMG_8250P.jpg 2003w\" sizes=\"auto, (max-width: 300px) 100vw, 300px\" \/><\/a> <a href=\"https:\/\/blog.edu.turku.fi\/tsykkuvis\/files\/2014\/12\/IMG_81790.jpg\"><img loading=\"lazy\" decoding=\"async\" class=\"alignnone wp-image-401 \" src=\"https:\/\/blog.edu.turku.fi\/tsykkuvis\/files\/2014\/12\/IMG_81790-595x1024.jpg\" alt=\"IMG_81790\" width=\"394\" height=\"671\" \/><\/a><\/p>\n","protected":false},"excerpt":{"rendered":"<p>Puku- ja lavastuskurssin luoma monitaiteellinen esitys: TARINATELTTA esitettiin torstaina 4.12. 2014. Mukana oli tarinankerrontaa, n\u00e4ytelm\u00e4\u00e4, videoprojisointeja, varjoteatteria ja tanssia esitettyn\u00e4 suuressa telttarakennelmassa. Arkkitehtuuriryhm\u00e4 ja Mediaryhm\u00e4 toivat my\u00f6s n\u00e4yt\u00f6kseen oman pienen lis\u00e4ns\u00e4. Arkkitehtuuriryhm\u00e4n siluettirakennukset ja mediakurssin kuvamontaasi maailman tilasta tulivat mukaan &hellip; <a href=\"https:\/\/blog.edu.turku.fi\/tsykkuvis\/kuviksen-projektit\/tarinateltta\/\">Lue loppuun <span class=\"meta-nav\">&rarr;<\/span><\/a><\/p>\n","protected":false},"author":45,"featured_media":0,"parent":160,"menu_order":3,"comment_status":"open","ping_status":"closed","template":"","meta":{"footnotes":""},"class_list":["post-443","page","type-page","status-publish","hentry"],"_links":{"self":[{"href":"https:\/\/blog.edu.turku.fi\/tsykkuvis\/wp-json\/wp\/v2\/pages\/443","targetHints":{"allow":["GET"]}}],"collection":[{"href":"https:\/\/blog.edu.turku.fi\/tsykkuvis\/wp-json\/wp\/v2\/pages"}],"about":[{"href":"https:\/\/blog.edu.turku.fi\/tsykkuvis\/wp-json\/wp\/v2\/types\/page"}],"author":[{"embeddable":true,"href":"https:\/\/blog.edu.turku.fi\/tsykkuvis\/wp-json\/wp\/v2\/users\/45"}],"replies":[{"embeddable":true,"href":"https:\/\/blog.edu.turku.fi\/tsykkuvis\/wp-json\/wp\/v2\/comments?post=443"}],"version-history":[{"count":1,"href":"https:\/\/blog.edu.turku.fi\/tsykkuvis\/wp-json\/wp\/v2\/pages\/443\/revisions"}],"predecessor-version":[{"id":444,"href":"https:\/\/blog.edu.turku.fi\/tsykkuvis\/wp-json\/wp\/v2\/pages\/443\/revisions\/444"}],"up":[{"embeddable":true,"href":"https:\/\/blog.edu.turku.fi\/tsykkuvis\/wp-json\/wp\/v2\/pages\/160"}],"wp:attachment":[{"href":"https:\/\/blog.edu.turku.fi\/tsykkuvis\/wp-json\/wp\/v2\/media?parent=443"}],"curies":[{"name":"wp","href":"https:\/\/api.w.org\/{rel}","templated":true}]}}