{"id":44,"date":"2013-11-20T11:11:00","date_gmt":"2013-11-20T09:11:00","guid":{"rendered":"https:\/\/blog.edu.turku.fi\/tsykkuvis\/?page_id=44"},"modified":"2019-02-16T14:08:32","modified_gmt":"2019-02-16T12:08:32","slug":"ku11-valokuvaus-ja-pimiotyoskentely","status":"publish","type":"page","link":"https:\/\/blog.edu.turku.fi\/tsykkuvis\/kuvataiteen-kurssit\/ku11-valokuvaus-ja-pimiotyoskentely\/","title":{"rendered":"KU11 Valokuvaus ja pimi\u00f6ty\u00f6skentely"},"content":{"rendered":"<p class=\"paragraph\" style=\"margin: 0cm;margin-bottom: .0001pt;vertical-align: baseline\"><span class=\"normaltextrun\"><span style=\"font-family: 'Tahoma',sans-serif\">Perinteinen filmille kuvaus sek\u00e4 digitaalinen valokuvaus tekniikkana ja ilmaisuv\u00e4lineen\u00e4.<\/span><\/span><span xml:lang=\"FI-FI\"><span style=\"background-color: inherit\">\u00a0Opitaan valokuvauksen historiasta, tekniikasta ja teoriasta, opitaan k\u00e4ytt\u00e4m\u00e4\u00e4n kameraa oman luovan ilmaisun v\u00e4lineen\u00e4.\u00a0<\/span><\/span><span xml:lang=\"FI-FI\"><span style=\"background-color: inherit\">K\u00e4yt\u00f6ss\u00e4 pimi\u00f6 sek\u00e4 studio salamalaitteineen.<\/span><\/span><span xml:lang=\"FI-FI\"><span style=\"background-color: inherit\">\u00a0<\/span><\/span><span xml:lang=\"FI-FI\"><span style=\"background-color: inherit\">Kuvausretki ja n\u00e4yttelyk\u00e4ynti Turun l\u00e4hiymp\u00e4rist\u00f6\u00f6n tai kauemmas (esim. Tukholmaan).<\/span><\/span><span xml:lang=\"FI-FI\"><span style=\"background-color: inherit\">\u00a0Numeroarviointi. Suoritusvuosi vapaa.\u00a0<\/span><\/span><span data-ccp-props=\"{&quot;134233117&quot;:true,&quot;134233118&quot;:true,&quot;201341983&quot;:0,&quot;335559740&quot;:240}\"><span class=\"eop\"><span style=\"font-family: 'Tahoma',sans-serif\">\u00a0<\/span><\/span><\/span><\/p>\n","protected":false},"excerpt":{"rendered":"<p>Perinteinen filmille kuvaus sek\u00e4 digitaalinen valokuvaus tekniikkana ja ilmaisuv\u00e4lineen\u00e4.\u00a0Opitaan valokuvauksen historiasta, tekniikasta ja teoriasta, opitaan k\u00e4ytt\u00e4m\u00e4\u00e4n kameraa oman luovan ilmaisun v\u00e4lineen\u00e4.\u00a0K\u00e4yt\u00f6ss\u00e4 pimi\u00f6 sek\u00e4 studio salamalaitteineen.\u00a0Kuvausretki ja n\u00e4yttelyk\u00e4ynti Turun l\u00e4hiymp\u00e4rist\u00f6\u00f6n tai kauemmas (esim. Tukholmaan).\u00a0Numeroarviointi. Suoritusvuosi vapaa.\u00a0\u00a0<\/p>\n","protected":false},"author":45,"featured_media":0,"parent":16,"menu_order":11,"comment_status":"closed","ping_status":"closed","template":"","meta":{"footnotes":""},"class_list":["post-44","page","type-page","status-publish","hentry"],"_links":{"self":[{"href":"https:\/\/blog.edu.turku.fi\/tsykkuvis\/wp-json\/wp\/v2\/pages\/44","targetHints":{"allow":["GET"]}}],"collection":[{"href":"https:\/\/blog.edu.turku.fi\/tsykkuvis\/wp-json\/wp\/v2\/pages"}],"about":[{"href":"https:\/\/blog.edu.turku.fi\/tsykkuvis\/wp-json\/wp\/v2\/types\/page"}],"author":[{"embeddable":true,"href":"https:\/\/blog.edu.turku.fi\/tsykkuvis\/wp-json\/wp\/v2\/users\/45"}],"replies":[{"embeddable":true,"href":"https:\/\/blog.edu.turku.fi\/tsykkuvis\/wp-json\/wp\/v2\/comments?post=44"}],"version-history":[{"count":6,"href":"https:\/\/blog.edu.turku.fi\/tsykkuvis\/wp-json\/wp\/v2\/pages\/44\/revisions"}],"predecessor-version":[{"id":814,"href":"https:\/\/blog.edu.turku.fi\/tsykkuvis\/wp-json\/wp\/v2\/pages\/44\/revisions\/814"}],"up":[{"embeddable":true,"href":"https:\/\/blog.edu.turku.fi\/tsykkuvis\/wp-json\/wp\/v2\/pages\/16"}],"wp:attachment":[{"href":"https:\/\/blog.edu.turku.fi\/tsykkuvis\/wp-json\/wp\/v2\/media?parent=44"}],"curies":[{"name":"wp","href":"https:\/\/api.w.org\/{rel}","templated":true}]}}