{"id":42,"date":"2013-11-20T11:10:41","date_gmt":"2013-11-20T09:10:41","guid":{"rendered":"https:\/\/blog.edu.turku.fi\/tsykkuvis\/?page_id=42"},"modified":"2014-04-09T12:52:48","modified_gmt":"2014-04-09T09:52:48","slug":"ku10-graafinen-suunnittelu-ja-digitaalinen-kuvankasittely","status":"publish","type":"page","link":"https:\/\/blog.edu.turku.fi\/tsykkuvis\/kuvataiteen-kurssit\/ku10-graafinen-suunnittelu-ja-digitaalinen-kuvankasittely\/","title":{"rendered":"KU10 Graafinen suunnittelu ja digitaalinen kuvank\u00e4sittely"},"content":{"rendered":"<p style=\"text-align: center\"><strong>K\u00e4ytt\u00f6grafiikkaa<\/strong> (=sarjakuva, tuotepakkaus, juliste, kuvitus tms.). Sis\u00e4ll\u00f6t:<br \/>\nharjoitust\u00f6in\u00e4 <strong>kuvitus, sarjakuva, pakkaus, juliste, levyn kansi<\/strong> tms.. Digitaalinen<br \/>\nkuvank\u00e4sittely omalla koneella k\u00e4ytt\u00e4en PaintShop Pro-ohjelmaa. Teht\u00e4viin voi<br \/>\nliitty\u00e4 my\u00f6s<strong> kuvausta<\/strong>. <em>Numeroarviointi. Suoritusvuosi vapaa.<\/em><\/p>\n","protected":false},"excerpt":{"rendered":"<p>K\u00e4ytt\u00f6grafiikkaa (=sarjakuva, tuotepakkaus, juliste, kuvitus tms.). Sis\u00e4ll\u00f6t: harjoitust\u00f6in\u00e4 kuvitus, sarjakuva, pakkaus, juliste, levyn kansi tms.. Digitaalinen kuvank\u00e4sittely omalla koneella k\u00e4ytt\u00e4en PaintShop Pro-ohjelmaa. Teht\u00e4viin voi liitty\u00e4 my\u00f6s kuvausta. Numeroarviointi. Suoritusvuosi vapaa.<\/p>\n","protected":false},"author":45,"featured_media":0,"parent":16,"menu_order":10,"comment_status":"closed","ping_status":"closed","template":"","meta":{"footnotes":""},"class_list":["post-42","page","type-page","status-publish","hentry"],"_links":{"self":[{"href":"https:\/\/blog.edu.turku.fi\/tsykkuvis\/wp-json\/wp\/v2\/pages\/42","targetHints":{"allow":["GET"]}}],"collection":[{"href":"https:\/\/blog.edu.turku.fi\/tsykkuvis\/wp-json\/wp\/v2\/pages"}],"about":[{"href":"https:\/\/blog.edu.turku.fi\/tsykkuvis\/wp-json\/wp\/v2\/types\/page"}],"author":[{"embeddable":true,"href":"https:\/\/blog.edu.turku.fi\/tsykkuvis\/wp-json\/wp\/v2\/users\/45"}],"replies":[{"embeddable":true,"href":"https:\/\/blog.edu.turku.fi\/tsykkuvis\/wp-json\/wp\/v2\/comments?post=42"}],"version-history":[{"count":5,"href":"https:\/\/blog.edu.turku.fi\/tsykkuvis\/wp-json\/wp\/v2\/pages\/42\/revisions"}],"predecessor-version":[{"id":258,"href":"https:\/\/blog.edu.turku.fi\/tsykkuvis\/wp-json\/wp\/v2\/pages\/42\/revisions\/258"}],"up":[{"embeddable":true,"href":"https:\/\/blog.edu.turku.fi\/tsykkuvis\/wp-json\/wp\/v2\/pages\/16"}],"wp:attachment":[{"href":"https:\/\/blog.edu.turku.fi\/tsykkuvis\/wp-json\/wp\/v2\/media?parent=42"}],"curies":[{"name":"wp","href":"https:\/\/api.w.org\/{rel}","templated":true}]}}