{"id":40,"date":"2013-11-20T11:10:05","date_gmt":"2013-11-20T09:10:05","guid":{"rendered":"https:\/\/blog.edu.turku.fi\/tsykkuvis\/?page_id=40"},"modified":"2019-02-16T14:07:46","modified_gmt":"2019-02-16T12:07:46","slug":"ku9-arkkitehtuuri","status":"publish","type":"page","link":"https:\/\/blog.edu.turku.fi\/tsykkuvis\/kuvataiteen-kurssit\/ku9-arkkitehtuuri\/","title":{"rendered":"KU9 Arkkitehtuuri"},"content":{"rendered":"<p class=\"paragraph\" style=\"margin: 0cm;margin-bottom: .0001pt;vertical-align: baseline\"><span class=\"normaltextrun\"><span style=\"font-family: 'Tahoma',sans-serif\">Oman pientalon suunnittelu pohjapiirroksista kolmiulotteiseksi kuvaksi (esityskuvaksi) ja pienoismalliksi.<\/span><\/span><span xml:lang=\"FI-FI\"><span style=\"background-color: inherit\">\u00a0<\/span><\/span><span xml:lang=\"FI-FI\"><span style=\"background-color: inherit\">Modernin arkkitehtuurin teoriaa. Mahdollisuus k\u00e4ytt\u00e4\u00e4 my\u00f6s Sketscup-3d maallinnuohjelmaa ja 3D tulostinta.\u00a0<\/span><\/span><span xml:lang=\"FI-FI\"><span style=\"background-color: inherit\">\u00a0Arkkitehtuuritoimistossa vierailu. Numeroarviointi. Suoritusvuosi vapaa.<\/span><\/span><span data-ccp-props=\"{&quot;134233117&quot;:true,&quot;134233118&quot;:true,&quot;201341983&quot;:0,&quot;335559740&quot;:240}\"><span class=\"eop\"><span style=\"font-family: 'Tahoma',sans-serif\">\u00a0<\/span><\/span><\/span><\/p>\n","protected":false},"excerpt":{"rendered":"<p>Oman pientalon suunnittelu pohjapiirroksista kolmiulotteiseksi kuvaksi (esityskuvaksi) ja pienoismalliksi.\u00a0Modernin arkkitehtuurin teoriaa. Mahdollisuus k\u00e4ytt\u00e4\u00e4 my\u00f6s Sketscup-3d maallinnuohjelmaa ja 3D tulostinta.\u00a0\u00a0Arkkitehtuuritoimistossa vierailu. Numeroarviointi. Suoritusvuosi vapaa.\u00a0<\/p>\n","protected":false},"author":45,"featured_media":0,"parent":16,"menu_order":9,"comment_status":"closed","ping_status":"closed","template":"","meta":{"footnotes":""},"class_list":["post-40","page","type-page","status-publish","hentry"],"_links":{"self":[{"href":"https:\/\/blog.edu.turku.fi\/tsykkuvis\/wp-json\/wp\/v2\/pages\/40","targetHints":{"allow":["GET"]}}],"collection":[{"href":"https:\/\/blog.edu.turku.fi\/tsykkuvis\/wp-json\/wp\/v2\/pages"}],"about":[{"href":"https:\/\/blog.edu.turku.fi\/tsykkuvis\/wp-json\/wp\/v2\/types\/page"}],"author":[{"embeddable":true,"href":"https:\/\/blog.edu.turku.fi\/tsykkuvis\/wp-json\/wp\/v2\/users\/45"}],"replies":[{"embeddable":true,"href":"https:\/\/blog.edu.turku.fi\/tsykkuvis\/wp-json\/wp\/v2\/comments?post=40"}],"version-history":[{"count":6,"href":"https:\/\/blog.edu.turku.fi\/tsykkuvis\/wp-json\/wp\/v2\/pages\/40\/revisions"}],"predecessor-version":[{"id":813,"href":"https:\/\/blog.edu.turku.fi\/tsykkuvis\/wp-json\/wp\/v2\/pages\/40\/revisions\/813"}],"up":[{"embeddable":true,"href":"https:\/\/blog.edu.turku.fi\/tsykkuvis\/wp-json\/wp\/v2\/pages\/16"}],"wp:attachment":[{"href":"https:\/\/blog.edu.turku.fi\/tsykkuvis\/wp-json\/wp\/v2\/media?parent=40"}],"curies":[{"name":"wp","href":"https:\/\/api.w.org\/{rel}","templated":true}]}}