{"id":37,"date":"2013-11-20T11:09:02","date_gmt":"2013-11-20T09:09:02","guid":{"rendered":"https:\/\/blog.edu.turku.fi\/tsykkuvis\/?page_id=37"},"modified":"2019-02-16T14:13:26","modified_gmt":"2019-02-16T12:13:26","slug":"ku8-muotilu-ja-design","status":"publish","type":"page","link":"https:\/\/blog.edu.turku.fi\/tsykkuvis\/kuvataiteen-kurssit\/ku8-muotilu-ja-design\/","title":{"rendered":"KU8 Muotoilu ja kuvanveisto \u00a0"},"content":{"rendered":"<p class=\"paragraph\" style=\"margin: 0cm;margin-bottom: .0001pt;vertical-align: baseline\"><span xml:lang=\"FI-FI\"><span style=\"background-color: inherit\"><span class=\"normaltextrun\"><span style=\"font-family: 'Tahoma',sans-serif\">Muotoilu ja kuvanveisto tutuksi ja oman ilmaisun v\u00e4lineiksi.<\/span><\/span>\u00a0Opitaan muotoilun ja kuvanveiston perusk\u00e4sitteist\u00e4 ja materiaalien (kuten savi ja kipsi) ty\u00f6st\u00e4misest\u00e4. Opiskelija painottaa ty\u00f6skentelyss\u00e4\u00e4n joko muotoilua tai kuvanveistoa. Muotoilussa voi suunnitella esim. huonekaluja, vaatteita, taide-esineit\u00e4. Kuvanveistossa vaihtuvat teemat, esim. ihmisveistos. Numeroarviointi. Suoritusvuosi vapaa.\u00a0<\/span><\/span><span data-ccp-props=\"{&quot;134233117&quot;:true,&quot;134233118&quot;:true,&quot;201341983&quot;:0,&quot;335559740&quot;:240}\"><span class=\"eop\"><span style=\"font-family: 'Tahoma',sans-serif\">\u00a0<\/span><\/span><\/span><\/p>\n","protected":false},"excerpt":{"rendered":"<p>Muotoilu ja kuvanveisto tutuksi ja oman ilmaisun v\u00e4lineiksi.\u00a0Opitaan muotoilun ja kuvanveiston perusk\u00e4sitteist\u00e4 ja materiaalien (kuten savi ja kipsi) ty\u00f6st\u00e4misest\u00e4. Opiskelija painottaa ty\u00f6skentelyss\u00e4\u00e4n joko muotoilua tai kuvanveistoa. Muotoilussa voi suunnitella esim. huonekaluja, vaatteita, taide-esineit\u00e4. Kuvanveistossa vaihtuvat teemat, esim. ihmisveistos. Numeroarviointi. Suoritusvuosi &hellip; <a href=\"https:\/\/blog.edu.turku.fi\/tsykkuvis\/kuvataiteen-kurssit\/ku8-muotilu-ja-design\/\">Lue loppuun <span class=\"meta-nav\">&rarr;<\/span><\/a><\/p>\n","protected":false},"author":45,"featured_media":0,"parent":16,"menu_order":8,"comment_status":"closed","ping_status":"closed","template":"","meta":{"footnotes":""},"class_list":["post-37","page","type-page","status-publish","hentry"],"_links":{"self":[{"href":"https:\/\/blog.edu.turku.fi\/tsykkuvis\/wp-json\/wp\/v2\/pages\/37","targetHints":{"allow":["GET"]}}],"collection":[{"href":"https:\/\/blog.edu.turku.fi\/tsykkuvis\/wp-json\/wp\/v2\/pages"}],"about":[{"href":"https:\/\/blog.edu.turku.fi\/tsykkuvis\/wp-json\/wp\/v2\/types\/page"}],"author":[{"embeddable":true,"href":"https:\/\/blog.edu.turku.fi\/tsykkuvis\/wp-json\/wp\/v2\/users\/45"}],"replies":[{"embeddable":true,"href":"https:\/\/blog.edu.turku.fi\/tsykkuvis\/wp-json\/wp\/v2\/comments?post=37"}],"version-history":[{"count":6,"href":"https:\/\/blog.edu.turku.fi\/tsykkuvis\/wp-json\/wp\/v2\/pages\/37\/revisions"}],"predecessor-version":[{"id":819,"href":"https:\/\/blog.edu.turku.fi\/tsykkuvis\/wp-json\/wp\/v2\/pages\/37\/revisions\/819"}],"up":[{"embeddable":true,"href":"https:\/\/blog.edu.turku.fi\/tsykkuvis\/wp-json\/wp\/v2\/pages\/16"}],"wp:attachment":[{"href":"https:\/\/blog.edu.turku.fi\/tsykkuvis\/wp-json\/wp\/v2\/media?parent=37"}],"curies":[{"name":"wp","href":"https:\/\/api.w.org\/{rel}","templated":true}]}}