{"id":35,"date":"2013-11-20T11:08:15","date_gmt":"2013-11-20T09:08:15","guid":{"rendered":"https:\/\/blog.edu.turku.fi\/tsykkuvis\/?page_id=35"},"modified":"2014-04-09T12:49:43","modified_gmt":"2014-04-09T09:49:43","slug":"ku7-maalaus-ja-varioppi","status":"publish","type":"page","link":"https:\/\/blog.edu.turku.fi\/tsykkuvis\/kuvataiteen-kurssit\/ku7-maalaus-ja-varioppi\/","title":{"rendered":"KU7 Maalaus ja v\u00e4rioppi"},"content":{"rendered":"<div dir=\"ltr\" style=\"text-align: center\"><strong>Maalaamisen<\/strong> kautta <strong>v\u00e4ri-ilmaisuun<\/strong>: muutama pienehk\u00f6 harjoitus ja p\u00e4\u00e4ty\u00f6n\u00e4 <strong>iso maalaus<\/strong>, my\u00f6s joitakin analysointeja. Sis\u00e4ll\u00f6t: v\u00e4rikontrastit ilmaisukeinona,maalaus prosessina, guassi- ja akryylit\u00f6it\u00e4.<\/div>\n<div dir=\"ltr\" style=\"text-align: center\"><em>Numeroarviointi. Suoritusvuosivapaa.<\/em><\/div>\n","protected":false},"excerpt":{"rendered":"<p>Maalaamisen kautta v\u00e4ri-ilmaisuun: muutama pienehk\u00f6 harjoitus ja p\u00e4\u00e4ty\u00f6n\u00e4 iso maalaus, my\u00f6s joitakin analysointeja. Sis\u00e4ll\u00f6t: v\u00e4rikontrastit ilmaisukeinona,maalaus prosessina, guassi- ja akryylit\u00f6it\u00e4. Numeroarviointi. Suoritusvuosivapaa.<\/p>\n","protected":false},"author":45,"featured_media":0,"parent":16,"menu_order":7,"comment_status":"closed","ping_status":"closed","template":"","meta":{"footnotes":""},"class_list":["post-35","page","type-page","status-publish","hentry"],"_links":{"self":[{"href":"https:\/\/blog.edu.turku.fi\/tsykkuvis\/wp-json\/wp\/v2\/pages\/35","targetHints":{"allow":["GET"]}}],"collection":[{"href":"https:\/\/blog.edu.turku.fi\/tsykkuvis\/wp-json\/wp\/v2\/pages"}],"about":[{"href":"https:\/\/blog.edu.turku.fi\/tsykkuvis\/wp-json\/wp\/v2\/types\/page"}],"author":[{"embeddable":true,"href":"https:\/\/blog.edu.turku.fi\/tsykkuvis\/wp-json\/wp\/v2\/users\/45"}],"replies":[{"embeddable":true,"href":"https:\/\/blog.edu.turku.fi\/tsykkuvis\/wp-json\/wp\/v2\/comments?post=35"}],"version-history":[{"count":4,"href":"https:\/\/blog.edu.turku.fi\/tsykkuvis\/wp-json\/wp\/v2\/pages\/35\/revisions"}],"predecessor-version":[{"id":247,"href":"https:\/\/blog.edu.turku.fi\/tsykkuvis\/wp-json\/wp\/v2\/pages\/35\/revisions\/247"}],"up":[{"embeddable":true,"href":"https:\/\/blog.edu.turku.fi\/tsykkuvis\/wp-json\/wp\/v2\/pages\/16"}],"wp:attachment":[{"href":"https:\/\/blog.edu.turku.fi\/tsykkuvis\/wp-json\/wp\/v2\/media?parent=35"}],"curies":[{"name":"wp","href":"https:\/\/api.w.org\/{rel}","templated":true}]}}