{"id":31,"date":"2013-11-20T11:07:33","date_gmt":"2013-11-20T09:07:33","guid":{"rendered":"https:\/\/blog.edu.turku.fi\/tsykkuvis\/?page_id=31"},"modified":"2019-02-16T14:04:43","modified_gmt":"2019-02-16T12:04:43","slug":"ku-4-taiteen-kuvista-omiin-kuviin","status":"publish","type":"page","link":"https:\/\/blog.edu.turku.fi\/tsykkuvis\/kuvataiteen-kurssit\/ku-4-taiteen-kuvista-omiin-kuviin\/","title":{"rendered":"KU4 Taiteen monet maailmat (KU04)\u00a0\u00a0"},"content":{"rendered":"<div dir=\"ltr\" style=\"text-align: center\">\n<p class=\"paragraph\" style=\"margin: 0cm;margin-bottom: .0001pt;vertical-align: baseline\">\n<p class=\"paragraph\" style=\"margin: 0cm;margin-bottom: .0001pt;vertical-align: baseline\"><span xml:lang=\"FI-FI\"><span style=\"background-color: inherit\"><span class=\"normaltextrun\"><span style=\"font-family: 'Tahoma',sans-serif\">K\u00e4yd\u00e4\u00e4n l\u00e4pi Kuvataiteen historiaa ja tarkastellaan kuvataiteen keskeisi\u00e4 tyylisuuntia soveltaen erilaisia materiaaleja, tekniikoita ja ilmaisun keinoja kuvallisessa ty\u00f6skentelyss\u00e4. Kurssilaisilla on mahdollisuus osallistua opintomatkalle Pariisiin\/Firenzeen. Numeroarviointi. Suoritusvuosi vapaa.\u00a0<\/span><\/span><\/span><\/span><span data-ccp-props=\"{&quot;134233117&quot;:true,&quot;134233118&quot;:true,&quot;201341983&quot;:0,&quot;335559740&quot;:240}\"><span class=\"eop\"><span style=\"font-family: 'Tahoma',sans-serif\">\u00a0<\/span><\/span><\/span><\/p>\n<\/div>\n","protected":false},"excerpt":{"rendered":"<p>K\u00e4yd\u00e4\u00e4n l\u00e4pi Kuvataiteen historiaa ja tarkastellaan kuvataiteen keskeisi\u00e4 tyylisuuntia soveltaen erilaisia materiaaleja, tekniikoita ja ilmaisun keinoja kuvallisessa ty\u00f6skentelyss\u00e4. Kurssilaisilla on mahdollisuus osallistua opintomatkalle Pariisiin\/Firenzeen. Numeroarviointi. Suoritusvuosi vapaa.\u00a0\u00a0<\/p>\n","protected":false},"author":45,"featured_media":0,"parent":16,"menu_order":4,"comment_status":"closed","ping_status":"closed","template":"","meta":{"footnotes":""},"class_list":["post-31","page","type-page","status-publish","hentry"],"_links":{"self":[{"href":"https:\/\/blog.edu.turku.fi\/tsykkuvis\/wp-json\/wp\/v2\/pages\/31","targetHints":{"allow":["GET"]}}],"collection":[{"href":"https:\/\/blog.edu.turku.fi\/tsykkuvis\/wp-json\/wp\/v2\/pages"}],"about":[{"href":"https:\/\/blog.edu.turku.fi\/tsykkuvis\/wp-json\/wp\/v2\/types\/page"}],"author":[{"embeddable":true,"href":"https:\/\/blog.edu.turku.fi\/tsykkuvis\/wp-json\/wp\/v2\/users\/45"}],"replies":[{"embeddable":true,"href":"https:\/\/blog.edu.turku.fi\/tsykkuvis\/wp-json\/wp\/v2\/comments?post=31"}],"version-history":[{"count":4,"href":"https:\/\/blog.edu.turku.fi\/tsykkuvis\/wp-json\/wp\/v2\/pages\/31\/revisions"}],"predecessor-version":[{"id":810,"href":"https:\/\/blog.edu.turku.fi\/tsykkuvis\/wp-json\/wp\/v2\/pages\/31\/revisions\/810"}],"up":[{"embeddable":true,"href":"https:\/\/blog.edu.turku.fi\/tsykkuvis\/wp-json\/wp\/v2\/pages\/16"}],"wp:attachment":[{"href":"https:\/\/blog.edu.turku.fi\/tsykkuvis\/wp-json\/wp\/v2\/media?parent=31"}],"curies":[{"name":"wp","href":"https:\/\/api.w.org\/{rel}","templated":true}]}}