{"id":29,"date":"2013-11-20T11:07:03","date_gmt":"2013-11-20T09:07:03","guid":{"rendered":"https:\/\/blog.edu.turku.fi\/tsykkuvis\/?page_id=29"},"modified":"2019-02-16T14:03:26","modified_gmt":"2019-02-16T12:03:26","slug":"ku3-media-ja-kuvien-viestit","status":"publish","type":"page","link":"https:\/\/blog.edu.turku.fi\/tsykkuvis\/kuvataiteen-kurssit\/ku3-media-ja-kuvien-viestit\/","title":{"rendered":"KU3 Osallisena mediassa (KU03)\u00a0\u00a0"},"content":{"rendered":"<div dir=\"ltr\" style=\"text-align: center\">\n<p class=\"paragraph\" style=\"margin: 0cm;margin-bottom: .0001pt;vertical-align: baseline\"><span xml:lang=\"FI-FI\"><span style=\"background-color: inherit\"><span class=\"normaltextrun\"><span style=\"font-family: 'Tahoma',sans-serif\">Harjoitellaan kuvakerronnan keinoja sek\u00e4 median tuottamisen v\u00e4lineit\u00e4 kuten digitaalista kuvank\u00e4sittely\u00e4, videokuvausta &#8211; ja muokkausta omassa ilmaisussa.\u00a0<\/span><\/span>Median visuaalisen sis\u00e4ll\u00f6n ja keinojen analysointia. Sis\u00e4lt\u00f6in\u00e4 mm sarjakuva ja animaatio, joiden tekemiseen k\u00e4ytet\u00e4\u00e4n apuna digitaalista piirtop\u00f6yt\u00e4\u00e4 (koululla omia Wacom-piirtop\u00f6yti\u00e4). Numeroarviointi. Suoritusvuosi vapaa.\u00a0<\/span><\/span><span data-ccp-props=\"{&quot;134233117&quot;:true,&quot;134233118&quot;:true,&quot;201341983&quot;:0,&quot;335559740&quot;:240}\"><span class=\"eop\"><span style=\"font-family: 'Tahoma',sans-serif\">\u00a0<\/span><\/span><\/span><\/p>\n<p>&nbsp;<\/p>\n<\/div>\n","protected":false},"excerpt":{"rendered":"<p>Harjoitellaan kuvakerronnan keinoja sek\u00e4 median tuottamisen v\u00e4lineit\u00e4 kuten digitaalista kuvank\u00e4sittely\u00e4, videokuvausta &#8211; ja muokkausta omassa ilmaisussa.\u00a0Median visuaalisen sis\u00e4ll\u00f6n ja keinojen analysointia. Sis\u00e4lt\u00f6in\u00e4 mm sarjakuva ja animaatio, joiden tekemiseen k\u00e4ytet\u00e4\u00e4n apuna digitaalista piirtop\u00f6yt\u00e4\u00e4 (koululla omia Wacom-piirtop\u00f6yti\u00e4). Numeroarviointi. Suoritusvuosi vapaa.\u00a0\u00a0 &nbsp;<\/p>\n","protected":false},"author":45,"featured_media":0,"parent":16,"menu_order":3,"comment_status":"closed","ping_status":"closed","template":"","meta":{"footnotes":""},"class_list":["post-29","page","type-page","status-publish","hentry"],"_links":{"self":[{"href":"https:\/\/blog.edu.turku.fi\/tsykkuvis\/wp-json\/wp\/v2\/pages\/29","targetHints":{"allow":["GET"]}}],"collection":[{"href":"https:\/\/blog.edu.turku.fi\/tsykkuvis\/wp-json\/wp\/v2\/pages"}],"about":[{"href":"https:\/\/blog.edu.turku.fi\/tsykkuvis\/wp-json\/wp\/v2\/types\/page"}],"author":[{"embeddable":true,"href":"https:\/\/blog.edu.turku.fi\/tsykkuvis\/wp-json\/wp\/v2\/users\/45"}],"replies":[{"embeddable":true,"href":"https:\/\/blog.edu.turku.fi\/tsykkuvis\/wp-json\/wp\/v2\/comments?post=29"}],"version-history":[{"count":7,"href":"https:\/\/blog.edu.turku.fi\/tsykkuvis\/wp-json\/wp\/v2\/pages\/29\/revisions"}],"predecessor-version":[{"id":809,"href":"https:\/\/blog.edu.turku.fi\/tsykkuvis\/wp-json\/wp\/v2\/pages\/29\/revisions\/809"}],"up":[{"embeddable":true,"href":"https:\/\/blog.edu.turku.fi\/tsykkuvis\/wp-json\/wp\/v2\/pages\/16"}],"wp:attachment":[{"href":"https:\/\/blog.edu.turku.fi\/tsykkuvis\/wp-json\/wp\/v2\/media?parent=29"}],"curies":[{"name":"wp","href":"https:\/\/api.w.org\/{rel}","templated":true}]}}