{"id":27,"date":"2013-11-20T11:06:09","date_gmt":"2013-11-20T09:06:09","guid":{"rendered":"https:\/\/blog.edu.turku.fi\/tsykkuvis\/?page_id=27"},"modified":"2014-04-09T12:50:16","modified_gmt":"2014-04-09T09:50:16","slug":"ku5-nykytaiteen-tyopaja","status":"publish","type":"page","link":"https:\/\/blog.edu.turku.fi\/tsykkuvis\/kuvataiteen-kurssit\/ku5-nykytaiteen-tyopaja\/","title":{"rendered":"Ku5 Nykytaiteen ty\u00f6paja"},"content":{"rendered":"<div dir=\"ltr\" style=\"text-align: center\">Tarkastellaan <strong>nykytaiteen<\/strong> ilmi\u00f6it\u00e4, jotka ymm\u00e4rret\u00e4\u00e4n laajasti tapana kokea ymp\u00e4r\u00f6iv\u00e4 maailma. Kurssi ei painotu tiukkaan tyylien opetteluun vaan <strong>oman luovuuden ja taiteellisen ilmaisun<\/strong> harjoitteluun. Oma kuvailmaisu: kollaaseja, kokeellisia materiaaleja, valokuvaa yms.( = ei varsinaisesti piirt\u00e4mist\u00e4\/maalaamista).<\/div>\n<div dir=\"ltr\" style=\"text-align: center\"><em>Numeroarviointi. Suoritusvuosi vapaa<\/em><\/div>\n","protected":false},"excerpt":{"rendered":"<p>Tarkastellaan nykytaiteen ilmi\u00f6it\u00e4, jotka ymm\u00e4rret\u00e4\u00e4n laajasti tapana kokea ymp\u00e4r\u00f6iv\u00e4 maailma. Kurssi ei painotu tiukkaan tyylien opetteluun vaan oman luovuuden ja taiteellisen ilmaisun harjoitteluun. Oma kuvailmaisu: kollaaseja, kokeellisia materiaaleja, valokuvaa yms.( = ei varsinaisesti piirt\u00e4mist\u00e4\/maalaamista). Numeroarviointi. Suoritusvuosi vapaa<\/p>\n","protected":false},"author":45,"featured_media":0,"parent":16,"menu_order":5,"comment_status":"closed","ping_status":"closed","template":"","meta":{"footnotes":""},"class_list":["post-27","page","type-page","status-publish","hentry"],"_links":{"self":[{"href":"https:\/\/blog.edu.turku.fi\/tsykkuvis\/wp-json\/wp\/v2\/pages\/27","targetHints":{"allow":["GET"]}}],"collection":[{"href":"https:\/\/blog.edu.turku.fi\/tsykkuvis\/wp-json\/wp\/v2\/pages"}],"about":[{"href":"https:\/\/blog.edu.turku.fi\/tsykkuvis\/wp-json\/wp\/v2\/types\/page"}],"author":[{"embeddable":true,"href":"https:\/\/blog.edu.turku.fi\/tsykkuvis\/wp-json\/wp\/v2\/users\/45"}],"replies":[{"embeddable":true,"href":"https:\/\/blog.edu.turku.fi\/tsykkuvis\/wp-json\/wp\/v2\/comments?post=27"}],"version-history":[{"count":4,"href":"https:\/\/blog.edu.turku.fi\/tsykkuvis\/wp-json\/wp\/v2\/pages\/27\/revisions"}],"predecessor-version":[{"id":249,"href":"https:\/\/blog.edu.turku.fi\/tsykkuvis\/wp-json\/wp\/v2\/pages\/27\/revisions\/249"}],"up":[{"embeddable":true,"href":"https:\/\/blog.edu.turku.fi\/tsykkuvis\/wp-json\/wp\/v2\/pages\/16"}],"wp:attachment":[{"href":"https:\/\/blog.edu.turku.fi\/tsykkuvis\/wp-json\/wp\/v2\/media?parent=27"}],"curies":[{"name":"wp","href":"https:\/\/api.w.org\/{rel}","templated":true}]}}