{"id":21,"date":"2013-11-20T11:05:16","date_gmt":"2013-11-20T09:05:16","guid":{"rendered":"https:\/\/blog.edu.turku.fi\/tsykkuvis\/?page_id=21"},"modified":"2019-02-16T14:15:56","modified_gmt":"2019-02-16T12:15:56","slug":"ku2-ymparisto-paikka-ja-tila","status":"publish","type":"page","link":"https:\/\/blog.edu.turku.fi\/tsykkuvis\/kuvataiteen-kurssit\/ku2-ymparisto-paikka-ja-tila\/","title":{"rendered":"KU2 Muotoillut ja rakennetut ymp\u00e4rist\u00f6t"},"content":{"rendered":"<div dir=\"ltr\" style=\"text-align: center\"><strong>Arkkitehtuuria ja muotoilua<\/strong> ja nykyaikaista visuaalista ymp\u00e4rist\u00f6\u00e4 ja sen suhdetta modernistiseen ajatteluun. <strong>Tilan ja muodon<\/strong> eli arkkitehtuurin ja muotoilun perusk\u00e4sitteiden harjoittelua. <strong>Oma kuvailmaisu<\/strong>: rakennetun ymp\u00e4rist\u00f6n ja esineymp\u00e4rist\u00f6n kuvallista tulkintaa ja <strong>muotoilu<\/strong>teht\u00e4vi\u00e4. Lopussa koe.<\/div>\n<p style=\"text-align: center\"><em>Numeroarviointi. Suoritusvuosi 2. vuosi<\/em><\/p>\n","protected":false},"excerpt":{"rendered":"<p>Arkkitehtuuria ja muotoilua ja nykyaikaista visuaalista ymp\u00e4rist\u00f6\u00e4 ja sen suhdetta modernistiseen ajatteluun. Tilan ja muodon eli arkkitehtuurin ja muotoilun perusk\u00e4sitteiden harjoittelua. Oma kuvailmaisu: rakennetun ymp\u00e4rist\u00f6n ja esineymp\u00e4rist\u00f6n kuvallista tulkintaa ja muotoiluteht\u00e4vi\u00e4. Lopussa koe. Numeroarviointi. Suoritusvuosi 2. vuosi<\/p>\n","protected":false},"author":45,"featured_media":0,"parent":16,"menu_order":2,"comment_status":"closed","ping_status":"closed","template":"","meta":{"footnotes":""},"class_list":["post-21","page","type-page","status-publish","hentry"],"_links":{"self":[{"href":"https:\/\/blog.edu.turku.fi\/tsykkuvis\/wp-json\/wp\/v2\/pages\/21","targetHints":{"allow":["GET"]}}],"collection":[{"href":"https:\/\/blog.edu.turku.fi\/tsykkuvis\/wp-json\/wp\/v2\/pages"}],"about":[{"href":"https:\/\/blog.edu.turku.fi\/tsykkuvis\/wp-json\/wp\/v2\/types\/page"}],"author":[{"embeddable":true,"href":"https:\/\/blog.edu.turku.fi\/tsykkuvis\/wp-json\/wp\/v2\/users\/45"}],"replies":[{"embeddable":true,"href":"https:\/\/blog.edu.turku.fi\/tsykkuvis\/wp-json\/wp\/v2\/comments?post=21"}],"version-history":[{"count":6,"href":"https:\/\/blog.edu.turku.fi\/tsykkuvis\/wp-json\/wp\/v2\/pages\/21\/revisions"}],"predecessor-version":[{"id":822,"href":"https:\/\/blog.edu.turku.fi\/tsykkuvis\/wp-json\/wp\/v2\/pages\/21\/revisions\/822"}],"up":[{"embeddable":true,"href":"https:\/\/blog.edu.turku.fi\/tsykkuvis\/wp-json\/wp\/v2\/pages\/16"}],"wp:attachment":[{"href":"https:\/\/blog.edu.turku.fi\/tsykkuvis\/wp-json\/wp\/v2\/media?parent=21"}],"curies":[{"name":"wp","href":"https:\/\/api.w.org\/{rel}","templated":true}]}}