{"id":163,"date":"2014-03-22T18:26:36","date_gmt":"2014-03-22T16:26:36","guid":{"rendered":"https:\/\/blog.edu.turku.fi\/tsykkuvis\/?page_id=163"},"modified":"2015-05-13T16:23:25","modified_gmt":"2015-05-13T13:23:25","slug":"saamelaiskulttuuriin-tutustuminen","status":"publish","type":"page","link":"https:\/\/blog.edu.turku.fi\/tsykkuvis\/kuviksen-projektit\/saamelaiskulttuuriin-tutustuminen\/","title":{"rendered":"Aluper\u00e4iskulttuuri projekti (FINAL)"},"content":{"rendered":"<p style=\"text-align: center\">Maaliskuun lopulla 2014 TSYKin lukion kuvataideopiskelijat: Iida Saarivuori, Jaakko Lahdenkauppi ja Ella T\u00f6yryl\u00e4 matkasivat Lappiin yhdess\u00e4 kuvataideopettajan ja kuvisassistentin kanssa tutustumaan saamelaiseen kulttuuriin ja taiteeseen. Projekti oli osa FINAL Kanada-Suomi yhteisty\u00f6hanketta ja taideprojektia alkuper\u00e4iskulttuureihin liittyen.<\/p>\n<p style=\"text-align: center\">Tiet\u00e4myksen oman maan alkuper\u00e4iskulttuurista voisi ajatella kuuluvan yleissivistykseen, mit\u00e4 ei kuitenkaan koulun oppiaineissa paljoa k\u00e4sitell\u00e4. Projektin tarkoituksena on lis\u00e4t\u00e4 nuorten tiet\u00e4myst\u00e4 ja mielenkiintoa n\u00e4it\u00e4 kulttuureita kohtaan. Kanadan Edmontonin kouluissa on First Nation opiskelijoita, joiden kulttuuriin tutustuimme Kanadan matkan aikana Lapin matkan j\u00e4lkeen. Pidimme taiden\u00e4yttelyn Mac Nallyn koululla Saaamelaisen kulttuurin inspiroimana ja my\u00f6hemmin TSYK lukiolla sek\u00e4 suomen ett\u00e4 Kanadan alkuper\u00e4iskulttuurin inspiroimana. Kuvataideopettajan mukaan t\u00e4lle matkalle l\u00e4hti yksi Lapin matkalaisista, Ella T\u00f6yryl\u00e4<\/p>\n<p style=\"text-align: center\">Blogissa on monta artikkelia ja paljon kuvia aiheesta, l\u00f6ytyv\u00e4t linkeist\u00e4.<\/p>\n<p style=\"text-align: center\">.<a href=\"https:\/\/blog.edu.turku.fi\/tsykkuvis\/files\/2014\/03\/1899674_458002567663959_3317263804153807563_o.jpg\"><img loading=\"lazy\" decoding=\"async\" class=\"alignnone size-medium wp-image-462\" src=\"https:\/\/blog.edu.turku.fi\/tsykkuvis\/files\/2014\/03\/1899674_458002567663959_3317263804153807563_o-300x200.jpg\" alt=\"1899674_458002567663959_3317263804153807563_o\" width=\"300\" height=\"200\" srcset=\"https:\/\/blog.edu.turku.fi\/tsykkuvis\/files\/2014\/03\/1899674_458002567663959_3317263804153807563_o-300x200.jpg 300w, https:\/\/blog.edu.turku.fi\/tsykkuvis\/files\/2014\/03\/1899674_458002567663959_3317263804153807563_o-150x100.jpg 150w, https:\/\/blog.edu.turku.fi\/tsykkuvis\/files\/2014\/03\/1899674_458002567663959_3317263804153807563_o-1024x683.jpg 1024w, https:\/\/blog.edu.turku.fi\/tsykkuvis\/files\/2014\/03\/1899674_458002567663959_3317263804153807563_o-450x300.jpg 450w, https:\/\/blog.edu.turku.fi\/tsykkuvis\/files\/2014\/03\/1899674_458002567663959_3317263804153807563_o.jpg 2048w\" sizes=\"auto, (max-width: 300px) 100vw, 300px\" \/><\/a> <a href=\"https:\/\/blog.edu.turku.fi\/tsykkuvis\/files\/2014\/03\/1980450_458002530997296_7655874512356526373_o.jpg\"><img loading=\"lazy\" decoding=\"async\" class=\"alignnone size-medium wp-image-463\" src=\"https:\/\/blog.edu.turku.fi\/tsykkuvis\/files\/2014\/03\/1980450_458002530997296_7655874512356526373_o-300x137.jpg\" alt=\"1980450_458002530997296_7655874512356526373_o\" width=\"300\" height=\"137\" srcset=\"https:\/\/blog.edu.turku.fi\/tsykkuvis\/files\/2014\/03\/1980450_458002530997296_7655874512356526373_o-300x137.jpg 300w, https:\/\/blog.edu.turku.fi\/tsykkuvis\/files\/2014\/03\/1980450_458002530997296_7655874512356526373_o-150x69.jpg 150w, https:\/\/blog.edu.turku.fi\/tsykkuvis\/files\/2014\/03\/1980450_458002530997296_7655874512356526373_o-1024x469.jpg 1024w, https:\/\/blog.edu.turku.fi\/tsykkuvis\/files\/2014\/03\/1980450_458002530997296_7655874512356526373_o-500x229.jpg 500w, https:\/\/blog.edu.turku.fi\/tsykkuvis\/files\/2014\/03\/1980450_458002530997296_7655874512356526373_o.jpg 2048w\" sizes=\"auto, (max-width: 300px) 100vw, 300px\" \/><\/a> <a href=\"https:\/\/blog.edu.turku.fi\/tsykkuvis\/files\/2014\/03\/10258835_458002587663957_84717784988225432_o.jpg\"><img loading=\"lazy\" decoding=\"async\" class=\"alignnone size-medium wp-image-464\" src=\"https:\/\/blog.edu.turku.fi\/tsykkuvis\/files\/2014\/03\/10258835_458002587663957_84717784988225432_o-300x211.jpg\" alt=\"10258835_458002587663957_84717784988225432_o\" width=\"300\" height=\"211\" srcset=\"https:\/\/blog.edu.turku.fi\/tsykkuvis\/files\/2014\/03\/10258835_458002587663957_84717784988225432_o-300x211.jpg 300w, https:\/\/blog.edu.turku.fi\/tsykkuvis\/files\/2014\/03\/10258835_458002587663957_84717784988225432_o-150x105.jpg 150w, https:\/\/blog.edu.turku.fi\/tsykkuvis\/files\/2014\/03\/10258835_458002587663957_84717784988225432_o-1024x720.jpg 1024w, https:\/\/blog.edu.turku.fi\/tsykkuvis\/files\/2014\/03\/10258835_458002587663957_84717784988225432_o-427x300.jpg 427w, https:\/\/blog.edu.turku.fi\/tsykkuvis\/files\/2014\/03\/10258835_458002587663957_84717784988225432_o.jpg 2048w\" sizes=\"auto, (max-width: 300px) 100vw, 300px\" \/><\/a><\/p>\n<p style=\"text-align: center\">\n","protected":false},"excerpt":{"rendered":"<p>Maaliskuun lopulla 2014 TSYKin lukion kuvataideopiskelijat: Iida Saarivuori, Jaakko Lahdenkauppi ja Ella T\u00f6yryl\u00e4 matkasivat Lappiin yhdess\u00e4 kuvataideopettajan ja kuvisassistentin kanssa tutustumaan saamelaiseen kulttuuriin ja taiteeseen. Projekti oli osa FINAL Kanada-Suomi yhteisty\u00f6hanketta ja taideprojektia alkuper\u00e4iskulttuureihin liittyen. Tiet\u00e4myksen oman maan alkuper\u00e4iskulttuurista voisi &hellip; <a href=\"https:\/\/blog.edu.turku.fi\/tsykkuvis\/kuviksen-projektit\/saamelaiskulttuuriin-tutustuminen\/\">Lue loppuun <span class=\"meta-nav\">&rarr;<\/span><\/a><\/p>\n","protected":false},"author":834,"featured_media":0,"parent":160,"menu_order":0,"comment_status":"open","ping_status":"closed","template":"","meta":{"footnotes":""},"class_list":["post-163","page","type-page","status-publish","hentry"],"_links":{"self":[{"href":"https:\/\/blog.edu.turku.fi\/tsykkuvis\/wp-json\/wp\/v2\/pages\/163","targetHints":{"allow":["GET"]}}],"collection":[{"href":"https:\/\/blog.edu.turku.fi\/tsykkuvis\/wp-json\/wp\/v2\/pages"}],"about":[{"href":"https:\/\/blog.edu.turku.fi\/tsykkuvis\/wp-json\/wp\/v2\/types\/page"}],"author":[{"embeddable":true,"href":"https:\/\/blog.edu.turku.fi\/tsykkuvis\/wp-json\/wp\/v2\/users\/834"}],"replies":[{"embeddable":true,"href":"https:\/\/blog.edu.turku.fi\/tsykkuvis\/wp-json\/wp\/v2\/comments?post=163"}],"version-history":[{"count":4,"href":"https:\/\/blog.edu.turku.fi\/tsykkuvis\/wp-json\/wp\/v2\/pages\/163\/revisions"}],"predecessor-version":[{"id":465,"href":"https:\/\/blog.edu.turku.fi\/tsykkuvis\/wp-json\/wp\/v2\/pages\/163\/revisions\/465"}],"up":[{"embeddable":true,"href":"https:\/\/blog.edu.turku.fi\/tsykkuvis\/wp-json\/wp\/v2\/pages\/160"}],"wp:attachment":[{"href":"https:\/\/blog.edu.turku.fi\/tsykkuvis\/wp-json\/wp\/v2\/media?parent=163"}],"curies":[{"name":"wp","href":"https:\/\/api.w.org\/{rel}","templated":true}]}}