{"id":95,"date":"2018-10-15T10:18:10","date_gmt":"2018-10-15T07:18:10","guid":{"rendered":"https:\/\/blog.edu.turku.fi\/tsyk\/?page_id=95"},"modified":"2025-09-24T11:10:44","modified_gmt":"2025-09-24T08:10:44","slug":"opinto-ohjaus","status":"publish","type":"page","link":"https:\/\/blog.edu.turku.fi\/tsyk\/opinto-ohjaus\/","title":{"rendered":"Opinto-ohjaus"},"content":{"rendered":"<p>Opinto-ohjaajat vastaavat lukion ohjauksen kokonaissuunnittelusta ja toteutuksesta.<\/p>\n<p>Opiskelijat saavat opinto-ohjausta kaikkina lukiovuosina luokkamuotoisena, yksil\u00f6- ja pienryhm\u00e4ohjauksena sek\u00e4 vertaisohjauksena. Opinto-ohjauksen pakolliset opintojaksot on jaettu kolmelle vuodelle siten, ett\u00e4 OP01 on ensimm\u00e4isen\u00e4 vuonna ja OP02 jakautuu toiselle ja kolmannelle lukuvuodelle.<\/p>\n<p>Lukion opinto-ohjauksessa keskeisi\u00e4 aiheita ovat lukio-opiskelun k\u00e4yt\u00e4nteet, jatko-opintovaihtoehdot sek\u00e4 ty\u00f6el\u00e4m\u00e4tietous. Jatko-opintovaihtoehtoihin tutustutaan monipuolisesti tehden yhteisty\u00f6t\u00e4 korkeakoulujen ja muiden oppilaitosten sek\u00e4 ty\u00f6el\u00e4m\u00e4n kanssa.<\/p>\n<p>Opiskelijat laativat lukioaikanaan henkil\u00f6kohtaisen opiskelusuunnitelman, ylioppilastutkintosuunnitelman ja jatko-opintosuunnitelman yhdess\u00e4 opinto-ohjaajan kanssa. Suunnitelmia p\u00e4ivitet\u00e4\u00e4n lukiovuosien aikana.<\/p>\n<p>Opinto-ohjaajat<\/p>\n<p>Marja Kouhi<\/p>\n<p>Marianne Laulumaa<\/p>\n<p>Seija Simola<\/p>\n<p>Tiina Vapamaa<\/p>\n<p>&nbsp;<\/p>\n<p>&nbsp;<\/p>\n","protected":false},"excerpt":{"rendered":"<p>Opinto-ohjaajat vastaavat lukion ohjauksen kokonaissuunnittelusta ja toteutuksesta. Opiskelijat saavat opinto-ohjausta kaikkina lukiovuosina luokkamuotoisena, yksil\u00f6- ja pienryhm\u00e4ohjauksena sek\u00e4 vertaisohjauksena. Opinto-ohjauksen pakolliset opintojaksot on jaettu kolmelle vuodelle siten, ett\u00e4 OP01 on ensimm\u00e4isen\u00e4 vuonna ja OP02 jakautuu toiselle ja kolmannelle lukuvuodelle. Lukion opinto-ohjauksessa keskeisi\u00e4 aiheita ovat lukio-opiskelun k\u00e4yt\u00e4nteet, jatko-opintovaihtoehdot sek\u00e4 ty\u00f6el\u00e4m\u00e4tietous. Jatko-opintovaihtoehtoihin tutustutaan monipuolisesti tehden yhteisty\u00f6t\u00e4 korkeakoulujen ja &hellip; <a href=\"https:\/\/blog.edu.turku.fi\/tsyk\/opinto-ohjaus\/\" class=\"more-link\">Jatka artikkeliin <span class=\"screen-reader-text\">Opinto-ohjaus<\/span><\/a><\/p>\n","protected":false},"author":2565,"featured_media":0,"parent":0,"menu_order":0,"comment_status":"closed","ping_status":"closed","template":"","meta":{"footnotes":""},"class_list":["post-95","page","type-page","status-publish","hentry"],"_links":{"self":[{"href":"https:\/\/blog.edu.turku.fi\/tsyk\/wp-json\/wp\/v2\/pages\/95","targetHints":{"allow":["GET"]}}],"collection":[{"href":"https:\/\/blog.edu.turku.fi\/tsyk\/wp-json\/wp\/v2\/pages"}],"about":[{"href":"https:\/\/blog.edu.turku.fi\/tsyk\/wp-json\/wp\/v2\/types\/page"}],"author":[{"embeddable":true,"href":"https:\/\/blog.edu.turku.fi\/tsyk\/wp-json\/wp\/v2\/users\/2565"}],"replies":[{"embeddable":true,"href":"https:\/\/blog.edu.turku.fi\/tsyk\/wp-json\/wp\/v2\/comments?post=95"}],"version-history":[{"count":14,"href":"https:\/\/blog.edu.turku.fi\/tsyk\/wp-json\/wp\/v2\/pages\/95\/revisions"}],"predecessor-version":[{"id":3681,"href":"https:\/\/blog.edu.turku.fi\/tsyk\/wp-json\/wp\/v2\/pages\/95\/revisions\/3681"}],"wp:attachment":[{"href":"https:\/\/blog.edu.turku.fi\/tsyk\/wp-json\/wp\/v2\/media?parent=95"}],"curies":[{"name":"wp","href":"https:\/\/api.w.org\/{rel}","templated":true}]}}