{"id":7,"date":"2018-10-15T08:54:39","date_gmt":"2018-10-15T05:54:39","guid":{"rendered":"https:\/\/blog.edu.turku.fi\/tsyk\/?page_id=7"},"modified":"2026-01-28T12:29:58","modified_gmt":"2026-01-28T10:29:58","slug":"yhteystiedot","status":"publish","type":"page","link":"https:\/\/blog.edu.turku.fi\/tsyk\/yhteystiedot\/","title":{"rendered":"Henkil\u00f6kunta"},"content":{"rendered":"<p><strong>Rehtori Juha-Markus Koistinen\u00a0<\/strong>044 907 5136<br \/>\n<strong>apulaisrehtori Virpi Lieri\u00a0\u00a0 <\/strong>044 907 4402<br \/>\n<strong>koulusihteeri Maisa Lehv\u00e4nen\u00a0\u00a0 <\/strong>040 687 1385<br \/>\nkanslian palveluajat:<br \/>\nma &#8211; to klo 7.30 &#8211; 14.50<br \/>\npe \u00a0 \u00a0 \u00a0\u00a0\u00a0 klo 7.30 &#8211; 13.00<\/p>\n<p><strong>Henkil\u00f6kunnan s\u00e4hk\u00f6postit ovat muotoa: <\/strong>etunimi.sukunimi@edu.turku.fi<strong> opettajahuone 040 907 4354<\/strong><\/p>\n<p><strong>Erityisopettajat<br \/>\n<\/strong> Juha Hiltunen 044 907 4906<br \/>\nMaria Carlsson 044 907 4048<br \/>\n<a href=\"https:\/\/sites.google.com\/view\/maria-carlsson\/etusivu\/opiskelijalle?authuser=0\">Maria Carlsson Opiskelijalle<\/a><\/p>\n<p><strong>Opinto-ohjaajat:<br \/>\nEssi Elomaa\u00a0<\/strong> 044 907 3086<br \/>\n<strong>Marianne Laulumaa<\/strong> 044 \u00a0907 \u00a02345<strong><br \/>\n<\/strong><strong>Seija Simola\u00a0 <\/strong>044 907 4403<br \/>\n<strong>Tiina Vapamaa\u00a0 <\/strong>040 482 9173<br \/>\n<strong><br \/>\n<\/strong><strong>s\u00e4hk\u00f6postit ovat muotoa: etunimi.sukunimi@edu.turku.fi<\/strong><\/p>\n<p><strong>terveydenhoitaja Julia Eskelinen<br \/>\n<\/strong>julia.eskelinen@varha.fi\u00a0 \u00a0 \u00a0 \u00a0 \u00a0 \u00a0 \u00a0 p: 050 593 7963<br \/>\n<strong>koulukuraattori Piia Uronen<\/strong><br \/>\npiia.uronen@varha.fi\u00a0 \u00a0 \u00a0 \u00a0 \u00a0 \u00a0 \u00a0 \u00a0 \u00a0 \u00a0p: 044 907 4869<br \/>\n<strong>opintopsykologi Niklas Nokelainen<\/strong><br \/>\nniklas.nokelainen@varha.fi\u00a0 \u00a0 \u00a0 \u00a0 p: 040 614 9817<br \/>\n<strong>yhteis\u00f6pedagogi Annika Ollila<br \/>\n<\/strong>annika.ollila@edu.turku.fi\u00a0 \u00a0 \u00a0 \u00a0 \u00a0 p: 044 9074313<strong><br \/>\n<\/strong><\/p>\n<p><strong>keitti\u00f6<\/strong> \u00a0 040 185 8477<\/p>\n","protected":false},"excerpt":{"rendered":"<p>Rehtori Juha-Markus Koistinen\u00a0044 907 5136 apulaisrehtori Virpi Lieri\u00a0\u00a0 044 907 4402 koulusihteeri Maisa Lehv\u00e4nen\u00a0\u00a0 040 687 1385 kanslian palveluajat: ma &#8211; to klo 7.30 &#8211; 14.50 pe \u00a0 \u00a0 \u00a0\u00a0\u00a0 klo 7.30 &#8211; 13.00 Henkil\u00f6kunnan s\u00e4hk\u00f6postit ovat muotoa: etunimi.sukunimi@edu.turku.fi opettajahuone 040 907 4354 Erityisopettajat Juha Hiltunen 044 907 4906 Maria Carlsson 044 907 4048 Maria &hellip; <a href=\"https:\/\/blog.edu.turku.fi\/tsyk\/yhteystiedot\/\" class=\"more-link\">Jatka artikkeliin <span class=\"screen-reader-text\">Henkil\u00f6kunta<\/span><\/a><\/p>\n","protected":false},"author":182,"featured_media":0,"parent":0,"menu_order":0,"comment_status":"closed","ping_status":"closed","template":"","meta":{"footnotes":""},"class_list":["post-7","page","type-page","status-publish","hentry"],"_links":{"self":[{"href":"https:\/\/blog.edu.turku.fi\/tsyk\/wp-json\/wp\/v2\/pages\/7","targetHints":{"allow":["GET"]}}],"collection":[{"href":"https:\/\/blog.edu.turku.fi\/tsyk\/wp-json\/wp\/v2\/pages"}],"about":[{"href":"https:\/\/blog.edu.turku.fi\/tsyk\/wp-json\/wp\/v2\/types\/page"}],"author":[{"embeddable":true,"href":"https:\/\/blog.edu.turku.fi\/tsyk\/wp-json\/wp\/v2\/users\/182"}],"replies":[{"embeddable":true,"href":"https:\/\/blog.edu.turku.fi\/tsyk\/wp-json\/wp\/v2\/comments?post=7"}],"version-history":[{"count":50,"href":"https:\/\/blog.edu.turku.fi\/tsyk\/wp-json\/wp\/v2\/pages\/7\/revisions"}],"predecessor-version":[{"id":3761,"href":"https:\/\/blog.edu.turku.fi\/tsyk\/wp-json\/wp\/v2\/pages\/7\/revisions\/3761"}],"wp:attachment":[{"href":"https:\/\/blog.edu.turku.fi\/tsyk\/wp-json\/wp\/v2\/media?parent=7"}],"curies":[{"name":"wp","href":"https:\/\/api.w.org\/{rel}","templated":true}]}}