{"id":62,"date":"2018-10-15T09:27:28","date_gmt":"2018-10-15T06:27:28","guid":{"rendered":"https:\/\/blog.edu.turku.fi\/tsyk\/?page_id=62"},"modified":"2025-12-10T12:29:45","modified_gmt":"2025-12-10T10:29:45","slug":"kuvataidepainotus","status":"publish","type":"page","link":"https:\/\/blog.edu.turku.fi\/tsyk\/kuvataidepainotus\/","title":{"rendered":"Kuvataidepainotus"},"content":{"rendered":"<div class=\"post-content\">\n<p><b>Turun Suomalaisen Yhteiskoulun lukion kuvataidepainotus<\/b><\/p>\n<p><a href=\"https:\/\/drive.google.com\/drive\/folders\/1oFnunShByiafR9uvkJlM4ufMFoMQvKDS\">Esittelyvideo: kuvataidepainotus<\/a><\/p>\n<p>TSYKin lukion kuvataidepainotus kattaa yhteens\u00e4 15 kurssia. Kurssit tuovat vaihtelua niin merilinjan, luonnontieteen kuin yleislukio-opiskelijoiden lukuj\u00e4rjestykseen\u00a0 ja valmentavat erityisesti visuaalisesta alasta kiinnostuneita.\u00a0\u00a0 Monilla kursseilla ja kurssien ulkopuolella j\u00e4rjestet\u00e4\u00e4n vierailuja ja retki\u00e4 esimerkiksi Helsinkiin ja Tukholmaan vuosittain.<\/p>\n<p>Kuvataiteen kursseista KU1-kurssi on suoritettava ensin. Kurssin suositeltava suoritusvuosi on mainittu kurssin esittelyn lopussa. Diplomikurssia varten on oltava 4 kurssia suoritettuna. Ku1 ja Ku2 kurssilla on koe, ellei toisin sovita. Koeviikolla useilla kursseilla tehd\u00e4\u00e4n ekskursio (esim. mainostoimistoon, arkkitehtuuritoimistoon, Turun arkkitehtuurikierrokset tms.), joillain kursseilla koep\u00e4iv\u00e4n tunnit k\u00e4ytet\u00e4\u00e4n t\u00f6iden viimeistelyyn ja arviointiin. Kaikki kurssit arvioidaan numeroin. Kaikissa kursseissa on kurssimaksu 3-12\u20ac, paitsi diplomikurssissa on omat v\u00e4lineet.<\/p>\n<p>KU1 on pakollinen kurssi kaikille. KU2 on pakollinen valinnainen kurssi. Opiskelijan on suoritettava v\u00e4hint\u00e4\u00e4n toinen taideaineiden (kuvataide, musiikki) pakollisista kursseista KU2 tai MU2.<\/p>\n<p>Kuvataiteen lehtori Haapakangas<\/p>\n<\/div>\n","protected":false},"excerpt":{"rendered":"<p>Turun Suomalaisen Yhteiskoulun lukion kuvataidepainotus Esittelyvideo: kuvataidepainotus TSYKin lukion kuvataidepainotus kattaa yhteens\u00e4 15 kurssia. Kurssit tuovat vaihtelua niin merilinjan, luonnontieteen kuin yleislukio-opiskelijoiden lukuj\u00e4rjestykseen\u00a0 ja valmentavat erityisesti visuaalisesta alasta kiinnostuneita.\u00a0\u00a0 Monilla kursseilla ja kurssien ulkopuolella j\u00e4rjestet\u00e4\u00e4n vierailuja ja retki\u00e4 esimerkiksi Helsinkiin ja Tukholmaan vuosittain. Kuvataiteen kursseista KU1-kurssi on suoritettava ensin. Kurssin suositeltava suoritusvuosi on mainittu kurssin &hellip; <a href=\"https:\/\/blog.edu.turku.fi\/tsyk\/kuvataidepainotus\/\" class=\"more-link\">Jatka artikkeliin <span class=\"screen-reader-text\">Kuvataidepainotus<\/span><\/a><\/p>\n","protected":false},"author":2565,"featured_media":0,"parent":0,"menu_order":0,"comment_status":"closed","ping_status":"closed","template":"","meta":{"footnotes":""},"class_list":["post-62","page","type-page","status-publish","hentry"],"_links":{"self":[{"href":"https:\/\/blog.edu.turku.fi\/tsyk\/wp-json\/wp\/v2\/pages\/62","targetHints":{"allow":["GET"]}}],"collection":[{"href":"https:\/\/blog.edu.turku.fi\/tsyk\/wp-json\/wp\/v2\/pages"}],"about":[{"href":"https:\/\/blog.edu.turku.fi\/tsyk\/wp-json\/wp\/v2\/types\/page"}],"author":[{"embeddable":true,"href":"https:\/\/blog.edu.turku.fi\/tsyk\/wp-json\/wp\/v2\/users\/2565"}],"replies":[{"embeddable":true,"href":"https:\/\/blog.edu.turku.fi\/tsyk\/wp-json\/wp\/v2\/comments?post=62"}],"version-history":[{"count":9,"href":"https:\/\/blog.edu.turku.fi\/tsyk\/wp-json\/wp\/v2\/pages\/62\/revisions"}],"predecessor-version":[{"id":3740,"href":"https:\/\/blog.edu.turku.fi\/tsyk\/wp-json\/wp\/v2\/pages\/62\/revisions\/3740"}],"wp:attachment":[{"href":"https:\/\/blog.edu.turku.fi\/tsyk\/wp-json\/wp\/v2\/media?parent=62"}],"curies":[{"name":"wp","href":"https:\/\/api.w.org\/{rel}","templated":true}]}}