{"id":57,"date":"2018-10-15T09:24:36","date_gmt":"2018-10-15T06:24:36","guid":{"rendered":"https:\/\/blog.edu.turku.fi\/tsyk\/?page_id=57"},"modified":"2021-01-18T12:50:02","modified_gmt":"2021-01-18T10:50:02","slug":"luonnontiedelinja","status":"publish","type":"page","link":"https:\/\/blog.edu.turku.fi\/tsyk\/luonnontiedelinja\/","title":{"rendered":"Luonnontiedelukio"},"content":{"rendered":"<p><a href=\"https:\/\/youtu.be\/qXPnkJY2QAM\">Luonnontiedelukion esittelyvideo<\/a><\/p>\n<p><a href=\"https:\/\/drive.google.com\/file\/d\/1fQTafQrVRvRO6OOzSsY9KZakvbfX-vfV\/view?usp=sharing\">Luonnontiedelukion opiskelijan haastattelu<\/a><\/p>\n<p>Luonnontiedelukiossa painotat opintojasi luonnontiedeaineissa: fysiikassa, kemiassa, biologiassa ja maantieteess\u00e4. Sinun on suoritettava v\u00e4hint\u00e4\u00e4n 24 opintopistett\u00e4 linjan mukaisia opintoja. Voit j\u00e4tt\u00e4\u00e4 tietyin ehdoin pois 16 opintopistett\u00e4 muiden kuin luonnontiedeaineiden pakollisista opintojaksoista. Laajan koulukohtaisen opintojaksovalikoiman ansiosta saat linjalla vankan pohjan hyvin monenlaisiin jatko-opintoihin.<\/p>\n<p>Luonnontiedelukion kursseja toteutetaan tiiviiss\u00e4 yhteisty\u00f6ss\u00e4 Turun yliopiston biologian, biokemian, fysiikan, ja kemian laitosten, ammattikorkeakoulun, Turun Ammatti-instituutin ja Turun alueen eri yritysten kanssa. Kursseihin liittyy my\u00f6s maastoretki\u00e4 ja ulkomaille suuntautuvia matkoja.<\/p>\n<p>TSYKin luonnontiedelukiolla on opetus- ja kulttuuriministeri\u00f6n my\u00f6nt\u00e4m\u00e4 erityinen koulutusteht\u00e4v\u00e4 luonnontieteiss\u00e4.<\/p>\n<p><strong>Hae opiskelemaan!<\/strong><\/p>\n<p>Luonnontiedelukioon haetaan kev\u00e4\u00e4n yhteishaussa. Valintaperusteena k\u00e4ytet\u00e4\u00e4n peruskoulun p\u00e4\u00e4tt\u00f6todistuksen lukuaineiden keskiarvoa, jossa matematiikan, fysiikan, kemian, biologian ja maantieteen arvosanat painotetaan kahdella. Yhteishaussa aloituspaikkoja on 75.<\/p>\n<ul>\n<li>60 opintojaksoa fysiikkaa, kemiaa, biologiaa ja maantiedett\u00e4<\/li>\n<li>motivoituneita tieteest\u00e4 kiinnostuneita opiskelukavereita<\/li>\n<li>koulun ulkopuolisia ty\u00f6kursseja kansainv\u00e4lisi\u00e4 projekteja Kanarialta Geneveen<\/li>\n<li>poikkeuksellisen hyv\u00e4t valmiudet jatko-opintoihin<\/li>\n<\/ul>\n","protected":false},"excerpt":{"rendered":"<p>Luonnontiedelukion esittelyvideo Luonnontiedelukion opiskelijan haastattelu Luonnontiedelukiossa painotat opintojasi luonnontiedeaineissa: fysiikassa, kemiassa, biologiassa ja maantieteess\u00e4. Sinun on suoritettava v\u00e4hint\u00e4\u00e4n 24 opintopistett\u00e4 linjan mukaisia opintoja. Voit j\u00e4tt\u00e4\u00e4 tietyin ehdoin pois 16 opintopistett\u00e4 muiden kuin luonnontiedeaineiden pakollisista opintojaksoista. Laajan koulukohtaisen opintojaksovalikoiman ansiosta saat linjalla vankan pohjan hyvin monenlaisiin jatko-opintoihin. Luonnontiedelukion kursseja toteutetaan tiiviiss\u00e4 yhteisty\u00f6ss\u00e4 Turun yliopiston biologian, biokemian, &hellip; <a href=\"https:\/\/blog.edu.turku.fi\/tsyk\/luonnontiedelinja\/\" class=\"more-link\">Jatka artikkeliin <span class=\"screen-reader-text\">Luonnontiedelukio<\/span><\/a><\/p>\n","protected":false},"author":182,"featured_media":0,"parent":0,"menu_order":0,"comment_status":"closed","ping_status":"closed","template":"","meta":{"footnotes":""},"class_list":["post-57","page","type-page","status-publish","hentry"],"_links":{"self":[{"href":"https:\/\/blog.edu.turku.fi\/tsyk\/wp-json\/wp\/v2\/pages\/57","targetHints":{"allow":["GET"]}}],"collection":[{"href":"https:\/\/blog.edu.turku.fi\/tsyk\/wp-json\/wp\/v2\/pages"}],"about":[{"href":"https:\/\/blog.edu.turku.fi\/tsyk\/wp-json\/wp\/v2\/types\/page"}],"author":[{"embeddable":true,"href":"https:\/\/blog.edu.turku.fi\/tsyk\/wp-json\/wp\/v2\/users\/182"}],"replies":[{"embeddable":true,"href":"https:\/\/blog.edu.turku.fi\/tsyk\/wp-json\/wp\/v2\/comments?post=57"}],"version-history":[{"count":13,"href":"https:\/\/blog.edu.turku.fi\/tsyk\/wp-json\/wp\/v2\/pages\/57\/revisions"}],"predecessor-version":[{"id":1570,"href":"https:\/\/blog.edu.turku.fi\/tsyk\/wp-json\/wp\/v2\/pages\/57\/revisions\/1570"}],"wp:attachment":[{"href":"https:\/\/blog.edu.turku.fi\/tsyk\/wp-json\/wp\/v2\/media?parent=57"}],"curies":[{"name":"wp","href":"https:\/\/api.w.org\/{rel}","templated":true}]}}