{"id":54,"date":"2018-10-15T09:22:41","date_gmt":"2018-10-15T06:22:41","guid":{"rendered":"https:\/\/blog.edu.turku.fi\/tsyk\/?page_id=54"},"modified":"2021-01-18T12:52:30","modified_gmt":"2021-01-18T10:52:30","slug":"merilukio","status":"publish","type":"page","link":"https:\/\/blog.edu.turku.fi\/tsyk\/merilukio\/","title":{"rendered":"Merilukio"},"content":{"rendered":"<p><a href=\"https:\/\/www.youtube.com\/watch?v=fDGHJ8442mk&amp;feature=youtu.be\">Merilukion esittelyvideo<\/a><\/p>\n<p><a href=\"https:\/\/www.youtube.com\/watch?v=4JzyZDYZdwQ\">Merilukion opiskelijan haastattelu<\/a><\/p>\n<p>Turun Suomalaisen Yhteiskoulun lukion merilinja on merelli<img loading=\"lazy\" decoding=\"async\" class=\" wp-image-146 alignright\" src=\"https:\/\/blog.edu.turku.fi\/tsyk\/files\/2018\/10\/merilinja-esittely-2-2017-169x300.jpg\" alt=\"\" width=\"183\" height=\"325\" \/>siin opintoihin suuntautunut opintolinja. Lukion merilinjalla opiskellaan lukion valtakunnallisten, pakollisten ja syvent\u00e4vien opintojaksojen ohella erikoisopintojaksoja: matemaattis-luonnontieteellisi\u00e4 aineita, tutkimus- ja ymp\u00e4rist\u00f6aineita, merenkulkua, yritt\u00e4jyytt\u00e4 ja matkailua. Opiskelija voi valita erikoisopintojaksoista\u00a0 haluamansa aineet vapaasti.<\/p>\n<p>Merilinjalla on k\u00e4yt\u00f6ss\u00e4 omat koulualukset. Kaikilla merilinjalaisilla on mahdollisuus osallistua purjehduksille ja suorittaa opintojaan meriolosuhteissa.<\/p>\n<p>Merilinja luo hyv\u00e4t valmiudet jatko-opintoihin. Yhteisty\u00f6 eri oppi- ja tutkimuslaitosten sek\u00e4 merialan yritysten kanssa tarjoaa opiskelijalle hyv\u00e4n mahdollisuuden suorittaa opintoja my\u00f6s toisissa oppilaitoksissa sek\u00e4 tutustua ty\u00f6- ja yritysel\u00e4m\u00e4\u00e4n.<\/p>\n<p>Turun Suomalaisen Yhteiskoulun merilinjalle haetaan valtakunnallisessa yhteishaussa. Valinnassa huomioidaan perusopetuksen lukuaineiden keskiarvo, jossa matematiikan, \u00e4idinkielen ja A1-kielen arvosanoja painotetaan kahdella.<\/p>\n<p>Tule opiskelemaan vetovoimaisia aineita meren \u00e4\u00e4relle!<\/p>\n<p><img loading=\"lazy\" decoding=\"async\" class=\"wp-image-333 alignright\" src=\"https:\/\/blog.edu.turku.fi\/tsyk\/files\/2018\/11\/14102337_859212867542925_1506818884576916998_n-200x200.jpg\" alt=\"\" width=\"287\" height=\"287\" \/><img loading=\"lazy\" decoding=\"async\" class=\"wp-image-330 alignleft\" src=\"https:\/\/blog.edu.turku.fi\/tsyk\/files\/2018\/11\/12391051_736086186522261_3241804679160959542_n-200x200.jpg\" alt=\"\" width=\"285\" height=\"285\" \/><\/p>\n","protected":false},"excerpt":{"rendered":"<p>Merilukion esittelyvideo Merilukion opiskelijan haastattelu Turun Suomalaisen Yhteiskoulun lukion merilinja on merellisiin opintoihin suuntautunut opintolinja. Lukion merilinjalla opiskellaan lukion valtakunnallisten, pakollisten ja syvent\u00e4vien opintojaksojen ohella erikoisopintojaksoja: matemaattis-luonnontieteellisi\u00e4 aineita, tutkimus- ja ymp\u00e4rist\u00f6aineita, merenkulkua, yritt\u00e4jyytt\u00e4 ja matkailua. Opiskelija voi valita erikoisopintojaksoista\u00a0 haluamansa aineet vapaasti. Merilinjalla on k\u00e4yt\u00f6ss\u00e4 omat koulualukset. Kaikilla merilinjalaisilla on mahdollisuus osallistua purjehduksille ja suorittaa &hellip; <a href=\"https:\/\/blog.edu.turku.fi\/tsyk\/merilukio\/\" class=\"more-link\">Jatka artikkeliin <span class=\"screen-reader-text\">Merilukio<\/span><\/a><\/p>\n","protected":false},"author":182,"featured_media":0,"parent":0,"menu_order":0,"comment_status":"closed","ping_status":"closed","template":"","meta":{"footnotes":""},"class_list":["post-54","page","type-page","status-publish","hentry"],"_links":{"self":[{"href":"https:\/\/blog.edu.turku.fi\/tsyk\/wp-json\/wp\/v2\/pages\/54","targetHints":{"allow":["GET"]}}],"collection":[{"href":"https:\/\/blog.edu.turku.fi\/tsyk\/wp-json\/wp\/v2\/pages"}],"about":[{"href":"https:\/\/blog.edu.turku.fi\/tsyk\/wp-json\/wp\/v2\/types\/page"}],"author":[{"embeddable":true,"href":"https:\/\/blog.edu.turku.fi\/tsyk\/wp-json\/wp\/v2\/users\/182"}],"replies":[{"embeddable":true,"href":"https:\/\/blog.edu.turku.fi\/tsyk\/wp-json\/wp\/v2\/comments?post=54"}],"version-history":[{"count":19,"href":"https:\/\/blog.edu.turku.fi\/tsyk\/wp-json\/wp\/v2\/pages\/54\/revisions"}],"predecessor-version":[{"id":1572,"href":"https:\/\/blog.edu.turku.fi\/tsyk\/wp-json\/wp\/v2\/pages\/54\/revisions\/1572"}],"wp:attachment":[{"href":"https:\/\/blog.edu.turku.fi\/tsyk\/wp-json\/wp\/v2\/media?parent=54"}],"curies":[{"name":"wp","href":"https:\/\/api.w.org\/{rel}","templated":true}]}}