{"id":52,"date":"2018-10-15T09:22:25","date_gmt":"2018-10-15T06:22:25","guid":{"rendered":"https:\/\/blog.edu.turku.fi\/tsyk\/?page_id=52"},"modified":"2022-08-19T13:52:48","modified_gmt":"2022-08-19T10:52:48","slug":"yleislukio","status":"publish","type":"page","link":"https:\/\/blog.edu.turku.fi\/tsyk\/yleislukio\/","title":{"rendered":"Yleislukio"},"content":{"rendered":"<p>Tsykin lukio toimii vasta remontoiduissa, toimivissa tiloissa ydinkeskustassa, erinomaisten liikenneyhteyksien \u00e4\u00e4rell\u00e4.<\/p>\n<p>Lukiossamme on monipuolinen ja laaja kurssitarjonta. L\u00e4hes kaikissa oppiaineissa opiskelija voi valita valtakunnallisten kurssien lis\u00e4ksi useita koulukohtaisia syvent\u00e4vi\u00e4 kursseja. Opiskelijalla on n\u00e4in mahdollisuus rakentaa yksil\u00f6llinen opintopolku painottaen itse\u00e4\u00e4n kiinnostavia oppiaineita, esimerkiksi kieli\u00e4, historiaa tai psykologiaa. Yleislukion opiskelijat voivat osallistua my\u00f6s erikoislinjojen kursseihin, mik\u00e4li niiss\u00e4 on tilaa.<\/p>\n<p>My\u00f6s taideaineiden kurssitarjonta on laaja, ja koulup\u00e4ivi\u00e4 voi kevent\u00e4\u00e4 valitsemalla opintoihinsa musiikkia, kuvataidetta ja ilmaisutaitoa. Kursseja voi kerrytt\u00e4\u00e4 esimerkiksi osallistumalla kuoroon, b\u00e4ndiin tai esitysten tekemiseen. Kuvataiteen monipuolisia kursseja, joita esitell\u00e4\u00e4n tarkemmin Kuvataidepainotus-sivulla, voivat valita kaikki Tsykin lukiolaiset.<\/p>\n<p>Tsykiss\u00e4 voi my\u00f6s suorittaa kuvataiteen, musiikin ja liikunnan lukiodiplomin sek\u00e4 puheviestinn\u00e4n p\u00e4\u00e4tt\u00f6kokeen. Tarjolla on lis\u00e4ksi kulttuurikurssi, jonka saa k\u00e4ym\u00e4ll\u00e4 n\u00e4yttelyiss\u00e4, teatterissa, elokuvissa ja muissa kulttuuritapahtumissa.<\/p>\n<p>Opiskelu Tsykin lukiossa on monipuolista ja innostavaa. Perinteisen luokkaopetuksen lis\u00e4ksi teemme useissa oppiaineissa paljon vierailuja ja projektit\u00f6it\u00e4 sek\u00e4 opintomatkoja niin kotimaahan kuin muuallekin Eurooppaan. Lukiossamme kokoontuu my\u00f6s filosofikahvila, jossa harjoitellaan keskustelutaitoja, ja Tiedekahvila, jossa saa vertaistukea k\u00e4yt\u00e4nn\u00f6n opiskeluun.<\/p>\n<p>Opiskelijoiden hyvinvointi on meille t\u00e4rke\u00e4\u00e4. Lukiossamme on terveydenhoitajan, opintopsykologin ja kuraattorin toimipisteet. Opiskelijakunta valitsee vuosittain hallituksen, jonka kautta opiskelijat voivat vaikuttaa yhteisiin asioihin ja esitt\u00e4\u00e4 omia ideoitaan koulun arjen parantamiseksi. Opiskelijakunta my\u00f6s j\u00e4rjest\u00e4\u00e4 yhteisi\u00e4 tapahtumia, joissa vahvistetaan Tsykin henke\u00e4.<\/p>\n<p class=\"ng-scope\">Lukion oppim\u00e4\u00e4r\u00e4 sis\u00e4lt\u00e4\u00e4:<\/p>\n<ul class=\"ng-scope\">\n<li>\u00e4idinkielt\u00e4 ja kirjallisuutta<\/li>\n<li>toista kotimaista kielt\u00e4 ja vieraita kieli\u00e4<\/li>\n<li>matematiikkaa, fysiikkaa, kemiaa, biologiaa ja maantiedett\u00e4<\/li>\n<li>historiaa, yhteiskuntaoppia, psykologiaa ja filosofiaa, terveystietoa, uskontoa tai el\u00e4m\u00e4nkatsomustietoa<\/li>\n<li>liikuntaa ja muita taito- ja taideaineita<\/li>\n<li>opinto-ohjausta<\/li>\n<\/ul>\n","protected":false},"excerpt":{"rendered":"<p>Tsykin lukio toimii vasta remontoiduissa, toimivissa tiloissa ydinkeskustassa, erinomaisten liikenneyhteyksien \u00e4\u00e4rell\u00e4. Lukiossamme on monipuolinen ja laaja kurssitarjonta. L\u00e4hes kaikissa oppiaineissa opiskelija voi valita valtakunnallisten kurssien lis\u00e4ksi useita koulukohtaisia syvent\u00e4vi\u00e4 kursseja. Opiskelijalla on n\u00e4in mahdollisuus rakentaa yksil\u00f6llinen opintopolku painottaen itse\u00e4\u00e4n kiinnostavia oppiaineita, esimerkiksi kieli\u00e4, historiaa tai psykologiaa. Yleislukion opiskelijat voivat osallistua my\u00f6s erikoislinjojen kursseihin, mik\u00e4li niiss\u00e4 &hellip; <a href=\"https:\/\/blog.edu.turku.fi\/tsyk\/yleislukio\/\" class=\"more-link\">Jatka artikkeliin <span class=\"screen-reader-text\">Yleislukio<\/span><\/a><\/p>\n","protected":false},"author":182,"featured_media":0,"parent":0,"menu_order":0,"comment_status":"closed","ping_status":"closed","template":"","meta":{"footnotes":""},"class_list":["post-52","page","type-page","status-publish","hentry"],"_links":{"self":[{"href":"https:\/\/blog.edu.turku.fi\/tsyk\/wp-json\/wp\/v2\/pages\/52","targetHints":{"allow":["GET"]}}],"collection":[{"href":"https:\/\/blog.edu.turku.fi\/tsyk\/wp-json\/wp\/v2\/pages"}],"about":[{"href":"https:\/\/blog.edu.turku.fi\/tsyk\/wp-json\/wp\/v2\/types\/page"}],"author":[{"embeddable":true,"href":"https:\/\/blog.edu.turku.fi\/tsyk\/wp-json\/wp\/v2\/users\/182"}],"replies":[{"embeddable":true,"href":"https:\/\/blog.edu.turku.fi\/tsyk\/wp-json\/wp\/v2\/comments?post=52"}],"version-history":[{"count":11,"href":"https:\/\/blog.edu.turku.fi\/tsyk\/wp-json\/wp\/v2\/pages\/52\/revisions"}],"predecessor-version":[{"id":2320,"href":"https:\/\/blog.edu.turku.fi\/tsyk\/wp-json\/wp\/v2\/pages\/52\/revisions\/2320"}],"wp:attachment":[{"href":"https:\/\/blog.edu.turku.fi\/tsyk\/wp-json\/wp\/v2\/media?parent=52"}],"curies":[{"name":"wp","href":"https:\/\/api.w.org\/{rel}","templated":true}]}}