{"id":379,"date":"2018-11-13T10:30:36","date_gmt":"2018-11-13T08:30:36","guid":{"rendered":"https:\/\/blog.edu.turku.fi\/tsyk\/?page_id=379"},"modified":"2023-10-24T19:20:12","modified_gmt":"2023-10-24T16:20:12","slug":"terveydenhoitaja","status":"publish","type":"page","link":"https:\/\/blog.edu.turku.fi\/tsyk\/terveydenhoitaja\/","title":{"rendered":"Terveydenhoitaja"},"content":{"rendered":"<p>Opiskeluterveydenhuollon tavoitteena on opiskelijoiden terveyden, hyvinvoinnin ja opiskelukyvyn edist\u00e4minen ja seuranta.<\/p>\n<p>Lukion ensimm\u00e4isen vuoden opiskelijat kutsutaan terveydenhoitajan vastaanotolle terveystarkastukseen. L\u00e4\u00e4k\u00e4rintarkastukseen kutsutaan lukion toisen vuoden opiskelijat. Poikien l\u00e4\u00e4k\u00e4rintarkastus pit\u00e4\u00e4 sis\u00e4ll\u00e4\u00e4n asevelvollisuustarkastuksen, my\u00f6s ulkopaikkakuntalaisille opiskelijoille. L\u00e4\u00e4k\u00e4rin vastaanotto toimii ajanvarauksella terveydenhoitajan kautta.<\/p>\n<p>Vastaanotolla annetaan terveyteen liittyv\u00e4\u00e4 ohjausta ja neuvontaa, terveyspalveluja sek\u00e4 huolehditaan rokotusohjelman mukaisista rokotuksista.<\/p>\n<p>Yhteystiedot p. 050-593 7963 sek\u00e4 Wilman kautta.<\/p>\n<p>&nbsp;<\/p>\n","protected":false},"excerpt":{"rendered":"<p>Opiskeluterveydenhuollon tavoitteena on opiskelijoiden terveyden, hyvinvoinnin ja opiskelukyvyn edist\u00e4minen ja seuranta. Lukion ensimm\u00e4isen vuoden opiskelijat kutsutaan terveydenhoitajan vastaanotolle terveystarkastukseen. L\u00e4\u00e4k\u00e4rintarkastukseen kutsutaan lukion toisen vuoden opiskelijat. Poikien l\u00e4\u00e4k\u00e4rintarkastus pit\u00e4\u00e4 sis\u00e4ll\u00e4\u00e4n asevelvollisuustarkastuksen, my\u00f6s ulkopaikkakuntalaisille opiskelijoille. L\u00e4\u00e4k\u00e4rin vastaanotto toimii ajanvarauksella terveydenhoitajan kautta. Vastaanotolla annetaan terveyteen liittyv\u00e4\u00e4 ohjausta ja neuvontaa, terveyspalveluja sek\u00e4 huolehditaan rokotusohjelman mukaisista rokotuksista. Yhteystiedot p. 050-593 &hellip; <a href=\"https:\/\/blog.edu.turku.fi\/tsyk\/terveydenhoitaja\/\" class=\"more-link\">Jatka artikkeliin <span class=\"screen-reader-text\">Terveydenhoitaja<\/span><\/a><\/p>\n","protected":false},"author":182,"featured_media":0,"parent":0,"menu_order":0,"comment_status":"closed","ping_status":"closed","template":"","meta":{"footnotes":""},"class_list":["post-379","page","type-page","status-publish","hentry"],"_links":{"self":[{"href":"https:\/\/blog.edu.turku.fi\/tsyk\/wp-json\/wp\/v2\/pages\/379","targetHints":{"allow":["GET"]}}],"collection":[{"href":"https:\/\/blog.edu.turku.fi\/tsyk\/wp-json\/wp\/v2\/pages"}],"about":[{"href":"https:\/\/blog.edu.turku.fi\/tsyk\/wp-json\/wp\/v2\/types\/page"}],"author":[{"embeddable":true,"href":"https:\/\/blog.edu.turku.fi\/tsyk\/wp-json\/wp\/v2\/users\/182"}],"replies":[{"embeddable":true,"href":"https:\/\/blog.edu.turku.fi\/tsyk\/wp-json\/wp\/v2\/comments?post=379"}],"version-history":[{"count":4,"href":"https:\/\/blog.edu.turku.fi\/tsyk\/wp-json\/wp\/v2\/pages\/379\/revisions"}],"predecessor-version":[{"id":2902,"href":"https:\/\/blog.edu.turku.fi\/tsyk\/wp-json\/wp\/v2\/pages\/379\/revisions\/2902"}],"wp:attachment":[{"href":"https:\/\/blog.edu.turku.fi\/tsyk\/wp-json\/wp\/v2\/media?parent=379"}],"curies":[{"name":"wp","href":"https:\/\/api.w.org\/{rel}","templated":true}]}}