{"id":3692,"date":"2025-09-29T10:57:32","date_gmt":"2025-09-29T07:57:32","guid":{"rendered":"https:\/\/blog.edu.turku.fi\/tsyk\/?page_id=3692"},"modified":"2025-09-29T11:04:35","modified_gmt":"2025-09-29T08:04:35","slug":"opintojen-suunnittelu-ja-eteneminen-2","status":"publish","type":"page","link":"https:\/\/blog.edu.turku.fi\/tsyk\/opintojen-suunnittelu-ja-eteneminen-2\/","title":{"rendered":"Opintojen suunnittelu ja eteneminen"},"content":{"rendered":"<p><strong>Lukio-opintojen rakenne\u00a0<\/strong><\/p>\n<p>Nuorille suunnatun lukiokoulutuksen oppim\u00e4\u00e4r\u00e4n laajuus on 150 opintopistett\u00e4 ja opinnot koostuvat<br \/>\n\u2013 pakollisista opintojaksoista<br \/>\n\u2013 valtakunnallisista valinnaisista opintojaksoista ja<br \/>\n\u2013 lukiokohtaisista muista valinnaisista opintojaksoista<br \/>\n\u2013 erityislukiolinjalla erityislinjan vaadittavista opinnoista<\/p>\n<p>Val\u00adta\u00adkun\u00adnal\u00adli\u00adset va\u00adlin\u00adnai\u00adset opin\u00adto\u00adjak\u00adsot ovat opis\u00adke\u00adli\u00adjoil\u00adle va\u00adlin\u00adnai\u00adsia, oppi\u00adai\u00adneen pa\u00adkol\u00adli\u00adsiin opin\u00adto\u00adjak\u00adsoi\u00adhin liit\u00adty\u00advi\u00e4 opin\u00adto\u00adja, joi\u00adta opis\u00adke\u00adli\u00adjan on va\u00adlit\u00adta\u00adva opin\u00adto-oh\u00adjel\u00admaan\u00adsa v\u00e4\u00adhin\u00adt\u00e4\u00e4n 20 opin\u00adto\u00adpis\u00adteen ver\u00adran.<br \/>\nYli\u00adop\u00adpi\u00adlas\u00adkir\u00adjoi\u00adtus\u00adten teh\u00adt\u00e4\u00adv\u00e4t laa\u00addi\u00adtaan pa\u00adkol\u00adlis\u00adten ja val\u00adta\u00adkun\u00adnal\u00adlis\u00adten va\u00adlin\u00adnais\u00adten opin\u00adto\u00adjen poh\u00adjal\u00adta.<\/p>\n<p>Opis\u00adke\u00adli\u00adjan tu\u00adlee opis\u00adkel\u00adla lu\u00adki\u00adon tun\u00adti\u00adja\u00ados\u00adsa m\u00e4\u00e4\u00adri\u00adtel\u00adlyt pa\u00adkol\u00adli\u00adset opin\u00adto\u00adjak\u00adsot. Ly\u00adhy\u00aden ma\u00adte\u00adma\u00adtii\u00adkan opis\u00adke\u00adli\u00adjoil\u00adla pa\u00adkol\u00adlis\u00adten opin\u00adto\u00adjak\u00adso\u00adjen laa\u00adjuus on 94\u00a0 ja pit\u00adk\u00e4n ma\u00adte\u00adma\u00adtii\u00adkan opis\u00adke\u00adli\u00adjoil\u00adla 102 opin\u00adto\u00adpis\u00adtet\u00adt\u00e4.<\/p>\n<p>Opiskelijan tulee seurata omaa opintojaksokertym\u00e4\u00e4ns\u00e4 koko lukion ajan. O<strong>piskelija on itse vastuussa opintojensa etenemisest\u00e4.<\/strong>\u00a0Ylioppilastodistuksen saaminen edellytt\u00e4\u00e4 hyv\u00e4ksytyn ylioppilastutkinnon lis\u00e4ksi lukion p\u00e4\u00e4tt\u00f6todistuksen saamista eli kaikkien siihen vaadittavien opintojen suorittamista<em>.<\/em><\/p>\n<p><strong>Opintokirja<\/strong><br \/>\nLukiossa pidet\u00e4\u00e4n opiskelijan opinnoista opintokirjaa, josta ilmenev\u00e4t suoritetut opinnot, niiden laajuus (opintopisteet) ja niiden arvosanat. Opiskelijan opintojaksovalinnat- ja suoritukset l\u00f6ytyv\u00e4t Wilmasta (Opinnot-v\u00e4lilehti \u2192 Suoritukset \u2192 klikkaamalla oppiaineen edess\u00e4 +merkki\u00e4 tulevat esille ko. oppiaineen opintojaksojen tiedot)<\/p>\n<p><strong>Opintojakso<\/strong><em><br \/>\n<\/em>Lukion oppiaineita opiskellaan opintojaksoissa. Yhden opintojakson laajuus on 1\u20133 opintopistett\u00e4, yleisimmin 2 opintopistett\u00e4. 2 opintopisteen laajuinen opintojakso vastaa entist\u00e4 lukion kurssia. Opintojaksoon sis\u00e4ltyv\u00e4t sek\u00e4 opetus ett\u00e4 kaikki teht\u00e4v\u00e4t ty\u00f6t ja kokeet. Opintojaksot ovat itsen\u00e4isi\u00e4 kokonaisuuksia ja ne arvioidaan toisistaan riippumatta.<\/p>\n<p><strong>Opintopiste<\/strong><br \/>\nOpintopiste kuvaa opintojen laajuutta. Lukion aikana opiskelijan tulee suorittaa v\u00e4hint\u00e4\u00e4n 150 opintopisteen verran opintoja. Yksi opintopiste vastaa 19 oppituntia, kun oppitunnin pituus on 45 minuuttia.<\/p>\n<p><strong>Opintojaksotarjotin<\/strong><em><br \/>\n<\/em>Opintojaksotarjotin on perusty\u00f6j\u00e4rjestys, johon on merkitty kaikki lukuvuoden aikana tarjottavat opintojaksot. Opintojaksotarjotin on opiskelijan oma vuotuisen opintosuunnitelman perusta.<\/p>\n<p>Kussakin periodissa toteutettavat opintojaksot on j\u00e4rjestetty ns. palkkeihin. Samaan palkkiin sijoitetut opintojaksot opetetaan samalla oppitunnilla, joten voit valita palkista yleens\u00e4 yhden opintojakson. Jos esimerkiksi valitset opintojaksosi kuudesta palkista\/periodi, viikkotuntim\u00e4\u00e4r\u00e4si tulee olemaan noin kahdeksantoista 75 minuutin oppituntia. Pakolliset opintojaksot kannattaa valita suosituksen mukaisesti (ks. opintoseloste).<\/p>\n","protected":false},"excerpt":{"rendered":"<p>Lukio-opintojen rakenne\u00a0 Nuorille suunnatun lukiokoulutuksen oppim\u00e4\u00e4r\u00e4n laajuus on 150 opintopistett\u00e4 ja opinnot koostuvat \u2013 pakollisista opintojaksoista \u2013 valtakunnallisista valinnaisista opintojaksoista ja \u2013 lukiokohtaisista muista valinnaisista opintojaksoista \u2013 erityislukiolinjalla erityislinjan vaadittavista opinnoista Val\u00adta\u00adkun\u00adnal\u00adli\u00adset va\u00adlin\u00adnai\u00adset opin\u00adto\u00adjak\u00adsot ovat opis\u00adke\u00adli\u00adjoil\u00adle va\u00adlin\u00adnai\u00adsia, oppi\u00adai\u00adneen pa\u00adkol\u00adli\u00adsiin opin\u00adto\u00adjak\u00adsoi\u00adhin liit\u00adty\u00advi\u00e4 opin\u00adto\u00adja, joi\u00adta opis\u00adke\u00adli\u00adjan on va\u00adlit\u00adta\u00adva opin\u00adto-oh\u00adjel\u00admaan\u00adsa v\u00e4\u00adhin\u00adt\u00e4\u00e4n 20 opin\u00adto\u00adpis\u00adteen ver\u00adran. Yli\u00adop\u00adpi\u00adlas\u00adkir\u00adjoi\u00adtus\u00adten teh\u00adt\u00e4\u00adv\u00e4t laa\u00addi\u00adtaan pa\u00adkol\u00adlis\u00adten &hellip; <a href=\"https:\/\/blog.edu.turku.fi\/tsyk\/opintojen-suunnittelu-ja-eteneminen-2\/\" class=\"more-link\">Jatka artikkeliin <span class=\"screen-reader-text\">Opintojen suunnittelu ja eteneminen<\/span><\/a><\/p>\n","protected":false},"author":2565,"featured_media":0,"parent":0,"menu_order":0,"comment_status":"closed","ping_status":"closed","template":"","meta":{"footnotes":""},"class_list":["post-3692","page","type-page","status-publish","hentry"],"_links":{"self":[{"href":"https:\/\/blog.edu.turku.fi\/tsyk\/wp-json\/wp\/v2\/pages\/3692","targetHints":{"allow":["GET"]}}],"collection":[{"href":"https:\/\/blog.edu.turku.fi\/tsyk\/wp-json\/wp\/v2\/pages"}],"about":[{"href":"https:\/\/blog.edu.turku.fi\/tsyk\/wp-json\/wp\/v2\/types\/page"}],"author":[{"embeddable":true,"href":"https:\/\/blog.edu.turku.fi\/tsyk\/wp-json\/wp\/v2\/users\/2565"}],"replies":[{"embeddable":true,"href":"https:\/\/blog.edu.turku.fi\/tsyk\/wp-json\/wp\/v2\/comments?post=3692"}],"version-history":[{"count":2,"href":"https:\/\/blog.edu.turku.fi\/tsyk\/wp-json\/wp\/v2\/pages\/3692\/revisions"}],"predecessor-version":[{"id":3695,"href":"https:\/\/blog.edu.turku.fi\/tsyk\/wp-json\/wp\/v2\/pages\/3692\/revisions\/3695"}],"wp:attachment":[{"href":"https:\/\/blog.edu.turku.fi\/tsyk\/wp-json\/wp\/v2\/media?parent=3692"}],"curies":[{"name":"wp","href":"https:\/\/api.w.org\/{rel}","templated":true}]}}