{"id":3418,"date":"2024-10-22T10:46:31","date_gmt":"2024-10-22T07:46:31","guid":{"rendered":"https:\/\/blog.edu.turku.fi\/tsyk\/?page_id=3418"},"modified":"2026-04-13T14:33:08","modified_gmt":"2026-04-13T11:33:08","slug":"ilmoittautuminen-kevaan-2025-yo-tutkintoon","status":"publish","type":"page","link":"https:\/\/blog.edu.turku.fi\/tsyk\/ilmoittautuminen-kevaan-2025-yo-tutkintoon\/","title":{"rendered":"Ilmoittautuminen syksyn 2026 YO-tutkintoon"},"content":{"rendered":"<p><strong>Syksyn 2026 ylioppilaskokeisiin osallistuville lukiomme opiskelijoille j\u00e4rjestet\u00e4\u00e4n YO-info tiistaina 21.4.26 klo 9.45 Teamsiss\u00e4.<\/strong><\/p>\n<p><strong>Ilmoittautuminen syksyn 2026 YO-tutkintoon p\u00e4\u00e4ttyy Wilmassa<br \/>\n<\/strong><strong>keskiviikkona 13.5. klo 12.00.<\/strong><strong><br \/>\n<\/strong><br \/>\n<strong>Syksyn 2026 ylioppilaskokeisiin ilmoittautuvat lukiomme opiskelijat tarkistavat ja allekirjoittavat ilmoittautumislomakkeensa maanantaina 18.5.26 klo 9.45 ryhm\u00e4nohjauksessa.<\/strong><br \/>\n<strong><br \/>\nKev\u00e4\u00e4ll\u00e4 2026 ylioppilaaksi valmistuvat sek\u00e4 korottajat<\/strong> (lukiostamme valmistuneet) ilmoittautuvat syksyn 2026 tutkintoon ottamalla <strong>yhteytt\u00e4 s\u00e4hk\u00f6postitse\u00a0 lukiomme koulusihteeriin lis\u00e4ohjeita varten viimeist\u00e4\u00e4n ti 2.6.2026 klo 12.00 menness\u00e4<\/strong>: maisa.lehvanen@edu.turku.fi.<\/p>\n<p><strong>Annettuja p\u00e4iv\u00e4m\u00e4\u00e4ri\u00e4 on ehdottomasti noudatettava. Ilmoittautuminen on aina sitova<\/strong> eik\u00e4 sit\u00e4 voida mit\u00e4t\u00f6id\u00e4 kuin ainoastaan perustellusta syyst\u00e4 (esim. sairaus tutkinnon aikana, palveluksen este asevelvolliselle). Ilmoittauduttaessa tehtyj\u00e4 valintoja ei voi j\u00e4lkik\u00e4teen muuttaa.<\/p>\n","protected":false},"excerpt":{"rendered":"<p>Syksyn 2026 ylioppilaskokeisiin osallistuville lukiomme opiskelijoille j\u00e4rjestet\u00e4\u00e4n YO-info tiistaina 21.4.26 klo 9.45 Teamsiss\u00e4. Ilmoittautuminen syksyn 2026 YO-tutkintoon p\u00e4\u00e4ttyy Wilmassa keskiviikkona 13.5. klo 12.00. Syksyn 2026 ylioppilaskokeisiin ilmoittautuvat lukiomme opiskelijat tarkistavat ja allekirjoittavat ilmoittautumislomakkeensa maanantaina 18.5.26 klo 9.45 ryhm\u00e4nohjauksessa. Kev\u00e4\u00e4ll\u00e4 2026 ylioppilaaksi valmistuvat sek\u00e4 korottajat (lukiostamme valmistuneet) ilmoittautuvat syksyn 2026 tutkintoon ottamalla yhteytt\u00e4 s\u00e4hk\u00f6postitse\u00a0 lukiomme koulusihteeriin &hellip; <a href=\"https:\/\/blog.edu.turku.fi\/tsyk\/ilmoittautuminen-kevaan-2025-yo-tutkintoon\/\" class=\"more-link\">Jatka artikkeliin <span class=\"screen-reader-text\">Ilmoittautuminen syksyn 2026 YO-tutkintoon<\/span><\/a><\/p>\n","protected":false},"author":2565,"featured_media":0,"parent":0,"menu_order":0,"comment_status":"closed","ping_status":"closed","template":"","meta":{"footnotes":""},"class_list":["post-3418","page","type-page","status-publish","hentry"],"_links":{"self":[{"href":"https:\/\/blog.edu.turku.fi\/tsyk\/wp-json\/wp\/v2\/pages\/3418","targetHints":{"allow":["GET"]}}],"collection":[{"href":"https:\/\/blog.edu.turku.fi\/tsyk\/wp-json\/wp\/v2\/pages"}],"about":[{"href":"https:\/\/blog.edu.turku.fi\/tsyk\/wp-json\/wp\/v2\/types\/page"}],"author":[{"embeddable":true,"href":"https:\/\/blog.edu.turku.fi\/tsyk\/wp-json\/wp\/v2\/users\/2565"}],"replies":[{"embeddable":true,"href":"https:\/\/blog.edu.turku.fi\/tsyk\/wp-json\/wp\/v2\/comments?post=3418"}],"version-history":[{"count":9,"href":"https:\/\/blog.edu.turku.fi\/tsyk\/wp-json\/wp\/v2\/pages\/3418\/revisions"}],"predecessor-version":[{"id":3778,"href":"https:\/\/blog.edu.turku.fi\/tsyk\/wp-json\/wp\/v2\/pages\/3418\/revisions\/3778"}],"wp:attachment":[{"href":"https:\/\/blog.edu.turku.fi\/tsyk\/wp-json\/wp\/v2\/media?parent=3418"}],"curies":[{"name":"wp","href":"https:\/\/api.w.org\/{rel}","templated":true}]}}