{"id":3307,"date":"2024-06-19T14:45:10","date_gmt":"2024-06-19T11:45:10","guid":{"rendered":"https:\/\/blog.edu.turku.fi\/tsyk\/?page_id=3307"},"modified":"2024-06-19T14:45:10","modified_gmt":"2024-06-19T11:45:10","slug":"turvallisuusohjeita","status":"publish","type":"page","link":"https:\/\/blog.edu.turku.fi\/tsyk\/turvallisuusohjeita\/","title":{"rendered":"Turvallisuusohjeita"},"content":{"rendered":"<p>Jokaisessa opetustilassa on poistumis &#8211; ja toimintaohjeet kriisitilanteiden varalle. Poistumiskarttoihin on merkitty my\u00f6s tilaa l\u00e4himm\u00e4t ensisammutuspisteet. Jokaisesta tilasta on merkitty kaksi poistumistiet\u00e4 ulos. Varapoistumistie on merkitty karttoihin vihre\u00e4ll\u00e4 katkoviivalla. Mik\u00e4li pelk\u00e4st\u00e4\u00e4n pihalle poistuminen riitt\u00e4\u00e4, kokoonnutaan pihan reunoille poistumisohjeiden mukaisesti kerroksittain. Kustakin kerroksesta viimeiseksi poistuva ja kaikki tilat tarkastanut opettaja ilmoittaa suojelujohdolle kerroksen olevan tyhj\u00e4.<\/p>\n<p>Jos havaitset koulun alueella selke\u00e4sti turvallisuutta vaarantavan tekij\u00e4n (esim. katolta putoava lumi), siit\u00e4 on ilmoitettava v\u00e4litt\u00f6m\u00e4sti kiinteist\u00f6nhoitajalle, rehtoreille tai turvallisuusvastaava Lauri Ruotsalaiselle.<\/p>\n<p>Kriisitilanteissa on t\u00e4rke\u00e4 toimia rauhallisesti ja noudattaa annettuja ohjeita.<\/p>\n<p><em>\u00a0<\/em><\/p>\n","protected":false},"excerpt":{"rendered":"<p>Jokaisessa opetustilassa on poistumis &#8211; ja toimintaohjeet kriisitilanteiden varalle. Poistumiskarttoihin on merkitty my\u00f6s tilaa l\u00e4himm\u00e4t ensisammutuspisteet. Jokaisesta tilasta on merkitty kaksi poistumistiet\u00e4 ulos. Varapoistumistie on merkitty karttoihin vihre\u00e4ll\u00e4 katkoviivalla. Mik\u00e4li pelk\u00e4st\u00e4\u00e4n pihalle poistuminen riitt\u00e4\u00e4, kokoonnutaan pihan reunoille poistumisohjeiden mukaisesti kerroksittain. Kustakin kerroksesta viimeiseksi poistuva ja kaikki tilat tarkastanut opettaja ilmoittaa suojelujohdolle kerroksen olevan tyhj\u00e4. Jos &hellip; <a href=\"https:\/\/blog.edu.turku.fi\/tsyk\/turvallisuusohjeita\/\" class=\"more-link\">Jatka artikkeliin <span class=\"screen-reader-text\">Turvallisuusohjeita<\/span><\/a><\/p>\n","protected":false},"author":2565,"featured_media":0,"parent":0,"menu_order":0,"comment_status":"closed","ping_status":"closed","template":"","meta":{"footnotes":""},"class_list":["post-3307","page","type-page","status-publish","hentry"],"_links":{"self":[{"href":"https:\/\/blog.edu.turku.fi\/tsyk\/wp-json\/wp\/v2\/pages\/3307","targetHints":{"allow":["GET"]}}],"collection":[{"href":"https:\/\/blog.edu.turku.fi\/tsyk\/wp-json\/wp\/v2\/pages"}],"about":[{"href":"https:\/\/blog.edu.turku.fi\/tsyk\/wp-json\/wp\/v2\/types\/page"}],"author":[{"embeddable":true,"href":"https:\/\/blog.edu.turku.fi\/tsyk\/wp-json\/wp\/v2\/users\/2565"}],"replies":[{"embeddable":true,"href":"https:\/\/blog.edu.turku.fi\/tsyk\/wp-json\/wp\/v2\/comments?post=3307"}],"version-history":[{"count":1,"href":"https:\/\/blog.edu.turku.fi\/tsyk\/wp-json\/wp\/v2\/pages\/3307\/revisions"}],"predecessor-version":[{"id":3308,"href":"https:\/\/blog.edu.turku.fi\/tsyk\/wp-json\/wp\/v2\/pages\/3307\/revisions\/3308"}],"wp:attachment":[{"href":"https:\/\/blog.edu.turku.fi\/tsyk\/wp-json\/wp\/v2\/media?parent=3307"}],"curies":[{"name":"wp","href":"https:\/\/api.w.org\/{rel}","templated":true}]}}