{"id":3302,"date":"2024-06-19T14:41:34","date_gmt":"2024-06-19T11:41:34","guid":{"rendered":"https:\/\/blog.edu.turku.fi\/tsyk\/?page_id=3302"},"modified":"2024-06-19T14:41:34","modified_gmt":"2024-06-19T11:41:34","slug":"seutu-linja","status":"publish","type":"page","link":"https:\/\/blog.edu.turku.fi\/tsyk\/seutu-linja\/","title":{"rendered":"Seutu +linja"},"content":{"rendered":"<p><strong>Koulumatkansa Seutu+ liikenteen linjastolla kulkeva opiskelijalle<br \/>\n<\/strong>Seutu+ linjat ovat Varsinais-Suomessa ja Satakunnassa kaupunkiseutujen (F\u00f6li\/ Turun seudun joukkoliikenne, Paikku\/ Salon joukkoliikenne, Gyyt\/ Rauman joukkoliikenne, PJL\/ Porin joukkoliikenne) ulkopuolella ajettavaa liikennett\u00e4 ja liikennett\u00e4, jota ajetaan kaupunkiseutujen ulkopuolelta keskuskaupunkiin.<\/p>\n<p>Seutuplus.fi sivustolla olevan reittioppaan avulla voi selvitt\u00e4\u00e4, onko oppilaan koulumatka Seutu+ liikenteen aluetta. Huom! Paimio siirtyy osaksi F\u00f6li-aluetta 1.7.2024 alkaen, joten esim. Turku-Paimio on jatkossa F\u00f6li-liikennett\u00e4.<\/p>\n<p>Kun opiskelijan k\u00e4ytt\u00e4m\u00e4 linja on tiedossa, seuraavaksi on hyv\u00e4 hahmottaa, mink\u00e4 kelpoisuusalueen kausilippu matkalle kannattaa hankkia. Kelpoisuusaluekuvaukset l\u00f6ytyv\u00e4t osoitteesta seutuplus.fi\/ Liput ja hinnat\/ Koulumatkatuettu lippu\/ Kelpoisuusalueet ja yhteysv\u00e4lit. Jos kaupungissa tarvitaan jatko- ja vaihtomatkaa oppilaitossiirtymiin, on valittava koulumatkatuettu kausilippu, joka kattaa my\u00f6s ko. matkat.<\/p>\n<p><strong>Opiskelijaa hakee Kelan koulumatkatukea s\u00e4hk\u00f6isesti OmaKelassa:<br \/>\n<\/strong><strong>&#8211; Hanki omat verkkopankkitunnukset tai mobiilivarmenne.<br \/>\n<\/strong><strong>&#8211; Kirjaudu OmaKelaan ja t\u00e4yt\u00e4 koulumatkatuen verkkohakemus.<br \/>\n<\/strong>Jos tarve vain Seutu+ linjaston matkalle &#8211; hakemuksessa tulee valita kulkutavaksi julkinen liikenne ja<u> lipun myyj\u00e4ksi Waltti.<br \/>\n<\/u>Jos tarve Seutu+ linjaston matkalle ja kaupunkiseudun jatko- ja vaihtomatkalle &#8211; hakemuksessa tulee valita kulkutavaksi julkinen liikenne ja <u>molempien matkan osien osalta lipun myyj\u00e4ksi Waltti.<br \/>\n<\/u><strong>&#8211; L\u00e4het\u00e4 hakemus.<br \/>\n<\/strong><strong>&#8211; Katso tieto mahdollisesta osto-oikeudestasi OmaKelasta.<br \/>\n<\/strong><strong>Kun opiskelija on saanut osto-oikeuden, Seutu+ kausilipun hankkiminen on mahdollista. Huom! Lippu kannattaa hankkia kuitenkin vasta, kun opinnot ja kulkeminen alkavat, koska Seutu+ lipun voimassaolo k\u00e4ynnistyy heti ostohetkest\u00e4. Jo ostettua koulumatkatukilippua ei pysty peruuttamaan.<\/strong><\/p>\n<p><strong>\u00a0<\/strong><strong>Opiskelija hankkii Seutu+ koulumatkatuetun kausilipun joko mobiilisovelluksella tai matkakortilla<\/strong><\/p>\n<p><strong>\u00a0<\/strong><strong>Seutu+ koulumatkatuetut kausiliput hankitaan niin sanotulla osto-oikeudella, joka tarkoittaa, ett\u00e4 opiskelijan ei tarvitse maksaa lippua itse tai jos koulumatkaa tuetaan osittain, opiskelija maksaa vain omavastuun osuuden.<u> Kela ei en\u00e4\u00e4 maksa tukiosuutta opiskelijan tilille ns. tavallisista Seutu+ lipuista.<\/u><\/strong><\/p>\n<p>Seutu+ mobiilisovelluksessa lippu valitaan kohdasta &#8217;Kelan koulumatkatuetut liput&#8217; (merkitty keltaisella).<\/p>\n<p>Seutu+ matkakortin voi ladata seutuplus.fi sivuston latauspalvelussa (ks. kohta Seutu+ Palvelusivu). Koulumatkatuetuilla lipuilla on oma v\u00e4lilehtens\u00e4 &#8217;Koulumatkatuki&#8217;. Mik\u00e4li lataat lippua palvelupisteess\u00e4, pyyd\u00e4 selke\u00e4sti koulumatkatuettua lippua ja varaudu todistamaan henkil\u00f6llisyytesi.<\/p>\n<p><strong>\u00a0M<\/strong><strong>uita huomioita<br \/>\n<\/strong><strong>Jos opiskelija k\u00e4ytt\u00e4\u00e4 koulumatkaansa my\u00f6s muita kuin Seutu+ liikenteen vuoroja ja jatko- ja vaihtomatkoilla muita kuin F\u00f6lin, Paikun, Gyytin tai PJL:n vuoroja, h\u00e4nen t\u00e4ytyy varmistaa, mill\u00e4 valinnoilla Kelan hakemus tehd\u00e4\u00e4n. Seutu+ kausilippu ei k\u00e4y mm. kaukoliikenteen autoissa.<br \/>\n<\/strong>Lis\u00e4tietoja:<br \/>\n&#8211; Koulumatkatuen hakeminen -&gt; kela.fi\/ koulumatkatuki<br \/>\n&#8211; Seutu+ liikenne ja koulumatkatuetun lipun hankkiminen -&gt; seutuplus.fi\/ Liput ja hinnat\/ Koulumatkatuettu lippu (FI, SV, ENG)<br \/>\n&#8211; Ep\u00e4selviss\u00e4 tilanteissa kysymyksi\u00e4 voi laittaa osoitteeseen <a href=\"mailto:info.liikenne.varsinais-suomi@ely-keskus.fi\">info.liikenne.varsinais-suomi@ely-keskus.fi<\/a><\/p>\n<p>&nbsp;<\/p>\n","protected":false},"excerpt":{"rendered":"<p>Koulumatkansa Seutu+ liikenteen linjastolla kulkeva opiskelijalle Seutu+ linjat ovat Varsinais-Suomessa ja Satakunnassa kaupunkiseutujen (F\u00f6li\/ Turun seudun joukkoliikenne, Paikku\/ Salon joukkoliikenne, Gyyt\/ Rauman joukkoliikenne, PJL\/ Porin joukkoliikenne) ulkopuolella ajettavaa liikennett\u00e4 ja liikennett\u00e4, jota ajetaan kaupunkiseutujen ulkopuolelta keskuskaupunkiin. Seutuplus.fi sivustolla olevan reittioppaan avulla voi selvitt\u00e4\u00e4, onko oppilaan koulumatka Seutu+ liikenteen aluetta. Huom! Paimio siirtyy osaksi F\u00f6li-aluetta 1.7.2024 &hellip; <a href=\"https:\/\/blog.edu.turku.fi\/tsyk\/seutu-linja\/\" class=\"more-link\">Jatka artikkeliin <span class=\"screen-reader-text\">Seutu +linja<\/span><\/a><\/p>\n","protected":false},"author":2565,"featured_media":0,"parent":0,"menu_order":0,"comment_status":"closed","ping_status":"closed","template":"","meta":{"footnotes":""},"class_list":["post-3302","page","type-page","status-publish","hentry"],"_links":{"self":[{"href":"https:\/\/blog.edu.turku.fi\/tsyk\/wp-json\/wp\/v2\/pages\/3302","targetHints":{"allow":["GET"]}}],"collection":[{"href":"https:\/\/blog.edu.turku.fi\/tsyk\/wp-json\/wp\/v2\/pages"}],"about":[{"href":"https:\/\/blog.edu.turku.fi\/tsyk\/wp-json\/wp\/v2\/types\/page"}],"author":[{"embeddable":true,"href":"https:\/\/blog.edu.turku.fi\/tsyk\/wp-json\/wp\/v2\/users\/2565"}],"replies":[{"embeddable":true,"href":"https:\/\/blog.edu.turku.fi\/tsyk\/wp-json\/wp\/v2\/comments?post=3302"}],"version-history":[{"count":1,"href":"https:\/\/blog.edu.turku.fi\/tsyk\/wp-json\/wp\/v2\/pages\/3302\/revisions"}],"predecessor-version":[{"id":3303,"href":"https:\/\/blog.edu.turku.fi\/tsyk\/wp-json\/wp\/v2\/pages\/3302\/revisions\/3303"}],"wp:attachment":[{"href":"https:\/\/blog.edu.turku.fi\/tsyk\/wp-json\/wp\/v2\/media?parent=3302"}],"curies":[{"name":"wp","href":"https:\/\/api.w.org\/{rel}","templated":true}]}}