{"id":3300,"date":"2024-06-19T14:36:14","date_gmt":"2024-06-19T11:36:14","guid":{"rendered":"https:\/\/blog.edu.turku.fi\/tsyk\/?page_id=3300"},"modified":"2025-09-01T11:51:50","modified_gmt":"2025-09-01T08:51:50","slug":"opiskelijatodistukset-ja-kortit-koulumatkatuki-foli","status":"publish","type":"page","link":"https:\/\/blog.edu.turku.fi\/tsyk\/opiskelijatodistukset-ja-kortit-koulumatkatuki-foli\/","title":{"rendered":"Opiskelijatodistukset ja &#8211; kortit, koulumatkatuki, F\u00f6li"},"content":{"rendered":"<p><strong>Opiskelijatodistukset ja -kortit<\/strong><\/p>\n<p><strong>Suomen lukiolaisten liitto\u00a0<\/strong><strong><br \/>\n<\/strong><a href=\"https:\/\/lukio.fi\/\">Suomen lukiolaisten liiton <\/a>\u00a0j\u00e4senyys on tarkoitettu kaikille lukiolaisille. J\u00e4senen\u00e4 saat Lukiolaisten liiton opiskelijakortin, joka toimii todisteena etuoikeuksistasi ja passina edullisempaan opiskelijael\u00e4m\u00e4\u00e4n. J\u00e4senyys on maksullinen. Lis\u00e4tietoja l\u00f6ytyy liiton sivuilta <a href=\"https:\/\/lukio.fi\/usein-kysyttya\/opiskelijakortti-ja-edut\/\">Opiskelijakortti ja edut | Lukio<\/a><br \/>\nLukiolaisten liitto esittelee toimintaansa TSYKin uusille opiskelijoille syksyll\u00e4. Tarkempi ajankohta ilmoitetaan opiskelijoille Wilmassa.<\/p>\n<p><strong>Matkahuollon opiskelija-alennus\u00a0<\/strong><strong><br \/>\n<\/strong>Opiskelija-alennuksen saa voimassa olevalla opiskelijaj\u00e4rjest\u00f6n kortilla, johon on painettu Matkahuollon logo. L\u00e4hes jokaisella opiskelijalla on mahdollisuus liitty\u00e4 opiskelijaj\u00e4rjest\u00f6\u00f6n, jonka kautta opiskelija saa fyysisen tai sovelluksessa olevan opiskelijakortin. Opiskelijakortista ja sen my\u00f6nt\u00e4misperusteista saa tietoa omalta <a href=\"https:\/\/lukio.fi\/\">opiskelijaj\u00e4rjest\u00f6lt\u00e4<\/a><\/p>\n<p><strong>VR:n opiskelija-alennus\u00a0<\/strong><br \/>\n<a href=\"https:\/\/www.vr.fi\/alennusta-junalipuista\/opiskelija-alennus#opiskelija-alennus\">Junassa lipuntarkastuksen yhteydess\u00e4 tarvitaan voimassa oleva VR:n hyv\u00e4ksym\u00e4n opiskelijakortin.<\/a><\/p>\n<p><strong>\u00a0Koulumatkatuki\u00a0<\/strong><strong><br \/>\n<\/strong><a href=\"https:\/\/www.kela.fi\/documents\/20124\/410408\/selkokielinen-esite-opiskelu-ja-asevelvollisuus.pdf\/10970346-7b45-b956-6dd4-e10aebc801b8?t=1651835035502\">Kela, opiskelijat ja asevelvolliset<br \/>\n<\/a><a href=\"https:\/\/www.kela.fi\/koulumatkatuki\">Kuka voi saada koulumatkatukea? N\u00e4in haet koulumatkatukea.<\/a><\/p>\n<p><strong>F\u00f6lill\u00e4 kulkevat\u00a0<\/strong><strong><br \/>\n<\/strong>Lukiossa tai ammatillisessa oppilaitoksessa opiskelevana voit hakea koulumatkatukea p\u00e4ivitt\u00e4isten koulumatkojesi kustannuksiin. Maksuttomaan koulutukseen oikeutetut opiskelijat saavat Kelan koulumatkatukea erilaisilla ehdoilla kuin muut opiskelijat. F\u00f6li- alueella eli Turussa, Kaarinassa, Liedossa, Raisiossa, Ruskolla, Naantalissa ja Paimiossa koulumatkat ovat maksuttomat, jos koulumatka on yhteen suuntaan yli 7 kilometri\u00e4.<\/p>\n<p>Koulumatkatukea haetaan Kelan s\u00e4hk\u00f6isell\u00e4 hakemuksella OmaKelasta. T\u00e4t\u00e4 varten tarvitset verkko-pankkitunnukset tai mobiilivarmenteen.<br \/>\n&#8211; hakemus tehd\u00e4\u00e4n OmaKelassa. Sen voi tehd\u00e4 my\u00f6s huoltaja. Huomaathan, ett\u00e4hakemuksessa tulee valita kulkutavaksi julkinen liikenne ja lipun myyj\u00e4ksi F\u00f6li.<br \/>\n&#8211; saat osto-oikeuden koulumatkatukikorttiin, virallinen p\u00e4\u00e4t\u00f6s tulee my\u00f6hemmin.<br \/>\n&#8211; etuus pit\u00e4\u00e4 aktivoida k\u00e4ytt\u00f6\u00f6n F\u00f6likaupassa (<a href=\"http:\/\/kauppa.foli.fi\">foli.fi<\/a>). Aktivointi vaatii kirjautumisen palveluun.<br \/>\n&#8211; jos ongelmia ilmenee, olethan yhteydess\u00e4 Kelaan.<br \/>\nJos et omista F\u00f6li-korttia, voit ostaa matkakorttipohjan F\u00f6lin<br \/>\npalvelupisteest\u00e4. Matkakortin voi jatkossa ladata F\u00f6lin palvelupisteiss\u00e4 (ei latauspisteiss\u00e4) ja F\u00f6likaupassa (<a href=\"http:\/\/kauppa.foli.fi\">kauppa.foli.fi<\/a>).<br \/>\nLis\u00e4tietoa:<br \/>\n1. f\u00f6<a href=\"http:\/\/li.fi\/koulumatkatuki\">li.fi\/koulumatkatuki<\/a><br \/>\n2. F\u00f6lin asiakaspalvelu: 02 262 0100<br \/>\n3. Kela: <a href=\"http:\/\/kela.fi\/koulumatkatuki\">kela.fi\/koulumatkatuki<\/a><\/p>\n<p><strong>Matkahuollolla tai oman matkustustavan mukaan kulkevat opiskelijat<\/strong><strong><br \/>\n<\/strong>Opiskelija voi nyt hakea koulumatkatukea lukuvuodelle 2025-2026 s\u00e4hk\u00f6isesti OmaKelassa.<\/p>\n<p>Opiskelijan kannattaa hakea koulumatkatukea OmaKelassa, koska hakemukseen saadaan pohjatietoja, esimerkiksi osoite- ja opiskelutietoja. Opiskelijalle voidaan my\u00f6s muodostaa ohjelmallisesti s\u00e4hk\u00f6inen osto-oikeus koulumatkatukilipun ostamista varten.<\/p>\n<p>Osto-oikeus korvaa aikaisemman ostotodistusmenettelyn. Opiskelija saa osto-oikeuden nopeammin k\u00e4ytt\u00f6\u00f6ns\u00e4 hakemalla tuen OmaKelassa kuin hakemalla tukea paperihakemuksella. Opiskelija voi edelleen hakea tukea my\u00f6s paperilomakkeella, mutta h\u00e4n saa osto-oikeuden koulumatkatuettuun lippuun vasta, kun koulumatkatukihakemus on k\u00e4sitelty Kelassa.<\/p>\n<p>Lukuvuoden 2025\u20132026 koulumatkatuetut liput ostetaan alkaen Matkahuollon Reitit ja Liput -sovelluksesta.<\/p>\n<p>&nbsp;<\/p>\n<p>&nbsp;<\/p>\n<p>&nbsp;<\/p>\n","protected":false},"excerpt":{"rendered":"<p>Opiskelijatodistukset ja -kortit Suomen lukiolaisten liitto\u00a0 Suomen lukiolaisten liiton \u00a0j\u00e4senyys on tarkoitettu kaikille lukiolaisille. J\u00e4senen\u00e4 saat Lukiolaisten liiton opiskelijakortin, joka toimii todisteena etuoikeuksistasi ja passina edullisempaan opiskelijael\u00e4m\u00e4\u00e4n. J\u00e4senyys on maksullinen. Lis\u00e4tietoja l\u00f6ytyy liiton sivuilta Opiskelijakortti ja edut | Lukio Lukiolaisten liitto esittelee toimintaansa TSYKin uusille opiskelijoille syksyll\u00e4. Tarkempi ajankohta ilmoitetaan opiskelijoille Wilmassa. Matkahuollon opiskelija-alennus\u00a0 Opiskelija-alennuksen &hellip; <a href=\"https:\/\/blog.edu.turku.fi\/tsyk\/opiskelijatodistukset-ja-kortit-koulumatkatuki-foli\/\" class=\"more-link\">Jatka artikkeliin <span class=\"screen-reader-text\">Opiskelijatodistukset ja &#8211; kortit, koulumatkatuki, F\u00f6li<\/span><\/a><\/p>\n","protected":false},"author":2565,"featured_media":0,"parent":0,"menu_order":0,"comment_status":"closed","ping_status":"closed","template":"","meta":{"footnotes":""},"class_list":["post-3300","page","type-page","status-publish","hentry"],"_links":{"self":[{"href":"https:\/\/blog.edu.turku.fi\/tsyk\/wp-json\/wp\/v2\/pages\/3300","targetHints":{"allow":["GET"]}}],"collection":[{"href":"https:\/\/blog.edu.turku.fi\/tsyk\/wp-json\/wp\/v2\/pages"}],"about":[{"href":"https:\/\/blog.edu.turku.fi\/tsyk\/wp-json\/wp\/v2\/types\/page"}],"author":[{"embeddable":true,"href":"https:\/\/blog.edu.turku.fi\/tsyk\/wp-json\/wp\/v2\/users\/2565"}],"replies":[{"embeddable":true,"href":"https:\/\/blog.edu.turku.fi\/tsyk\/wp-json\/wp\/v2\/comments?post=3300"}],"version-history":[{"count":2,"href":"https:\/\/blog.edu.turku.fi\/tsyk\/wp-json\/wp\/v2\/pages\/3300\/revisions"}],"predecessor-version":[{"id":3654,"href":"https:\/\/blog.edu.turku.fi\/tsyk\/wp-json\/wp\/v2\/pages\/3300\/revisions\/3654"}],"wp:attachment":[{"href":"https:\/\/blog.edu.turku.fi\/tsyk\/wp-json\/wp\/v2\/media?parent=3300"}],"curies":[{"name":"wp","href":"https:\/\/api.w.org\/{rel}","templated":true}]}}