{"id":3294,"date":"2024-06-19T14:11:39","date_gmt":"2024-06-19T11:11:39","guid":{"rendered":"https:\/\/blog.edu.turku.fi\/tsyk\/?page_id=3294"},"modified":"2025-09-26T16:47:32","modified_gmt":"2025-09-26T13:47:32","slug":"ruokailu-ruokailuvuorot-ja-erityisruokavaliot","status":"publish","type":"page","link":"https:\/\/blog.edu.turku.fi\/tsyk\/ruokailu-ruokailuvuorot-ja-erityisruokavaliot\/","title":{"rendered":"Ruokailu: ruokailuvuorot ja erityisruokavaliot"},"content":{"rendered":"<p>Ruokailu tapahtuu porrastetusti useammassa vuorossa. Kutakin periodia varten tehd\u00e4\u00e4n erikseen ruokavuorot, joita on ehdottomasti noudatettava.<br \/>\nRuokavuorot l\u00f6ytyv\u00e4t lukiomme kotisivuilta.<\/p>\n<p>Hygieniasyist\u00e4 p\u00e4\u00e4llysvaatteet, laukut ja reput on j\u00e4tett\u00e4v\u00e4 naulakoihin tai lokerikkoihin ruokailun ajaksi.<\/p>\n<p><strong>Erityisruokavalio: <a href=\"https:\/\/www.turku.fi\/lukio-ja-ammatillinen-koulutus\/ruokailu-lukioissa\">Ruokailu lukiossa<\/a><br \/>\n<\/strong><\/p>\n<p>Terveydenhoitaja:<br \/>\n&#8211; ohjaa tarvittaessa jatkotutkimuksiin erityisruokavalioita koskevissa asioissa<\/p>\n<p>Opiskelija:<br \/>\n&#8211; opiskelija toimittaa erityisruokavaliota koskevan ilmoituksen suoraan ruokapalveluntuottajalle. Mik\u00e4li opiskelija tarvitsee apua asian selvittelyyn, voi h\u00e4n ottaa yhteytt\u00e4 opiskeluterveydenhuoltoon jatkoselvityksi\u00e4 varten.<\/p>\n<p>Erityisruokavalioiden ilmoittamisessa k\u00e4ytet\u00e4\u00e4n tilaajan lomaketta. Opiskelija ilmoittavat erityisruokavaliot suoraan palveluntuottajalle. Opiskelijat vastaavat itse erityisruokavalioidensa ilmoittamisesta siirtyess\u00e4\u00e4n eri opetuksen toimipisteiden v\u00e4lill\u00e4. Kaikki ruoka tuotetaan laktoosittomana ja kasvisruokavalio toteutetaan p\u00e4\u00e4s\u00e4\u00e4nt\u00f6isesti lakto-ovo-vegetaarisena, vegaaninen ruokavalio on my\u00f6s saatavilla.<br \/>\n<a href=\"https:\/\/www.turku.fi\/sites\/default\/files\/document\/ilmoitus-erityisruokavaliosta_fi_1.pdf\" target=\"_blank\" rel=\"noopener\">Ilmoitus erityisruokavaliosta-lomake<\/a><\/p>\n","protected":false},"excerpt":{"rendered":"<p>Ruokailu tapahtuu porrastetusti useammassa vuorossa. Kutakin periodia varten tehd\u00e4\u00e4n erikseen ruokavuorot, joita on ehdottomasti noudatettava. Ruokavuorot l\u00f6ytyv\u00e4t lukiomme kotisivuilta. Hygieniasyist\u00e4 p\u00e4\u00e4llysvaatteet, laukut ja reput on j\u00e4tett\u00e4v\u00e4 naulakoihin tai lokerikkoihin ruokailun ajaksi. Erityisruokavalio: Ruokailu lukiossa Terveydenhoitaja: &#8211; ohjaa tarvittaessa jatkotutkimuksiin erityisruokavalioita koskevissa asioissa Opiskelija: &#8211; opiskelija toimittaa erityisruokavaliota koskevan ilmoituksen suoraan ruokapalveluntuottajalle. Mik\u00e4li opiskelija tarvitsee apua &hellip; <a href=\"https:\/\/blog.edu.turku.fi\/tsyk\/ruokailu-ruokailuvuorot-ja-erityisruokavaliot\/\" class=\"more-link\">Jatka artikkeliin <span class=\"screen-reader-text\">Ruokailu: ruokailuvuorot ja erityisruokavaliot<\/span><\/a><\/p>\n","protected":false},"author":2565,"featured_media":0,"parent":0,"menu_order":0,"comment_status":"closed","ping_status":"closed","template":"","meta":{"footnotes":""},"class_list":["post-3294","page","type-page","status-publish","hentry"],"_links":{"self":[{"href":"https:\/\/blog.edu.turku.fi\/tsyk\/wp-json\/wp\/v2\/pages\/3294","targetHints":{"allow":["GET"]}}],"collection":[{"href":"https:\/\/blog.edu.turku.fi\/tsyk\/wp-json\/wp\/v2\/pages"}],"about":[{"href":"https:\/\/blog.edu.turku.fi\/tsyk\/wp-json\/wp\/v2\/types\/page"}],"author":[{"embeddable":true,"href":"https:\/\/blog.edu.turku.fi\/tsyk\/wp-json\/wp\/v2\/users\/2565"}],"replies":[{"embeddable":true,"href":"https:\/\/blog.edu.turku.fi\/tsyk\/wp-json\/wp\/v2\/comments?post=3294"}],"version-history":[{"count":5,"href":"https:\/\/blog.edu.turku.fi\/tsyk\/wp-json\/wp\/v2\/pages\/3294\/revisions"}],"predecessor-version":[{"id":3685,"href":"https:\/\/blog.edu.turku.fi\/tsyk\/wp-json\/wp\/v2\/pages\/3294\/revisions\/3685"}],"wp:attachment":[{"href":"https:\/\/blog.edu.turku.fi\/tsyk\/wp-json\/wp\/v2\/media?parent=3294"}],"curies":[{"name":"wp","href":"https:\/\/api.w.org\/{rel}","templated":true}]}}