{"id":3277,"date":"2024-06-17T14:40:47","date_gmt":"2024-06-17T11:40:47","guid":{"rendered":"https:\/\/blog.edu.turku.fi\/tsyk\/?page_id=3277"},"modified":"2024-06-17T14:40:47","modified_gmt":"2024-06-17T11:40:47","slug":"yhteisopedagogi","status":"publish","type":"page","link":"https:\/\/blog.edu.turku.fi\/tsyk\/yhteisopedagogi\/","title":{"rendered":"Yhteis\u00f6pedagogi"},"content":{"rendered":"<p>Yhteis\u00f6pedagogi toimii lukiolla opiskelijoiden parissa ja ty\u00f6skentelee yhteis\u00f6llisyyden ja opiskelijoiden hyvinvoinnin teemojen \u00e4\u00e4rell\u00e4. Yhteis\u00f6pedagogi suunnittelee ja toteuttaa opiskelup\u00e4ivien yhteyteen yhteis\u00f6llisyytt\u00e4 lis\u00e4\u00e4vi\u00e4 toimintoja, luo tilaa kohdatuksi tulemiselle ja lis\u00e4\u00e4 n\u00e4in omalta osaltaan mahdollisuutta opiskelijoiden tutustua toisiinsa.<\/p>\n<p>Yhteis\u00f6pedagogi ker\u00e4\u00e4 opiskelijoilta palautetta ja ideoita liittyen hyvinvointiin, opiskeluissa jaksamiseen ja opiskeluyhteis\u00f6\u00f6n kiinnittymiseen. N\u00e4iden toimintojen pohjalta yhteis\u00f6pedagogi l\u00e4htee ty\u00f6st\u00e4m\u00e4\u00e4n mm. viikkotoimintoja opiskelijoiden tauoille, hyppytunneille ja koulun j\u00e4lkeen.<\/p>\n<p><em>\u00a0<\/em>Yhteis\u00f6pedagogin ty\u00f6parina ty\u00f6skentelee perjantai p\u00e4ivin\u00e4 koulukoira Jedi, joka on koulutettu kasvatus- ja kuntoutuskoira.<\/p>\n<p>Yhteis\u00f6pedagogi on henkil\u00f6, jonka hihaa saa vet\u00e4st\u00e4 ja jonka puoleen k\u00e4\u00e4nty\u00e4. Yhteis\u00f6pedagogin tavoittaa lukuvuonna 2024\u20132025 lukiosta kolmena p\u00e4iv\u00e4n\u00e4 viikossa.<\/p>\n<p>Yhteydenottokanavina toimivat Wilma, Instagram @annika_yhteisopedagogi ja puhelin<br \/>\n044 9074313.<\/p>\n","protected":false},"excerpt":{"rendered":"<p>Yhteis\u00f6pedagogi toimii lukiolla opiskelijoiden parissa ja ty\u00f6skentelee yhteis\u00f6llisyyden ja opiskelijoiden hyvinvoinnin teemojen \u00e4\u00e4rell\u00e4. Yhteis\u00f6pedagogi suunnittelee ja toteuttaa opiskelup\u00e4ivien yhteyteen yhteis\u00f6llisyytt\u00e4 lis\u00e4\u00e4vi\u00e4 toimintoja, luo tilaa kohdatuksi tulemiselle ja lis\u00e4\u00e4 n\u00e4in omalta osaltaan mahdollisuutta opiskelijoiden tutustua toisiinsa. Yhteis\u00f6pedagogi ker\u00e4\u00e4 opiskelijoilta palautetta ja ideoita liittyen hyvinvointiin, opiskeluissa jaksamiseen ja opiskeluyhteis\u00f6\u00f6n kiinnittymiseen. N\u00e4iden toimintojen pohjalta yhteis\u00f6pedagogi l\u00e4htee ty\u00f6st\u00e4m\u00e4\u00e4n mm. &hellip; <a href=\"https:\/\/blog.edu.turku.fi\/tsyk\/yhteisopedagogi\/\" class=\"more-link\">Jatka artikkeliin <span class=\"screen-reader-text\">Yhteis\u00f6pedagogi<\/span><\/a><\/p>\n","protected":false},"author":2565,"featured_media":0,"parent":0,"menu_order":0,"comment_status":"closed","ping_status":"closed","template":"","meta":{"footnotes":""},"class_list":["post-3277","page","type-page","status-publish","hentry"],"_links":{"self":[{"href":"https:\/\/blog.edu.turku.fi\/tsyk\/wp-json\/wp\/v2\/pages\/3277","targetHints":{"allow":["GET"]}}],"collection":[{"href":"https:\/\/blog.edu.turku.fi\/tsyk\/wp-json\/wp\/v2\/pages"}],"about":[{"href":"https:\/\/blog.edu.turku.fi\/tsyk\/wp-json\/wp\/v2\/types\/page"}],"author":[{"embeddable":true,"href":"https:\/\/blog.edu.turku.fi\/tsyk\/wp-json\/wp\/v2\/users\/2565"}],"replies":[{"embeddable":true,"href":"https:\/\/blog.edu.turku.fi\/tsyk\/wp-json\/wp\/v2\/comments?post=3277"}],"version-history":[{"count":1,"href":"https:\/\/blog.edu.turku.fi\/tsyk\/wp-json\/wp\/v2\/pages\/3277\/revisions"}],"predecessor-version":[{"id":3278,"href":"https:\/\/blog.edu.turku.fi\/tsyk\/wp-json\/wp\/v2\/pages\/3277\/revisions\/3278"}],"wp:attachment":[{"href":"https:\/\/blog.edu.turku.fi\/tsyk\/wp-json\/wp\/v2\/media?parent=3277"}],"curies":[{"name":"wp","href":"https:\/\/api.w.org\/{rel}","templated":true}]}}