{"id":3269,"date":"2024-06-17T14:24:22","date_gmt":"2024-06-17T11:24:22","guid":{"rendered":"https:\/\/blog.edu.turku.fi\/tsyk\/?page_id=3269"},"modified":"2024-06-17T14:26:07","modified_gmt":"2024-06-17T11:26:07","slug":"vilppi-ja-plagiointi","status":"publish","type":"page","link":"https:\/\/blog.edu.turku.fi\/tsyk\/vilppi-ja-plagiointi\/","title":{"rendered":"Vilppi ja plagiointi"},"content":{"rendered":"<p>Vilppi\u00e4 on esimerkiksi lunttaus koetilanteessa, suora kopioiminen ilman l\u00e4hdeviitett\u00e4, teko\u00e4lyn tuotoksen esitt\u00e4minen omana suorituksena, aikaisemmin tehtyjen jo arvosteltujen omien tai muiden t\u00f6iden uudelleenk\u00e4ytt\u00e4minen ja kaupanteko suorituksilla. Vilpillisesti tehty\u00e4 suoritusta ei voida arvioida puutteellisen osaamisen n\u00e4yt\u00f6n vuoksi.<\/p>\n<p>Vilppi opintojen suorittamisessa johtaa seuraamuksiin, joita teon t\u00f6rkeys ja toistuvuus huomioiden ovat keskustelu opettajan kanssa, rehtorin puhuttelu, opiskelijan ja tarvittaessa huoltajan kuuleminen, kirjallinen varoitus tai m\u00e4\u00e4r\u00e4aikainen erottaminen. Vilpist\u00e4 ylioppilastutkinnossa s\u00e4\u00e4det\u00e4\u00e4n ylioppilastutkintolaissa. (Ylioppilastutkintolaki 15\u00a7)<\/p>\n<p>Tarkemmat tiedot l\u00f6ytyv\u00e4t kohdasta Turun lukioiden kurinpitosuunnitelma.<\/p>\n","protected":false},"excerpt":{"rendered":"<p>Vilppi\u00e4 on esimerkiksi lunttaus koetilanteessa, suora kopioiminen ilman l\u00e4hdeviitett\u00e4, teko\u00e4lyn tuotoksen esitt\u00e4minen omana suorituksena, aikaisemmin tehtyjen jo arvosteltujen omien tai muiden t\u00f6iden uudelleenk\u00e4ytt\u00e4minen ja kaupanteko suorituksilla. Vilpillisesti tehty\u00e4 suoritusta ei voida arvioida puutteellisen osaamisen n\u00e4yt\u00f6n vuoksi. Vilppi opintojen suorittamisessa johtaa seuraamuksiin, joita teon t\u00f6rkeys ja toistuvuus huomioiden ovat keskustelu opettajan kanssa, rehtorin puhuttelu, opiskelijan ja &hellip; <a href=\"https:\/\/blog.edu.turku.fi\/tsyk\/vilppi-ja-plagiointi\/\" class=\"more-link\">Jatka artikkeliin <span class=\"screen-reader-text\">Vilppi ja plagiointi<\/span><\/a><\/p>\n","protected":false},"author":2565,"featured_media":0,"parent":0,"menu_order":0,"comment_status":"closed","ping_status":"closed","template":"","meta":{"footnotes":""},"class_list":["post-3269","page","type-page","status-publish","hentry"],"_links":{"self":[{"href":"https:\/\/blog.edu.turku.fi\/tsyk\/wp-json\/wp\/v2\/pages\/3269","targetHints":{"allow":["GET"]}}],"collection":[{"href":"https:\/\/blog.edu.turku.fi\/tsyk\/wp-json\/wp\/v2\/pages"}],"about":[{"href":"https:\/\/blog.edu.turku.fi\/tsyk\/wp-json\/wp\/v2\/types\/page"}],"author":[{"embeddable":true,"href":"https:\/\/blog.edu.turku.fi\/tsyk\/wp-json\/wp\/v2\/users\/2565"}],"replies":[{"embeddable":true,"href":"https:\/\/blog.edu.turku.fi\/tsyk\/wp-json\/wp\/v2\/comments?post=3269"}],"version-history":[{"count":2,"href":"https:\/\/blog.edu.turku.fi\/tsyk\/wp-json\/wp\/v2\/pages\/3269\/revisions"}],"predecessor-version":[{"id":3272,"href":"https:\/\/blog.edu.turku.fi\/tsyk\/wp-json\/wp\/v2\/pages\/3269\/revisions\/3272"}],"wp:attachment":[{"href":"https:\/\/blog.edu.turku.fi\/tsyk\/wp-json\/wp\/v2\/media?parent=3269"}],"curies":[{"name":"wp","href":"https:\/\/api.w.org\/{rel}","templated":true}]}}