{"id":3260,"date":"2024-06-12T15:19:16","date_gmt":"2024-06-12T12:19:16","guid":{"rendered":"https:\/\/blog.edu.turku.fi\/tsyk\/?page_id=3260"},"modified":"2025-06-09T13:41:37","modified_gmt":"2025-06-09T10:41:37","slug":"poissaolot-ja-niiden-selvittaminen-2","status":"publish","type":"page","link":"https:\/\/blog.edu.turku.fi\/tsyk\/poissaolot-ja-niiden-selvittaminen-2\/","title":{"rendered":"Poissaolot ja niiden selvitt\u00e4minen"},"content":{"rendered":"<p><strong>Opiskelijan tulee osallistua opetukseen, jollei h\u00e4nelle ole my\u00f6nnetty siit\u00e4 vapautusta <\/strong>(Lukiolaki 30 \u00a7 11.3.2022). Poissaolot on aina selvitett\u00e4v\u00e4 aineenopettajalle mahdollisimman pian. Poissaolon selvitt\u00e4\u00e4 huoltaja, t\u00e4ysi-ik\u00e4inen opiskelija itse, l\u00e4\u00e4k\u00e4ri tai terveydenhoitaja. Alaik\u00e4inen opiskelija ei voi itse selvitt\u00e4\u00e4 poissaolojaan Wilmassa.<\/p>\n<p>Hyv\u00e4ksyttyj\u00e4 poissaolojen syit\u00e4 ovat esimerkiksi sairaus, koulun edustusteht\u00e4v\u00e4 ja opintomatka.<\/p>\n<p>Ennalta tiedettyyn poissaoloon on aina pyydett\u00e4v\u00e4 lupa etuk\u00e4teen Wilmassa. Poissaolopyynn\u00f6t 1\u20133 p\u00e4iv\u00e4lt\u00e4 osoitetaan ryhm\u00e4nohjaajalle ja yli 3 p\u00e4iv\u00e4n rehtorille.<\/p>\n<p>Opiskelijan tulee ennen poissaoloaan selvitt\u00e4\u00e4 opintojakson opettajilta poissaolon ajalla opiskeltavat asiat ja tehd\u00e4 n\u00e4m\u00e4 itsen\u00e4isesti.<br \/>\nLomamatka kouluaikana ei oikeuta tukiopetukseen.<\/p>\n<p><strong>Mik\u00e4li opiskelija sairastuu koeviikolla, huoltajan tai t\u00e4ysi-ik\u00e4isen opiskelijan\u00a0tulee ilmoittaa heti koep\u00e4iv\u00e4n\u00e4 poissaolosta aineenopettajalle Wilman viestill\u00e4 tai s\u00e4hk\u00f6postitse.<\/strong> Mik\u00e4li poissaoloa ei ole selvitetty opettajalle, ei opiskelijalla ole oikeutta osallistua uusintakokeeseen.<\/p>\n<p>Jos poissaolon selvitt\u00e4minen koep\u00e4iv\u00e4n\u00e4 on mahdotonta, se on teht\u00e4v\u00e4 uusintakokeen ilmoittautumisp\u00e4iv\u00e4\u00e4n menness\u00e4. T\u00e4ll\u00f6in selvitykseksi kelpaa vain l\u00e4\u00e4k\u00e4rin tai terveydenhoitajan todistus. Muutoin menet\u00e4t oikeuden osallistua uusintakokeeseen ja opintojaksosuorituksesi mit\u00e4t\u00f6ityy.<em><br \/>\n<\/em><\/p>\n","protected":false},"excerpt":{"rendered":"<p>Opiskelijan tulee osallistua opetukseen, jollei h\u00e4nelle ole my\u00f6nnetty siit\u00e4 vapautusta (Lukiolaki 30 \u00a7 11.3.2022). Poissaolot on aina selvitett\u00e4v\u00e4 aineenopettajalle mahdollisimman pian. Poissaolon selvitt\u00e4\u00e4 huoltaja, t\u00e4ysi-ik\u00e4inen opiskelija itse, l\u00e4\u00e4k\u00e4ri tai terveydenhoitaja. Alaik\u00e4inen opiskelija ei voi itse selvitt\u00e4\u00e4 poissaolojaan Wilmassa. Hyv\u00e4ksyttyj\u00e4 poissaolojen syit\u00e4 ovat esimerkiksi sairaus, koulun edustusteht\u00e4v\u00e4 ja opintomatka. Ennalta tiedettyyn poissaoloon on aina pyydett\u00e4v\u00e4 lupa &hellip; <a href=\"https:\/\/blog.edu.turku.fi\/tsyk\/poissaolot-ja-niiden-selvittaminen-2\/\" class=\"more-link\">Jatka artikkeliin <span class=\"screen-reader-text\">Poissaolot ja niiden selvitt\u00e4minen<\/span><\/a><\/p>\n","protected":false},"author":2565,"featured_media":0,"parent":0,"menu_order":0,"comment_status":"closed","ping_status":"closed","template":"","meta":{"footnotes":""},"class_list":["post-3260","page","type-page","status-publish","hentry"],"_links":{"self":[{"href":"https:\/\/blog.edu.turku.fi\/tsyk\/wp-json\/wp\/v2\/pages\/3260","targetHints":{"allow":["GET"]}}],"collection":[{"href":"https:\/\/blog.edu.turku.fi\/tsyk\/wp-json\/wp\/v2\/pages"}],"about":[{"href":"https:\/\/blog.edu.turku.fi\/tsyk\/wp-json\/wp\/v2\/types\/page"}],"author":[{"embeddable":true,"href":"https:\/\/blog.edu.turku.fi\/tsyk\/wp-json\/wp\/v2\/users\/2565"}],"replies":[{"embeddable":true,"href":"https:\/\/blog.edu.turku.fi\/tsyk\/wp-json\/wp\/v2\/comments?post=3260"}],"version-history":[{"count":4,"href":"https:\/\/blog.edu.turku.fi\/tsyk\/wp-json\/wp\/v2\/pages\/3260\/revisions"}],"predecessor-version":[{"id":3606,"href":"https:\/\/blog.edu.turku.fi\/tsyk\/wp-json\/wp\/v2\/pages\/3260\/revisions\/3606"}],"wp:attachment":[{"href":"https:\/\/blog.edu.turku.fi\/tsyk\/wp-json\/wp\/v2\/media?parent=3260"}],"curies":[{"name":"wp","href":"https:\/\/api.w.org\/{rel}","templated":true}]}}