{"id":3255,"date":"2024-06-12T15:06:02","date_gmt":"2024-06-12T12:06:02","guid":{"rendered":"https:\/\/blog.edu.turku.fi\/tsyk\/?page_id=3255"},"modified":"2025-08-20T13:02:59","modified_gmt":"2025-08-20T10:02:59","slug":"hylatyn-opintojakson-uusinta-ja-hyvaksytyn-opintojakson-korottaminen","status":"publish","type":"page","link":"https:\/\/blog.edu.turku.fi\/tsyk\/hylatyn-opintojakson-uusinta-ja-hyvaksytyn-opintojakson-korottaminen\/","title":{"rendered":"Hyl\u00e4tyn opintojakson uusinta ja hyv\u00e4ksytyn opintojakson korottaminen"},"content":{"rendered":"<p><strong>Hyl\u00e4tyn opintojakson uusinta<br \/>\n<\/strong><\/p>\n<p>Hyl\u00e4tyn opintojakson voi suorittaa<br \/>\n1) osallistumalla kerran uusintakuulusteluun ensisijaisesti seuraavassa uusintakokeessa. Ilmoittautuminen uusintakokeeseen on sitova.<br \/>\n2) osallistumalla uudelleen opintojaksolle ja siit\u00e4 j\u00e4rjestett\u00e4v\u00e4\u00e4n kokeeseen.<br \/>\n3) opiskelemalla opintojakson itsen\u00e4isesti. T\u00e4m\u00e4 edellytt\u00e4\u00e4 aina ensin opiskelijan keskustelua opinto-ohjaajan ja aineenopettajan kanssa<\/p>\n<p><strong>Hyv\u00e4ksytyn opintojakson korottaminen<\/strong><\/p>\n<p>Hyv\u00e4ksytyn opintojakson korostusta voi yritt\u00e4\u00e4 vain kerran yleisess\u00e4 koetilaisuudessa:<br \/>\n&#8211; periodien 4-5 arvosanoja korotetaan p\u00e4\u00e4s\u00e4\u00e4nt\u00f6isesti lokakuun yleisess\u00e4 koetilaisuudessa<br \/>\n&#8211; periodien 1-3 periodin arvosanoja huhtikuun yleisess\u00e4 koetilaisuudessa.<\/p>\n<p>Korottaminen on suoritettava kuitenkin viimeist\u00e4\u00e4n vuoden kuluessa opintojakson kokeesta.<\/p>\n","protected":false},"excerpt":{"rendered":"<p>Hyl\u00e4tyn opintojakson uusinta Hyl\u00e4tyn opintojakson voi suorittaa 1) osallistumalla kerran uusintakuulusteluun ensisijaisesti seuraavassa uusintakokeessa. Ilmoittautuminen uusintakokeeseen on sitova. 2) osallistumalla uudelleen opintojaksolle ja siit\u00e4 j\u00e4rjestett\u00e4v\u00e4\u00e4n kokeeseen. 3) opiskelemalla opintojakson itsen\u00e4isesti. T\u00e4m\u00e4 edellytt\u00e4\u00e4 aina ensin opiskelijan keskustelua opinto-ohjaajan ja aineenopettajan kanssa Hyv\u00e4ksytyn opintojakson korottaminen Hyv\u00e4ksytyn opintojakson korostusta voi yritt\u00e4\u00e4 vain kerran yleisess\u00e4 koetilaisuudessa: &#8211; periodien 4-5 &hellip; <a href=\"https:\/\/blog.edu.turku.fi\/tsyk\/hylatyn-opintojakson-uusinta-ja-hyvaksytyn-opintojakson-korottaminen\/\" class=\"more-link\">Jatka artikkeliin <span class=\"screen-reader-text\">Hyl\u00e4tyn opintojakson uusinta ja hyv\u00e4ksytyn opintojakson korottaminen<\/span><\/a><\/p>\n","protected":false},"author":2565,"featured_media":0,"parent":0,"menu_order":0,"comment_status":"closed","ping_status":"closed","template":"","meta":{"footnotes":""},"class_list":["post-3255","page","type-page","status-publish","hentry"],"_links":{"self":[{"href":"https:\/\/blog.edu.turku.fi\/tsyk\/wp-json\/wp\/v2\/pages\/3255","targetHints":{"allow":["GET"]}}],"collection":[{"href":"https:\/\/blog.edu.turku.fi\/tsyk\/wp-json\/wp\/v2\/pages"}],"about":[{"href":"https:\/\/blog.edu.turku.fi\/tsyk\/wp-json\/wp\/v2\/types\/page"}],"author":[{"embeddable":true,"href":"https:\/\/blog.edu.turku.fi\/tsyk\/wp-json\/wp\/v2\/users\/2565"}],"replies":[{"embeddable":true,"href":"https:\/\/blog.edu.turku.fi\/tsyk\/wp-json\/wp\/v2\/comments?post=3255"}],"version-history":[{"count":5,"href":"https:\/\/blog.edu.turku.fi\/tsyk\/wp-json\/wp\/v2\/pages\/3255\/revisions"}],"predecessor-version":[{"id":3649,"href":"https:\/\/blog.edu.turku.fi\/tsyk\/wp-json\/wp\/v2\/pages\/3255\/revisions\/3649"}],"wp:attachment":[{"href":"https:\/\/blog.edu.turku.fi\/tsyk\/wp-json\/wp\/v2\/media?parent=3255"}],"curies":[{"name":"wp","href":"https:\/\/api.w.org\/{rel}","templated":true}]}}